{"id":1067,"date":"2026-03-10T12:06:53","date_gmt":"2026-03-10T12:06:53","guid":{"rendered":"https:\/\/cyan-dinosaur-128523.hostingersite.com\/?page_id=1067"},"modified":"2026-03-11T12:22:53","modified_gmt":"2026-03-11T12:22:53","slug":"sacs-selon-lusage","status":"publish","type":"page","link":"https:\/\/bolsaplastshop.com\/fr\/bolsas-segun-uso\/","title":{"rendered":"Sachets selon l'utilisation"},"content":{"rendered":"<!DOCTYPE html PUBLIC \"-\/\/W3C\/\/DTD HTML 4.0 Transitional\/\/EN\" \"http:\/\/www.w3.org\/TR\/REC-html40\/loose.dtd\">\n<?xml encoding=\"utf-8\" ?><html><body><p>Nos sacs sont destin\u00e9s \u00e0 une grande vari\u00e9t\u00e9 de march\u00e9s et d'applications. Nos formats standard constituent une bonne solution pour pratiquement tous les secteurs ou utilisations n\u00e9cessaires. Nous travaillons habituellement avec 4 types de mat\u00e9riaux qui couvrent un large \u00e9ventail de secteurs et offrent des caract\u00e9ristiques sp\u00e9cifiques telles que : une barri\u00e8re \u00e0 l'oxyg\u00e8ne, \u00e0 la lumi\u00e8re, \u00e0 la vapeur d'eau, etc.<\/p>\n<p>Disponible de mani\u00e8re habituelle, 5 mesures standard (de 100 ml \u00e0 1 litre de capacit\u00e9). Ces capacit\u00e9s et la possibilit\u00e9 de choisir entre 4 groupes de mat\u00e9riaux offrent de tr\u00e8s nombreuses options pour le produit \u00e0 conditionner.<\/p>\n<p>De la m\u00eame mani\u00e8re, si les options standardis\u00e9es ne r\u00e9pondent pas enti\u00e8rement \u00e0 vos besoins, nous pouvons personnaliser les sacs par impression num\u00e9rique (pour les petites quantit\u00e9s) et par flexographie pour les plus grandes.<\/p>\n<p>Les produits de Bolsaplast sont aptes au contact alimentaire et sont fabriqu\u00e9s selon les r\u00e9glementations en vigueur et les proc\u00e9dures n\u00e9cessaires pour le garantir.<\/p>\n<p>\u00c0 titre de r\u00e9f\u00e9rence, nous joignons un tableau o\u00f9 sont pr\u00e9sent\u00e9es quelques-unes des typologies de mat\u00e9riaux et d'emballages les plus courantes :<\/p>\n<\/body><\/html>","protected":false},"excerpt":{"rendered":"<p>Nuestras bolsas est&aacute;n orientadas a una gran variedad de mercados y aplicaciones. Nuestros formatos est&aacute;ndar, son una buena soluci&oacute;n para pr&aacute;cticamente cualquier sector o uso que se precise. De manera est&aacute;ndar trabajamos habitualmente con 4 tipos de materiales que cubren un amplio espectro de sectores y ofrecen caracter&iacute;sticas espec&iacute;ficas como: barrera al ox&iacute;geno, a la [&hellip;]<\/p>\n","protected":false},"author":1,"featured_media":0,"parent":0,"menu_order":0,"comment_status":"closed","ping_status":"closed","template":"page-pare.php","meta":{"_acf_changed":false,"footnotes":""},"class_list":["post-1067","page","type-page","status-publish","hentry"],"acf":[],"yoast_head":"<!-- This site is optimized with the Yoast SEO plugin v27.3 - https:\/\/yoast.com\/product\/yoast-seo-wordpress\/ -->\n<title>Bolsas seg\u00fan uso - Bolsaplast Shop<\/title>\n<meta name=\"robots\" content=\"index, follow, max-snippet:-1, max-image-preview:large, max-video-preview:-1\" \/>\n<link rel=\"canonical\" href=\"https:\/\/cyan-dinosaur-128523.hostingersite.com\/bolsas-segun-uso\/\" \/>\n<meta property=\"og:locale\" content=\"fr_FR\" \/>\n<meta property=\"og:type\" content=\"article\" \/>\n<meta property=\"og:title\" content=\"Bolsas seg\u00fan uso - Bolsaplast Shop\" \/>\n<meta property=\"og:description\" content=\"Nuestras bolsas est&aacute;n orientadas a una gran variedad de mercados y aplicaciones. Nuestros formatos est&aacute;ndar, son una buena soluci&oacute;n para pr&aacute;cticamente cualquier sector o uso que se precise. De manera est&aacute;ndar trabajamos habitualmente con 4 tipos de materiales que cubren un amplio espectro de sectores y ofrecen caracter&iacute;sticas espec&iacute;ficas como: barrera al ox&iacute;geno, a la [&hellip;]\" \/>\n<meta property=\"og:url\" content=\"https:\/\/cyan-dinosaur-128523.hostingersite.com\/bolsas-segun-uso\/\" \/>\n<meta property=\"og:site_name\" content=\"Bolsaplast Shop\" \/>\n<meta property=\"article:modified_time\" content=\"2026-03-11T12:22:53+00:00\" \/>\n<meta name=\"twitter:card\" content=\"summary_large_image\" \/>\n<meta name=\"twitter:label1\" content=\"Dur\u00e9e de lecture estim\u00e9e\" \/>\n\t<meta name=\"twitter:data1\" content=\"1 minute\" \/>\n<script type=\"application\/ld+json\" class=\"yoast-schema-graph\">{\"@context\":\"https:\\\/\\\/schema.org\",\"@graph\":[{\"@type\":\"WebPage\",\"@id\":\"https:\\\/\\\/cyan-dinosaur-128523.hostingersite.com\\\/bolsas-segun-uso\\\/\",\"url\":\"https:\\\/\\\/cyan-dinosaur-128523.hostingersite.com\\\/bolsas-segun-uso\\\/\",\"name\":\"Bolsas seg\u00fan uso - Bolsaplast Shop\",\"isPartOf\":{\"@id\":\"https:\\\/\\\/cyan-dinosaur-128523.hostingersite.com\\\/#website\"},\"datePublished\":\"2026-03-10T12:06:53+00:00\",\"dateModified\":\"2026-03-11T12:22:53+00:00\",\"breadcrumb\":{\"@id\":\"https:\\\/\\\/cyan-dinosaur-128523.hostingersite.com\\\/bolsas-segun-uso\\\/#breadcrumb\"},\"inLanguage\":\"fr-FR\",\"potentialAction\":[{\"@type\":\"ReadAction\",\"target\":[\"https:\\\/\\\/cyan-dinosaur-128523.hostingersite.com\\\/bolsas-segun-uso\\\/\"]}]},{\"@type\":\"BreadcrumbList\",\"@id\":\"https:\\\/\\\/cyan-dinosaur-128523.hostingersite.com\\\/bolsas-segun-uso\\\/#breadcrumb\",\"itemListElement\":[{\"@type\":\"ListItem\",\"position\":1,\"name\":\"Portada\",\"item\":\"https:\\\/\\\/bolsaplastshop.com\\\/\"},{\"@type\":\"ListItem\",\"position\":2,\"name\":\"Bolsas seg\u00fan uso\"}]},{\"@type\":\"WebSite\",\"@id\":\"https:\\\/\\\/cyan-dinosaur-128523.hostingersite.com\\\/#website\",\"url\":\"https:\\\/\\\/cyan-dinosaur-128523.hostingersite.com\\\/\",\"name\":\"Bolsaplast Shop\",\"description\":\"Especializados en packaging flexible y medical packaging\",\"potentialAction\":[{\"@type\":\"SearchAction\",\"target\":{\"@type\":\"EntryPoint\",\"urlTemplate\":\"https:\\\/\\\/cyan-dinosaur-128523.hostingersite.com\\\/?s={search_term_string}\"},\"query-input\":{\"@type\":\"PropertyValueSpecification\",\"valueRequired\":true,\"valueName\":\"search_term_string\"}}],\"inLanguage\":\"fr-FR\"}]}<\/script>\n<!-- \/ Yoast SEO plugin. -->","yoast_head_json":{"title":"Sacs selon usage - Bolsaplast Shop","robots":{"index":"index","follow":"follow","max-snippet":"max-snippet:-1","max-image-preview":"max-image-preview:large","max-video-preview":"max-video-preview:-1"},"canonical":"https:\/\/cyan-dinosaur-128523.hostingersite.com\/bolsas-segun-uso\/","og_locale":"fr_FR","og_type":"article","og_title":"Bolsas seg\u00fan uso - Bolsaplast Shop","og_description":"Nuestras bolsas est&aacute;n orientadas a una gran variedad de mercados y aplicaciones. Nuestros formatos est&aacute;ndar, son una buena soluci&oacute;n para pr&aacute;cticamente cualquier sector o uso que se precise. De manera est&aacute;ndar trabajamos habitualmente con 4 tipos de materiales que cubren un amplio espectro de sectores y ofrecen caracter&iacute;sticas espec&iacute;ficas como: barrera al ox&iacute;geno, a la [&hellip;]","og_url":"https:\/\/cyan-dinosaur-128523.hostingersite.com\/bolsas-segun-uso\/","og_site_name":"Bolsaplast Shop","article_modified_time":"2026-03-11T12:22:53+00:00","twitter_card":"summary_large_image","twitter_misc":{"Dur\u00e9e de lecture estim\u00e9e":"1 minute"},"schema":{"@context":"https:\/\/schema.org","@graph":[{"@type":"WebPage","@id":"https:\/\/cyan-dinosaur-128523.hostingersite.com\/bolsas-segun-uso\/","url":"https:\/\/cyan-dinosaur-128523.hostingersite.com\/bolsas-segun-uso\/","name":"Sacs selon usage - Bolsaplast Shop","isPartOf":{"@id":"https:\/\/cyan-dinosaur-128523.hostingersite.com\/#website"},"datePublished":"2026-03-10T12:06:53+00:00","dateModified":"2026-03-11T12:22:53+00:00","breadcrumb":{"@id":"https:\/\/cyan-dinosaur-128523.hostingersite.com\/bolsas-segun-uso\/#breadcrumb"},"inLanguage":"fr-FR","potentialAction":[{"@type":"ReadAction","target":["https:\/\/cyan-dinosaur-128523.hostingersite.com\/bolsas-segun-uso\/"]}]},{"@type":"BreadcrumbList","@id":"https:\/\/cyan-dinosaur-128523.hostingersite.com\/bolsas-segun-uso\/#breadcrumb","itemListElement":[{"@type":"ListItem","position":1,"name":"Portada","item":"https:\/\/bolsaplastshop.com\/"},{"@type":"ListItem","position":2,"name":"Bolsas seg\u00fan uso"}]},{"@type":"WebSite","@id":"https:\/\/cyan-dinosaur-128523.hostingersite.com\/#website","url":"https:\/\/cyan-dinosaur-128523.hostingersite.com\/","name":"Bolsaplast Boutique","description":"Sp\u00e9cialis\u00e9 dans l'emballage flexible et l'emballage m\u00e9dical","potentialAction":[{"@type":"SearchAction","target":{"@type":"EntryPoint","urlTemplate":"https:\/\/cyan-dinosaur-128523.hostingersite.com\/?s={search_term_string}"},"query-input":{"@type":"PropertyValueSpecification","valueRequired":true,"valueName":"search_term_string"}}],"inLanguage":"fr-FR"}]}},"_links":{"self":[{"href":"https:\/\/bolsaplastshop.com\/fr\/wp-json\/wp\/v2\/pages\/1067","targetHints":{"allow":["GET"]}}],"collection":[{"href":"https:\/\/bolsaplastshop.com\/fr\/wp-json\/wp\/v2\/pages"}],"about":[{"href":"https:\/\/bolsaplastshop.com\/fr\/wp-json\/wp\/v2\/types\/page"}],"author":[{"embeddable":true,"href":"https:\/\/bolsaplastshop.com\/fr\/wp-json\/wp\/v2\/users\/1"}],"replies":[{"embeddable":true,"href":"https:\/\/bolsaplastshop.com\/fr\/wp-json\/wp\/v2\/comments?post=1067"}],"version-history":[{"count":2,"href":"https:\/\/bolsaplastshop.com\/fr\/wp-json\/wp\/v2\/pages\/1067\/revisions"}],"predecessor-version":[{"id":1150,"href":"https:\/\/bolsaplastshop.com\/fr\/wp-json\/wp\/v2\/pages\/1067\/revisions\/1150"}],"wp:attachment":[{"href":"https:\/\/bolsaplastshop.com\/fr\/wp-json\/wp\/v2\/media?parent=1067"}],"curies":[{"name":"wp","href":"https:\/\/api.w.org\/{rel}","templated":true}]}}