{"id":1069,"date":"2026-03-10T12:08:46","date_gmt":"2026-03-10T12:08:46","guid":{"rendered":"https:\/\/cyan-dinosaur-128523.hostingersite.com\/?page_id=1069"},"modified":"2026-03-11T10:27:08","modified_gmt":"2026-03-11T10:27:08","slug":"emballage-alimentaire","status":"publish","type":"page","link":"https:\/\/bolsaplastshop.com\/fr\/bolsas-segun-uso\/packaging-para-alimentacion\/","title":{"rendered":"Emballage alimentaire"},"content":{"rendered":"<!DOCTYPE html PUBLIC \"-\/\/W3C\/\/DTD HTML 4.0 Transitional\/\/EN\" \"http:\/\/www.w3.org\/TR\/REC-html40\/loose.dtd\">\n<?xml encoding=\"utf-8\" ?><html><body><p>Nous adapter au client et trouver le produit parfait pour son emballage est l'une de nos priorit\u00e9s. Nous avons plus <strong>de 50 ans d'exp\u00e9rience dans le secteur de l'emballage alimentaire<\/strong> et pendant cette p\u00e9riode nous avons travaill\u00e9 pour offrir une gamme de sachets diff\u00e9renci\u00e9s pour tous types de produits alimentaires.<\/p>\n<p>Saumon, friandises, yaourt \u00e0 boire, viandes de premi\u00e8re qualit\u00e9\u2026 sont parmi les aliments que nous avons trait\u00e9s, gr\u00e2ce \u00e0 notre expertise pour <strong>cr\u00e9er l'emballage id\u00e9al pour chaque occasion<\/strong>.<\/p>\n<p>Nos sachets peuvent \u00eatre fabriqu\u00e9s \u00e0 partir de plusieurs mat\u00e9riaux, tels que l' <strong><a href=\"https:\/\/bolsaplastshop.com\/fr\/bolsas-aluminio.html\/\">aluminium<\/a>, le <a href=\"https:\/\/bolsaplastshop.com\/fr\/bolsas-metalizadas.html\/\">le m\u00e9tallis\u00e9<\/a>, le <a href=\"https:\/\/bolsaplastshop.com\/fr\/bolsa-papel-metalizadas.html\/\">papier<\/a> ou le <a href=\"https:\/\/bolsaplastshop.com\/fr\/bolsas-transparentes.html\/\">plastique transparent<\/a>, <\/strong>en fonction des besoins finaux. Notre intention est de mettre en valeur le contenu en rayon, de le prot\u00e9ger de tous les agents ext\u00e9rieurs, de donner une image plus \u00e9cologique ou d'emballer avec une grande rigidit\u00e9 et consistance.<\/p>\n<p>Les sachets Bolsaplast respectent toujours la r\u00e9glementation en vigueur dans le domaine alimentaire afin que le produit qu'ils contiennent puisse \u00eatre consomm\u00e9 par le client final en toute s\u00e9curit\u00e9, en \u00e9vitant que le mat\u00e9riau n'interf\u00e8re avec son go\u00fbt ou ses propri\u00e9t\u00e9s.<\/p>\n<p>Nous misons sur une <strong>grande vari\u00e9t\u00e9 de formes et de dimensions<\/strong>, qui nous permet de personnaliser l'emballage des produits alimentaires en fonction de la forme et de la taille de leur contenu. Notre catalogue de sachets pr\u00e9-fabriqu\u00e9s offre \u00e9galement un large \u00e9ventail de possibilit\u00e9s pour les fermetures de sachets. La personnalisation des finitions est l'un de nos atouts, vous pourrez donc choisir les \u00e9l\u00e9ments de fermeture les plus adapt\u00e9s \u00e0 votre produit alimentaire : valves, zips, refermetures automatiques, toutes sortes de d\u00e9coupes ou d'ouvertures faciles sont quelques exemples de finitions que vous pourrez choisir pour votre emballage.<\/p>\n<p>Bolsaplast est sp\u00e9cialis\u00e9 dans la personnalisation des sachets en impression &nbsp;<strong>flexographie<\/strong> comme en <strong>impression num\u00e9rique<\/strong> Par cons\u00e9quent, en tenant compte des besoins de d\u00e9coration du sac, vous pourrez choisir le syst\u00e8me d'impression le plus adapt\u00e9 \u00e0 vos tirages, en obtenant le prix le plus comp\u00e9titif.<\/p>\n<\/body><\/html>","protected":false},"excerpt":{"rendered":"<p>Adaptarnos al cliente y encontrar el producto perfecto para su packaging es una de nuestras prioridades. Contamos con m&aacute;s de 50 a&ntilde;os de experiencia en el sector del packaging para productos alimenticios y en este per&iacute;odo hemos &nbsp;trabajado para ofrecer &nbsp;una gama de bolsas diferenciadas para todo tipo de productos de alimentaci&oacute;n. Salm&oacute;n, chucher&iacute;as, yogurt [&hellip;]<\/p>\n","protected":false},"author":1,"featured_media":1073,"parent":1067,"menu_order":0,"comment_status":"closed","ping_status":"closed","template":"page-producte.php","meta":{"_acf_changed":false,"footnotes":""},"class_list":["post-1069","page","type-page","status-publish","has-post-thumbnail","hentry"],"acf":[],"yoast_head":"<!-- This site is optimized with the Yoast SEO plugin v27.3 - https:\/\/yoast.com\/product\/yoast-seo-wordpress\/ -->\n<title>Packaging para alimentaci\u00f3n - Bolsaplast Shop<\/title>\n<meta name=\"robots\" content=\"index, follow, max-snippet:-1, max-image-preview:large, max-video-preview:-1\" \/>\n<link rel=\"canonical\" href=\"https:\/\/cyan-dinosaur-128523.hostingersite.com\/bolsas-segun-uso\/packaging-para-alimentacion\/\" \/>\n<meta property=\"og:locale\" content=\"fr_FR\" \/>\n<meta property=\"og:type\" content=\"article\" \/>\n<meta property=\"og:title\" content=\"Packaging para alimentaci\u00f3n - Bolsaplast Shop\" \/>\n<meta property=\"og:description\" content=\"Adaptarnos al cliente y encontrar el producto perfecto para su packaging es una de nuestras prioridades. Contamos con m&aacute;s de 50 a&ntilde;os de experiencia en el sector del packaging para productos alimenticios y en este per&iacute;odo hemos &nbsp;trabajado para ofrecer &nbsp;una gama de bolsas diferenciadas para todo tipo de productos de alimentaci&oacute;n. Salm&oacute;n, chucher&iacute;as, yogurt [&hellip;]\" \/>\n<meta property=\"og:url\" content=\"https:\/\/cyan-dinosaur-128523.hostingersite.com\/bolsas-segun-uso\/packaging-para-alimentacion\/\" \/>\n<meta property=\"og:site_name\" content=\"Bolsaplast Shop\" \/>\n<meta property=\"article:modified_time\" content=\"2026-03-11T10:27:08+00:00\" \/>\n<meta property=\"og:image\" content=\"https:\/\/cyan-dinosaur-128523.hostingersite.com\/wp-content\/uploads\/2026\/03\/ChatGPT-Image-10-de-marc-del-2026-13_29_07-683x1024.png\" \/>\n\t<meta property=\"og:image:width\" content=\"683\" \/>\n\t<meta property=\"og:image:height\" content=\"1024\" \/>\n\t<meta property=\"og:image:type\" content=\"image\/png\" \/>\n<meta name=\"twitter:card\" content=\"summary_large_image\" \/>\n<meta name=\"twitter:label1\" content=\"Dur\u00e9e de lecture estim\u00e9e\" \/>\n\t<meta name=\"twitter:data1\" content=\"2 minutes\" \/>\n<script type=\"application\/ld+json\" class=\"yoast-schema-graph\">{\"@context\":\"https:\\\/\\\/schema.org\",\"@graph\":[{\"@type\":\"WebPage\",\"@id\":\"https:\\\/\\\/cyan-dinosaur-128523.hostingersite.com\\\/bolsas-segun-uso\\\/packaging-para-alimentacion\\\/\",\"url\":\"https:\\\/\\\/cyan-dinosaur-128523.hostingersite.com\\\/bolsas-segun-uso\\\/packaging-para-alimentacion\\\/\",\"name\":\"Packaging para alimentaci\u00f3n - Bolsaplast Shop\",\"isPartOf\":{\"@id\":\"https:\\\/\\\/cyan-dinosaur-128523.hostingersite.com\\\/#website\"},\"primaryImageOfPage\":{\"@id\":\"https:\\\/\\\/cyan-dinosaur-128523.hostingersite.com\\\/bolsas-segun-uso\\\/packaging-para-alimentacion\\\/#primaryimage\"},\"image\":{\"@id\":\"https:\\\/\\\/cyan-dinosaur-128523.hostingersite.com\\\/bolsas-segun-uso\\\/packaging-para-alimentacion\\\/#primaryimage\"},\"thumbnailUrl\":\"https:\\\/\\\/bolsaplastshop.com\\\/wp-content\\\/uploads\\\/2026\\\/03\\\/ChatGPT-Image-10-de-marc-del-2026-13_29_07.png\",\"datePublished\":\"2026-03-10T12:08:46+00:00\",\"dateModified\":\"2026-03-11T10:27:08+00:00\",\"breadcrumb\":{\"@id\":\"https:\\\/\\\/cyan-dinosaur-128523.hostingersite.com\\\/bolsas-segun-uso\\\/packaging-para-alimentacion\\\/#breadcrumb\"},\"inLanguage\":\"fr-FR\",\"potentialAction\":[{\"@type\":\"ReadAction\",\"target\":[\"https:\\\/\\\/cyan-dinosaur-128523.hostingersite.com\\\/bolsas-segun-uso\\\/packaging-para-alimentacion\\\/\"]}]},{\"@type\":\"ImageObject\",\"inLanguage\":\"fr-FR\",\"@id\":\"https:\\\/\\\/cyan-dinosaur-128523.hostingersite.com\\\/bolsas-segun-uso\\\/packaging-para-alimentacion\\\/#primaryimage\",\"url\":\"https:\\\/\\\/bolsaplastshop.com\\\/wp-content\\\/uploads\\\/2026\\\/03\\\/ChatGPT-Image-10-de-marc-del-2026-13_29_07.png\",\"contentUrl\":\"https:\\\/\\\/bolsaplastshop.com\\\/wp-content\\\/uploads\\\/2026\\\/03\\\/ChatGPT-Image-10-de-marc-del-2026-13_29_07.png\",\"width\":1024,\"height\":1536},{\"@type\":\"BreadcrumbList\",\"@id\":\"https:\\\/\\\/cyan-dinosaur-128523.hostingersite.com\\\/bolsas-segun-uso\\\/packaging-para-alimentacion\\\/#breadcrumb\",\"itemListElement\":[{\"@type\":\"ListItem\",\"position\":1,\"name\":\"Portada\",\"item\":\"https:\\\/\\\/bolsaplastshop.com\\\/\"},{\"@type\":\"ListItem\",\"position\":2,\"name\":\"Bolsas seg\u00fan uso\",\"item\":\"https:\\\/\\\/cyan-dinosaur-128523.hostingersite.com\\\/bolsas-segun-uso\\\/\"},{\"@type\":\"ListItem\",\"position\":3,\"name\":\"Packaging para alimentaci\u00f3n\"}]},{\"@type\":\"WebSite\",\"@id\":\"https:\\\/\\\/cyan-dinosaur-128523.hostingersite.com\\\/#website\",\"url\":\"https:\\\/\\\/cyan-dinosaur-128523.hostingersite.com\\\/\",\"name\":\"Bolsaplast Shop\",\"description\":\"Especializados en packaging flexible y medical packaging\",\"potentialAction\":[{\"@type\":\"SearchAction\",\"target\":{\"@type\":\"EntryPoint\",\"urlTemplate\":\"https:\\\/\\\/cyan-dinosaur-128523.hostingersite.com\\\/?s={search_term_string}\"},\"query-input\":{\"@type\":\"PropertyValueSpecification\",\"valueRequired\":true,\"valueName\":\"search_term_string\"}}],\"inLanguage\":\"fr-FR\"}]}<\/script>\n<!-- \/ Yoast SEO plugin. -->","yoast_head_json":{"title":"Emballage alimentaire - Bolsaplast Shop","robots":{"index":"index","follow":"follow","max-snippet":"max-snippet:-1","max-image-preview":"max-image-preview:large","max-video-preview":"max-video-preview:-1"},"canonical":"https:\/\/cyan-dinosaur-128523.hostingersite.com\/bolsas-segun-uso\/packaging-para-alimentacion\/","og_locale":"fr_FR","og_type":"article","og_title":"Packaging para alimentaci\u00f3n - Bolsaplast Shop","og_description":"Adaptarnos al cliente y encontrar el producto perfecto para su packaging es una de nuestras prioridades. Contamos con m&aacute;s de 50 a&ntilde;os de experiencia en el sector del packaging para productos alimenticios y en este per&iacute;odo hemos &nbsp;trabajado para ofrecer &nbsp;una gama de bolsas diferenciadas para todo tipo de productos de alimentaci&oacute;n. Salm&oacute;n, chucher&iacute;as, yogurt [&hellip;]","og_url":"https:\/\/cyan-dinosaur-128523.hostingersite.com\/bolsas-segun-uso\/packaging-para-alimentacion\/","og_site_name":"Bolsaplast Shop","article_modified_time":"2026-03-11T10:27:08+00:00","og_image":[{"width":683,"height":1024,"url":"https:\/\/cyan-dinosaur-128523.hostingersite.com\/wp-content\/uploads\/2026\/03\/ChatGPT-Image-10-de-marc-del-2026-13_29_07-683x1024.png","type":"image\/png"}],"twitter_card":"summary_large_image","twitter_misc":{"Dur\u00e9e de lecture estim\u00e9e":"2 minutes"},"schema":{"@context":"https:\/\/schema.org","@graph":[{"@type":"WebPage","@id":"https:\/\/cyan-dinosaur-128523.hostingersite.com\/bolsas-segun-uso\/packaging-para-alimentacion\/","url":"https:\/\/cyan-dinosaur-128523.hostingersite.com\/bolsas-segun-uso\/packaging-para-alimentacion\/","name":"Emballage alimentaire - Bolsaplast Shop","isPartOf":{"@id":"https:\/\/cyan-dinosaur-128523.hostingersite.com\/#website"},"primaryImageOfPage":{"@id":"https:\/\/cyan-dinosaur-128523.hostingersite.com\/bolsas-segun-uso\/packaging-para-alimentacion\/#primaryimage"},"image":{"@id":"https:\/\/cyan-dinosaur-128523.hostingersite.com\/bolsas-segun-uso\/packaging-para-alimentacion\/#primaryimage"},"thumbnailUrl":"https:\/\/bolsaplastshop.com\/wp-content\/uploads\/2026\/03\/ChatGPT-Image-10-de-marc-del-2026-13_29_07.png","datePublished":"2026-03-10T12:08:46+00:00","dateModified":"2026-03-11T10:27:08+00:00","breadcrumb":{"@id":"https:\/\/cyan-dinosaur-128523.hostingersite.com\/bolsas-segun-uso\/packaging-para-alimentacion\/#breadcrumb"},"inLanguage":"fr-FR","potentialAction":[{"@type":"ReadAction","target":["https:\/\/cyan-dinosaur-128523.hostingersite.com\/bolsas-segun-uso\/packaging-para-alimentacion\/"]}]},{"@type":"ImageObject","inLanguage":"fr-FR","@id":"https:\/\/cyan-dinosaur-128523.hostingersite.com\/bolsas-segun-uso\/packaging-para-alimentacion\/#primaryimage","url":"https:\/\/bolsaplastshop.com\/wp-content\/uploads\/2026\/03\/ChatGPT-Image-10-de-marc-del-2026-13_29_07.png","contentUrl":"https:\/\/bolsaplastshop.com\/wp-content\/uploads\/2026\/03\/ChatGPT-Image-10-de-marc-del-2026-13_29_07.png","width":1024,"height":1536},{"@type":"BreadcrumbList","@id":"https:\/\/cyan-dinosaur-128523.hostingersite.com\/bolsas-segun-uso\/packaging-para-alimentacion\/#breadcrumb","itemListElement":[{"@type":"ListItem","position":1,"name":"Portada","item":"https:\/\/bolsaplastshop.com\/"},{"@type":"ListItem","position":2,"name":"Bolsas seg\u00fan uso","item":"https:\/\/cyan-dinosaur-128523.hostingersite.com\/bolsas-segun-uso\/"},{"@type":"ListItem","position":3,"name":"Packaging para alimentaci\u00f3n"}]},{"@type":"WebSite","@id":"https:\/\/cyan-dinosaur-128523.hostingersite.com\/#website","url":"https:\/\/cyan-dinosaur-128523.hostingersite.com\/","name":"Bolsaplast Boutique","description":"Sp\u00e9cialis\u00e9 dans l'emballage flexible et l'emballage m\u00e9dical","potentialAction":[{"@type":"SearchAction","target":{"@type":"EntryPoint","urlTemplate":"https:\/\/cyan-dinosaur-128523.hostingersite.com\/?s={search_term_string}"},"query-input":{"@type":"PropertyValueSpecification","valueRequired":true,"valueName":"search_term_string"}}],"inLanguage":"fr-FR"}]}},"_links":{"self":[{"href":"https:\/\/bolsaplastshop.com\/fr\/wp-json\/wp\/v2\/pages\/1069","targetHints":{"allow":["GET"]}}],"collection":[{"href":"https:\/\/bolsaplastshop.com\/fr\/wp-json\/wp\/v2\/pages"}],"about":[{"href":"https:\/\/bolsaplastshop.com\/fr\/wp-json\/wp\/v2\/types\/page"}],"author":[{"embeddable":true,"href":"https:\/\/bolsaplastshop.com\/fr\/wp-json\/wp\/v2\/users\/1"}],"replies":[{"embeddable":true,"href":"https:\/\/bolsaplastshop.com\/fr\/wp-json\/wp\/v2\/comments?post=1069"}],"version-history":[{"count":2,"href":"https:\/\/bolsaplastshop.com\/fr\/wp-json\/wp\/v2\/pages\/1069\/revisions"}],"predecessor-version":[{"id":1109,"href":"https:\/\/bolsaplastshop.com\/fr\/wp-json\/wp\/v2\/pages\/1069\/revisions\/1109"}],"up":[{"embeddable":true,"href":"https:\/\/bolsaplastshop.com\/fr\/wp-json\/wp\/v2\/pages\/1067"}],"wp:featuredmedia":[{"embeddable":true,"href":"https:\/\/bolsaplastshop.com\/fr\/wp-json\/wp\/v2\/media\/1073"}],"wp:attachment":[{"href":"https:\/\/bolsaplastshop.com\/fr\/wp-json\/wp\/v2\/media?parent=1069"}],"curies":[{"name":"wp","href":"https:\/\/api.w.org\/{rel}","templated":true}]}}