{"id":1074,"date":"2026-03-10T14:05:01","date_gmt":"2026-03-10T14:05:01","guid":{"rendered":"https:\/\/cyan-dinosaur-128523.hostingersite.com\/?page_id=1074"},"modified":"2026-03-11T10:20:20","modified_gmt":"2026-03-11T10:20:20","slug":"sacs-a-cafe","status":"publish","type":"page","link":"https:\/\/bolsaplastshop.com\/fr\/bolsas-segun-uso\/bolsas-para-cafe\/","title":{"rendered":"Sachets pour caf\u00e9"},"content":{"rendered":"<!DOCTYPE html PUBLIC \"-\/\/W3C\/\/DTD HTML 4.0 Transitional\/\/EN\" \"http:\/\/www.w3.org\/TR\/REC-html40\/loose.dtd\">\n<?xml encoding=\"utf-8\" ?><html><body><p>Nous connaissons la valeur d'un grain de caf\u00e9 fra\u00eechement torr\u00e9fi\u00e9, c'est pourquoi nous avons mis toute notre meilleure technologie dans la conception des sachets \u00e0 caf\u00e9. Nos produits destin\u00e9s \u00e0 l'<strong>&nbsp;emballage de caf\u00e9<\/strong>&nbsp;sont fabriqu\u00e9s avec des mat\u00e9riaux sp\u00e9ciaux qui emp\u00eachent l'oxydation et pr\u00e9servent la saveur et les propri\u00e9t\u00e9s du caf\u00e9, qu'il soit moulu, grill\u00e9 ou en grains.<\/p>\n<p>Maintenir l'ar\u00f4me et les saveurs particuli\u00e8res du grain de caf\u00e9 sans renoncer \u00e0 un emballage attrayant est notre priorit\u00e9. Et, dans ce but, nous vous recommandons les&nbsp;<strong>sacs en aluminium<\/strong>&nbsp;ou en&nbsp;<strong>papier avec une couche de m\u00e9tal PET.<\/strong><\/p>\n<p>En ce qui concerne le design, vous pourrez choisir parmi une large vari\u00e9t\u00e9 de formes, du c\u00e9l\u00e8bre doypack aux sachets \u00e0 soudure dorsale, id\u00e9aux pour la conservation du caf\u00e9. Notre emballage pour caf\u00e9 est disponible en 5 tailles standardis\u00e9es, de 100 ml \u00e0 1 litre.<\/p>\n<p>La&nbsp;<strong>valve<\/strong>&nbsp;d\u00e9gazeuse, que nous recommandons et incluons en option dans les finitions standard de ces emballages \u00e0 caf\u00e9, permet d'\u00e9quilibrer la pression ext\u00e9rieure et int\u00e9rieure. Ainsi, lorsque le grain fra\u00eechement torr\u00e9fi\u00e9  est introduit, la valve permet \u00e0 l'air chaud de s'\u00e9chapper par un c\u00f4t\u00e9 jusqu'\u00e0 ce que le produit soit \u00e9quilibr\u00e9, puis la valve se ferme compl\u00e8tement, emp\u00eachant la corrosion du caf\u00e9.<\/p>\n<p>Notre produit est id\u00e9al pour les petits producteurs, car nous&nbsp;<strong>nous sommes sp\u00e9cialis\u00e9s dans la production d'emballages pour petites s\u00e9ries<\/strong>. Nous disposons d'un syst\u00e8me d'&nbsp;<strong>impression num\u00e9rique&nbsp;<\/strong>qui vous permettra de personnaliser votre packaging \u00e0 votre guise avec la plus haute qualit\u00e9. De cette mani\u00e8re, vous pourrez personnaliser vos sacs \u00e0 caf\u00e9 selon vos envies, en changeant m\u00eame les encres et les couleurs toutes les quelques unit\u00e9s sans augmenter les co\u00fbts.<\/p>\n<p>Nos rotatives sont \u00e9galement pr\u00e9par\u00e9es pour les grandes s\u00e9ries, et dans ce cas nous personnaliserions votre emballage de caf\u00e9 par flexographie, en obtenant la qualit\u00e9 maximale au co\u00fbt le plus bas possible.<\/p>\n<\/body><\/html>","protected":false},"excerpt":{"rendered":"<p>Conocemos el valor de un grano de caf&eacute; reci&eacute;n tostado y por eso hemos puesto toda nuestra mejor tecnolog&iacute;a en el dise&ntilde;o de las bolsas para caf&eacute;. Nuestros productos destinados al&nbsp;envasado de caf&eacute;&nbsp;est&aacute;n elaborados con materiales especiales que evitan la oxidaci&oacute;n y mantienen el sabor y las propiedades del caf&eacute;, ya sea molido, tostado o [&hellip;]<\/p>\n","protected":false},"author":1,"featured_media":1081,"parent":1067,"menu_order":0,"comment_status":"closed","ping_status":"closed","template":"page-producte.php","meta":{"_acf_changed":false,"footnotes":""},"class_list":["post-1074","page","type-page","status-publish","has-post-thumbnail","hentry"],"acf":[],"yoast_head":"<!-- This site is optimized with the Yoast SEO plugin v27.3 - https:\/\/yoast.com\/product\/yoast-seo-wordpress\/ -->\n<title>Bolsas para caf\u00e9 - Bolsaplast Shop<\/title>\n<meta name=\"robots\" content=\"index, follow, max-snippet:-1, max-image-preview:large, max-video-preview:-1\" \/>\n<link rel=\"canonical\" href=\"https:\/\/cyan-dinosaur-128523.hostingersite.com\/bolsas-segun-uso\/bolsas-para-cafe\/\" \/>\n<meta property=\"og:locale\" content=\"fr_FR\" \/>\n<meta property=\"og:type\" content=\"article\" \/>\n<meta property=\"og:title\" content=\"Bolsas para caf\u00e9 - Bolsaplast Shop\" \/>\n<meta property=\"og:description\" content=\"Conocemos el valor de un grano de caf&eacute; reci&eacute;n tostado y por eso hemos puesto toda nuestra mejor tecnolog&iacute;a en el dise&ntilde;o de las bolsas para caf&eacute;. Nuestros productos destinados al&nbsp;envasado de caf&eacute;&nbsp;est&aacute;n elaborados con materiales especiales que evitan la oxidaci&oacute;n y mantienen el sabor y las propiedades del caf&eacute;, ya sea molido, tostado o [&hellip;]\" \/>\n<meta property=\"og:url\" content=\"https:\/\/cyan-dinosaur-128523.hostingersite.com\/bolsas-segun-uso\/bolsas-para-cafe\/\" \/>\n<meta property=\"og:site_name\" content=\"Bolsaplast Shop\" \/>\n<meta property=\"article:modified_time\" content=\"2026-03-11T10:20:20+00:00\" \/>\n<meta property=\"og:image\" content=\"https:\/\/cyan-dinosaur-128523.hostingersite.com\/wp-content\/uploads\/2026\/03\/ChatGPT-Image-10-de-marc-del-2026-13_30_07-683x1024.png\" \/>\n\t<meta property=\"og:image:width\" content=\"683\" \/>\n\t<meta property=\"og:image:height\" content=\"1024\" \/>\n\t<meta property=\"og:image:type\" content=\"image\/png\" \/>\n<meta name=\"twitter:card\" content=\"summary_large_image\" \/>\n<meta name=\"twitter:label1\" content=\"Dur\u00e9e de lecture estim\u00e9e\" \/>\n\t<meta name=\"twitter:data1\" content=\"2 minutes\" \/>\n<script type=\"application\/ld+json\" class=\"yoast-schema-graph\">{\"@context\":\"https:\\\/\\\/schema.org\",\"@graph\":[{\"@type\":\"WebPage\",\"@id\":\"https:\\\/\\\/cyan-dinosaur-128523.hostingersite.com\\\/bolsas-segun-uso\\\/bolsas-para-cafe\\\/\",\"url\":\"https:\\\/\\\/cyan-dinosaur-128523.hostingersite.com\\\/bolsas-segun-uso\\\/bolsas-para-cafe\\\/\",\"name\":\"Bolsas para caf\u00e9 - Bolsaplast Shop\",\"isPartOf\":{\"@id\":\"https:\\\/\\\/cyan-dinosaur-128523.hostingersite.com\\\/#website\"},\"primaryImageOfPage\":{\"@id\":\"https:\\\/\\\/cyan-dinosaur-128523.hostingersite.com\\\/bolsas-segun-uso\\\/bolsas-para-cafe\\\/#primaryimage\"},\"image\":{\"@id\":\"https:\\\/\\\/cyan-dinosaur-128523.hostingersite.com\\\/bolsas-segun-uso\\\/bolsas-para-cafe\\\/#primaryimage\"},\"thumbnailUrl\":\"https:\\\/\\\/bolsaplastshop.com\\\/wp-content\\\/uploads\\\/2026\\\/03\\\/ChatGPT-Image-10-de-marc-del-2026-13_30_07.png\",\"datePublished\":\"2026-03-10T14:05:01+00:00\",\"dateModified\":\"2026-03-11T10:20:20+00:00\",\"breadcrumb\":{\"@id\":\"https:\\\/\\\/cyan-dinosaur-128523.hostingersite.com\\\/bolsas-segun-uso\\\/bolsas-para-cafe\\\/#breadcrumb\"},\"inLanguage\":\"fr-FR\",\"potentialAction\":[{\"@type\":\"ReadAction\",\"target\":[\"https:\\\/\\\/cyan-dinosaur-128523.hostingersite.com\\\/bolsas-segun-uso\\\/bolsas-para-cafe\\\/\"]}]},{\"@type\":\"ImageObject\",\"inLanguage\":\"fr-FR\",\"@id\":\"https:\\\/\\\/cyan-dinosaur-128523.hostingersite.com\\\/bolsas-segun-uso\\\/bolsas-para-cafe\\\/#primaryimage\",\"url\":\"https:\\\/\\\/bolsaplastshop.com\\\/wp-content\\\/uploads\\\/2026\\\/03\\\/ChatGPT-Image-10-de-marc-del-2026-13_30_07.png\",\"contentUrl\":\"https:\\\/\\\/bolsaplastshop.com\\\/wp-content\\\/uploads\\\/2026\\\/03\\\/ChatGPT-Image-10-de-marc-del-2026-13_30_07.png\",\"width\":1024,\"height\":1536},{\"@type\":\"BreadcrumbList\",\"@id\":\"https:\\\/\\\/cyan-dinosaur-128523.hostingersite.com\\\/bolsas-segun-uso\\\/bolsas-para-cafe\\\/#breadcrumb\",\"itemListElement\":[{\"@type\":\"ListItem\",\"position\":1,\"name\":\"Portada\",\"item\":\"https:\\\/\\\/bolsaplastshop.com\\\/\"},{\"@type\":\"ListItem\",\"position\":2,\"name\":\"Bolsas seg\u00fan uso\",\"item\":\"https:\\\/\\\/cyan-dinosaur-128523.hostingersite.com\\\/bolsas-segun-uso\\\/\"},{\"@type\":\"ListItem\",\"position\":3,\"name\":\"Bolsas para caf\u00e9\"}]},{\"@type\":\"WebSite\",\"@id\":\"https:\\\/\\\/cyan-dinosaur-128523.hostingersite.com\\\/#website\",\"url\":\"https:\\\/\\\/cyan-dinosaur-128523.hostingersite.com\\\/\",\"name\":\"Bolsaplast Shop\",\"description\":\"Especializados en packaging flexible y medical packaging\",\"potentialAction\":[{\"@type\":\"SearchAction\",\"target\":{\"@type\":\"EntryPoint\",\"urlTemplate\":\"https:\\\/\\\/cyan-dinosaur-128523.hostingersite.com\\\/?s={search_term_string}\"},\"query-input\":{\"@type\":\"PropertyValueSpecification\",\"valueRequired\":true,\"valueName\":\"search_term_string\"}}],\"inLanguage\":\"fr-FR\"}]}<\/script>\n<!-- \/ Yoast SEO plugin. -->","yoast_head_json":{"title":"Sacs \u00e0 caf\u00e9 - Bolsaplast Shop","robots":{"index":"index","follow":"follow","max-snippet":"max-snippet:-1","max-image-preview":"max-image-preview:large","max-video-preview":"max-video-preview:-1"},"canonical":"https:\/\/cyan-dinosaur-128523.hostingersite.com\/bolsas-segun-uso\/bolsas-para-cafe\/","og_locale":"fr_FR","og_type":"article","og_title":"Bolsas para caf\u00e9 - Bolsaplast Shop","og_description":"Conocemos el valor de un grano de caf&eacute; reci&eacute;n tostado y por eso hemos puesto toda nuestra mejor tecnolog&iacute;a en el dise&ntilde;o de las bolsas para caf&eacute;. Nuestros productos destinados al&nbsp;envasado de caf&eacute;&nbsp;est&aacute;n elaborados con materiales especiales que evitan la oxidaci&oacute;n y mantienen el sabor y las propiedades del caf&eacute;, ya sea molido, tostado o [&hellip;]","og_url":"https:\/\/cyan-dinosaur-128523.hostingersite.com\/bolsas-segun-uso\/bolsas-para-cafe\/","og_site_name":"Bolsaplast Shop","article_modified_time":"2026-03-11T10:20:20+00:00","og_image":[{"width":683,"height":1024,"url":"https:\/\/cyan-dinosaur-128523.hostingersite.com\/wp-content\/uploads\/2026\/03\/ChatGPT-Image-10-de-marc-del-2026-13_30_07-683x1024.png","type":"image\/png"}],"twitter_card":"summary_large_image","twitter_misc":{"Dur\u00e9e de lecture estim\u00e9e":"2 minutes"},"schema":{"@context":"https:\/\/schema.org","@graph":[{"@type":"WebPage","@id":"https:\/\/cyan-dinosaur-128523.hostingersite.com\/bolsas-segun-uso\/bolsas-para-cafe\/","url":"https:\/\/cyan-dinosaur-128523.hostingersite.com\/bolsas-segun-uso\/bolsas-para-cafe\/","name":"Sacs \u00e0 caf\u00e9 - Bolsaplast Shop","isPartOf":{"@id":"https:\/\/cyan-dinosaur-128523.hostingersite.com\/#website"},"primaryImageOfPage":{"@id":"https:\/\/cyan-dinosaur-128523.hostingersite.com\/bolsas-segun-uso\/bolsas-para-cafe\/#primaryimage"},"image":{"@id":"https:\/\/cyan-dinosaur-128523.hostingersite.com\/bolsas-segun-uso\/bolsas-para-cafe\/#primaryimage"},"thumbnailUrl":"https:\/\/bolsaplastshop.com\/wp-content\/uploads\/2026\/03\/ChatGPT-Image-10-de-marc-del-2026-13_30_07.png","datePublished":"2026-03-10T14:05:01+00:00","dateModified":"2026-03-11T10:20:20+00:00","breadcrumb":{"@id":"https:\/\/cyan-dinosaur-128523.hostingersite.com\/bolsas-segun-uso\/bolsas-para-cafe\/#breadcrumb"},"inLanguage":"fr-FR","potentialAction":[{"@type":"ReadAction","target":["https:\/\/cyan-dinosaur-128523.hostingersite.com\/bolsas-segun-uso\/bolsas-para-cafe\/"]}]},{"@type":"ImageObject","inLanguage":"fr-FR","@id":"https:\/\/cyan-dinosaur-128523.hostingersite.com\/bolsas-segun-uso\/bolsas-para-cafe\/#primaryimage","url":"https:\/\/bolsaplastshop.com\/wp-content\/uploads\/2026\/03\/ChatGPT-Image-10-de-marc-del-2026-13_30_07.png","contentUrl":"https:\/\/bolsaplastshop.com\/wp-content\/uploads\/2026\/03\/ChatGPT-Image-10-de-marc-del-2026-13_30_07.png","width":1024,"height":1536},{"@type":"BreadcrumbList","@id":"https:\/\/cyan-dinosaur-128523.hostingersite.com\/bolsas-segun-uso\/bolsas-para-cafe\/#breadcrumb","itemListElement":[{"@type":"ListItem","position":1,"name":"Portada","item":"https:\/\/bolsaplastshop.com\/"},{"@type":"ListItem","position":2,"name":"Bolsas seg\u00fan uso","item":"https:\/\/cyan-dinosaur-128523.hostingersite.com\/bolsas-segun-uso\/"},{"@type":"ListItem","position":3,"name":"Bolsas para caf\u00e9"}]},{"@type":"WebSite","@id":"https:\/\/cyan-dinosaur-128523.hostingersite.com\/#website","url":"https:\/\/cyan-dinosaur-128523.hostingersite.com\/","name":"Bolsaplast Boutique","description":"Sp\u00e9cialis\u00e9 dans l'emballage flexible et l'emballage m\u00e9dical","potentialAction":[{"@type":"SearchAction","target":{"@type":"EntryPoint","urlTemplate":"https:\/\/cyan-dinosaur-128523.hostingersite.com\/?s={search_term_string}"},"query-input":{"@type":"PropertyValueSpecification","valueRequired":true,"valueName":"search_term_string"}}],"inLanguage":"fr-FR"}]}},"_links":{"self":[{"href":"https:\/\/bolsaplastshop.com\/fr\/wp-json\/wp\/v2\/pages\/1074","targetHints":{"allow":["GET"]}}],"collection":[{"href":"https:\/\/bolsaplastshop.com\/fr\/wp-json\/wp\/v2\/pages"}],"about":[{"href":"https:\/\/bolsaplastshop.com\/fr\/wp-json\/wp\/v2\/types\/page"}],"author":[{"embeddable":true,"href":"https:\/\/bolsaplastshop.com\/fr\/wp-json\/wp\/v2\/users\/1"}],"replies":[{"embeddable":true,"href":"https:\/\/bolsaplastshop.com\/fr\/wp-json\/wp\/v2\/comments?post=1074"}],"version-history":[{"count":10,"href":"https:\/\/bolsaplastshop.com\/fr\/wp-json\/wp\/v2\/pages\/1074\/revisions"}],"predecessor-version":[{"id":1098,"href":"https:\/\/bolsaplastshop.com\/fr\/wp-json\/wp\/v2\/pages\/1074\/revisions\/1098"}],"up":[{"embeddable":true,"href":"https:\/\/bolsaplastshop.com\/fr\/wp-json\/wp\/v2\/pages\/1067"}],"wp:featuredmedia":[{"embeddable":true,"href":"https:\/\/bolsaplastshop.com\/fr\/wp-json\/wp\/v2\/media\/1081"}],"wp:attachment":[{"href":"https:\/\/bolsaplastshop.com\/fr\/wp-json\/wp\/v2\/media?parent=1074"}],"curies":[{"name":"wp","href":"https:\/\/api.w.org\/{rel}","templated":true}]}}