{"id":1075,"date":"2026-03-11T10:23:16","date_gmt":"2026-03-11T10:23:16","guid":{"rendered":"https:\/\/cyan-dinosaur-128523.hostingersite.com\/?page_id=1075"},"modified":"2026-03-11T10:25:10","modified_gmt":"2026-03-11T10:25:10","slug":"sacs-pour-emballer-le-the","status":"publish","type":"page","link":"https:\/\/bolsaplastshop.com\/fr\/bolsas-segun-uso\/bolsas-para-envasar-te\/","title":{"rendered":"Sachets pour emballer du th\u00e9"},"content":{"rendered":"<!DOCTYPE html PUBLIC \"-\/\/W3C\/\/DTD HTML 4.0 Transitional\/\/EN\" \"http:\/\/www.w3.org\/TR\/REC-html40\/loose.dtd\">\n<?xml encoding=\"utf-8\" ?><html><body><p>Nous sommes conscients de l'importance de la&nbsp;<strong>conservation du th\u00e9,<\/strong>&nbsp;pour profiter au maximum de ses propri\u00e9t\u00e9s curatives, relaxantes et inspirantes dans toutes ses variantes telles que : th\u00e9 vert, th\u00e9 rouge, th\u00e9 vert Matcha, th\u00e9 blanc, th\u00e9 \u00e0 la menthe, th\u00e9 \u00e0 la camomille, th\u00e9 noir, th\u00e9 \u00e0 l'hibiscus ou th\u00e9 Oolong, entre autres. C'est pourquoi nous avons mis toutes nos ressources dans la fabrication de sachets sp\u00e9cifiques qui le maintiennent en parfait \u00e9tat.<\/p>\n<p>Avec les emballages Bolsaplast, nous pr\u00e9servons les propri\u00e9t\u00e9s antioxydantes du th\u00e9 dans un \u00e9tat optimal. Parall\u00e8lement, nous savons que le conditionnement doit avoir un design agr\u00e9able et \u00e9l\u00e9gant. Et pour atteindre cet objectif, nous recommandons \u00e0 la fois les sacs&nbsp;<strong>de papier m\u00e9tallis\u00e9<\/strong>, avec lequel votre produit aura un aspect organique et naturel, ainsi que les&nbsp;<strong>m\u00e9tallis\u00e9<\/strong>, avec une excellente r\u00e9sistance m\u00e9canique, une brillance, une haute barri\u00e8re \u00e0 la vapeur d'eau, \u00e0 l'oxyg\u00e8ne et un aspect m\u00e9tallique qui donne une tr\u00e8s bonne impression au produit.<\/p>\n<p>En nous concentrant davantage sur le design, les sachets&nbsp;<strong>avec valve et auto-fermeture (zip)<\/strong>&nbsp;sont une tr\u00e8s bonne option. La valve permet au th\u00e9 de respirer et aide \u00e9galement \u00e0 le maintenir dans un tr\u00e8s bon \u00e9tat de conservation. En pr\u00e9servant le th\u00e9, on ralentit consid\u00e9rablement sa d\u00e9t\u00e9rioration. De plus, avec le zip, l'emballage peut \u00eatre ferm\u00e9 et ouvert autant de fois que n\u00e9cessaire, offrant une libert\u00e9 totale lors de sa consommation. Chez Bolsaplast, nous proposons&nbsp;<strong>5 formats standardis\u00e9es d'une capacit\u00e9 allant de 100 ml \u00e0 1 L.<\/strong><\/p>\n<p>Les amateurs de th\u00e9 en poudre ou en feuilles sauront appr\u00e9cier les emballages de Bolsaplast comme l'option la plus judicieuse pour le conserver. De plus, vous avez \u00e9galement la possibilit\u00e9 de personnaliser votre packaging, en lui donnant une touche unique. Nous r\u00e9alisons cela gr\u00e2ce \u00e0 l'&nbsp;<strong>l'impression num\u00e9rique ou la flexographie<\/strong>, selon qu'il s'agisse d'une plus grande ou d'une plus petite quantit\u00e9 d'unit\u00e9s.<\/p>\n<\/body><\/html>","protected":false},"excerpt":{"rendered":"<p>Somos conscientes de la importancia que tiene la&nbsp;conservaci&oacute;n del t&eacute;,&nbsp;para aprovechar al m&aacute;ximo sus propiedades curativas, relajantes e inspiradoras en todas sus variantes como: t&eacute; verde, t&eacute; rojo, t&eacute; verde Matcha, t&eacute; blanco, t&eacute; de menta, t&eacute; de manzanilla, t&eacute; negro, t&eacute; de hibisco o t&eacute; Oolong, entre muchos otros. Por ese motivo, hemos puesto [&hellip;]<\/p>\n","protected":false},"author":1,"featured_media":1099,"parent":1067,"menu_order":0,"comment_status":"closed","ping_status":"closed","template":"page-producte.php","meta":{"_acf_changed":false,"footnotes":""},"class_list":["post-1075","page","type-page","status-publish","has-post-thumbnail","hentry"],"acf":[],"yoast_head":"<!-- This site is optimized with the Yoast SEO plugin v27.3 - https:\/\/yoast.com\/product\/yoast-seo-wordpress\/ -->\n<title>Bolsas para envasar t\u00e9 - Bolsaplast Shop<\/title>\n<meta name=\"robots\" content=\"index, follow, max-snippet:-1, max-image-preview:large, max-video-preview:-1\" \/>\n<link rel=\"canonical\" href=\"https:\/\/cyan-dinosaur-128523.hostingersite.com\/bolsas-segun-uso\/bolsas-para-envasar-te\/\" \/>\n<meta property=\"og:locale\" content=\"fr_FR\" \/>\n<meta property=\"og:type\" content=\"article\" \/>\n<meta property=\"og:title\" content=\"Bolsas para envasar t\u00e9 - Bolsaplast Shop\" \/>\n<meta property=\"og:description\" content=\"Somos conscientes de la importancia que tiene la&nbsp;conservaci&oacute;n del t&eacute;,&nbsp;para aprovechar al m&aacute;ximo sus propiedades curativas, relajantes e inspiradoras en todas sus variantes como: t&eacute; verde, t&eacute; rojo, t&eacute; verde Matcha, t&eacute; blanco, t&eacute; de menta, t&eacute; de manzanilla, t&eacute; negro, t&eacute; de hibisco o t&eacute; Oolong, entre muchos otros. Por ese motivo, hemos puesto [&hellip;]\" \/>\n<meta property=\"og:url\" content=\"https:\/\/cyan-dinosaur-128523.hostingersite.com\/bolsas-segun-uso\/bolsas-para-envasar-te\/\" \/>\n<meta property=\"og:site_name\" content=\"Bolsaplast Shop\" \/>\n<meta property=\"article:modified_time\" content=\"2026-03-11T10:25:10+00:00\" \/>\n<meta property=\"og:image\" content=\"https:\/\/cyan-dinosaur-128523.hostingersite.com\/wp-content\/uploads\/2026\/03\/ChatGPT-Image-10-de-marc-del-2026-13_31_03-683x1024.png\" \/>\n\t<meta property=\"og:image:width\" content=\"683\" \/>\n\t<meta property=\"og:image:height\" content=\"1024\" \/>\n\t<meta property=\"og:image:type\" content=\"image\/png\" \/>\n<meta name=\"twitter:card\" content=\"summary_large_image\" \/>\n<meta name=\"twitter:label1\" content=\"Dur\u00e9e de lecture estim\u00e9e\" \/>\n\t<meta name=\"twitter:data1\" content=\"2 minutes\" \/>\n<script type=\"application\/ld+json\" class=\"yoast-schema-graph\">{\"@context\":\"https:\\\/\\\/schema.org\",\"@graph\":[{\"@type\":\"WebPage\",\"@id\":\"https:\\\/\\\/cyan-dinosaur-128523.hostingersite.com\\\/bolsas-segun-uso\\\/bolsas-para-envasar-te\\\/\",\"url\":\"https:\\\/\\\/cyan-dinosaur-128523.hostingersite.com\\\/bolsas-segun-uso\\\/bolsas-para-envasar-te\\\/\",\"name\":\"Bolsas para envasar t\u00e9 - Bolsaplast Shop\",\"isPartOf\":{\"@id\":\"https:\\\/\\\/cyan-dinosaur-128523.hostingersite.com\\\/#website\"},\"primaryImageOfPage\":{\"@id\":\"https:\\\/\\\/cyan-dinosaur-128523.hostingersite.com\\\/bolsas-segun-uso\\\/bolsas-para-envasar-te\\\/#primaryimage\"},\"image\":{\"@id\":\"https:\\\/\\\/cyan-dinosaur-128523.hostingersite.com\\\/bolsas-segun-uso\\\/bolsas-para-envasar-te\\\/#primaryimage\"},\"thumbnailUrl\":\"https:\\\/\\\/bolsaplastshop.com\\\/wp-content\\\/uploads\\\/2026\\\/03\\\/ChatGPT-Image-10-de-marc-del-2026-13_31_03.png\",\"datePublished\":\"2026-03-11T10:23:16+00:00\",\"dateModified\":\"2026-03-11T10:25:10+00:00\",\"breadcrumb\":{\"@id\":\"https:\\\/\\\/cyan-dinosaur-128523.hostingersite.com\\\/bolsas-segun-uso\\\/bolsas-para-envasar-te\\\/#breadcrumb\"},\"inLanguage\":\"fr-FR\",\"potentialAction\":[{\"@type\":\"ReadAction\",\"target\":[\"https:\\\/\\\/cyan-dinosaur-128523.hostingersite.com\\\/bolsas-segun-uso\\\/bolsas-para-envasar-te\\\/\"]}]},{\"@type\":\"ImageObject\",\"inLanguage\":\"fr-FR\",\"@id\":\"https:\\\/\\\/cyan-dinosaur-128523.hostingersite.com\\\/bolsas-segun-uso\\\/bolsas-para-envasar-te\\\/#primaryimage\",\"url\":\"https:\\\/\\\/bolsaplastshop.com\\\/wp-content\\\/uploads\\\/2026\\\/03\\\/ChatGPT-Image-10-de-marc-del-2026-13_31_03.png\",\"contentUrl\":\"https:\\\/\\\/bolsaplastshop.com\\\/wp-content\\\/uploads\\\/2026\\\/03\\\/ChatGPT-Image-10-de-marc-del-2026-13_31_03.png\",\"width\":1024,\"height\":1536},{\"@type\":\"BreadcrumbList\",\"@id\":\"https:\\\/\\\/cyan-dinosaur-128523.hostingersite.com\\\/bolsas-segun-uso\\\/bolsas-para-envasar-te\\\/#breadcrumb\",\"itemListElement\":[{\"@type\":\"ListItem\",\"position\":1,\"name\":\"Portada\",\"item\":\"https:\\\/\\\/bolsaplastshop.com\\\/\"},{\"@type\":\"ListItem\",\"position\":2,\"name\":\"Bolsas seg\u00fan uso\",\"item\":\"https:\\\/\\\/cyan-dinosaur-128523.hostingersite.com\\\/bolsas-segun-uso\\\/\"},{\"@type\":\"ListItem\",\"position\":3,\"name\":\"Bolsas para envasar t\u00e9\"}]},{\"@type\":\"WebSite\",\"@id\":\"https:\\\/\\\/cyan-dinosaur-128523.hostingersite.com\\\/#website\",\"url\":\"https:\\\/\\\/cyan-dinosaur-128523.hostingersite.com\\\/\",\"name\":\"Bolsaplast Shop\",\"description\":\"Especializados en packaging flexible y medical packaging\",\"potentialAction\":[{\"@type\":\"SearchAction\",\"target\":{\"@type\":\"EntryPoint\",\"urlTemplate\":\"https:\\\/\\\/cyan-dinosaur-128523.hostingersite.com\\\/?s={search_term_string}\"},\"query-input\":{\"@type\":\"PropertyValueSpecification\",\"valueRequired\":true,\"valueName\":\"search_term_string\"}}],\"inLanguage\":\"fr-FR\"}]}<\/script>\n<!-- \/ Yoast SEO plugin. -->","yoast_head_json":{"title":"Sacs pour l'emballage du th\u00e9 - Bolsaplast Shop","robots":{"index":"index","follow":"follow","max-snippet":"max-snippet:-1","max-image-preview":"max-image-preview:large","max-video-preview":"max-video-preview:-1"},"canonical":"https:\/\/cyan-dinosaur-128523.hostingersite.com\/bolsas-segun-uso\/bolsas-para-envasar-te\/","og_locale":"fr_FR","og_type":"article","og_title":"Bolsas para envasar t\u00e9 - Bolsaplast Shop","og_description":"Somos conscientes de la importancia que tiene la&nbsp;conservaci&oacute;n del t&eacute;,&nbsp;para aprovechar al m&aacute;ximo sus propiedades curativas, relajantes e inspiradoras en todas sus variantes como: t&eacute; verde, t&eacute; rojo, t&eacute; verde Matcha, t&eacute; blanco, t&eacute; de menta, t&eacute; de manzanilla, t&eacute; negro, t&eacute; de hibisco o t&eacute; Oolong, entre muchos otros. Por ese motivo, hemos puesto [&hellip;]","og_url":"https:\/\/cyan-dinosaur-128523.hostingersite.com\/bolsas-segun-uso\/bolsas-para-envasar-te\/","og_site_name":"Bolsaplast Shop","article_modified_time":"2026-03-11T10:25:10+00:00","og_image":[{"width":683,"height":1024,"url":"https:\/\/cyan-dinosaur-128523.hostingersite.com\/wp-content\/uploads\/2026\/03\/ChatGPT-Image-10-de-marc-del-2026-13_31_03-683x1024.png","type":"image\/png"}],"twitter_card":"summary_large_image","twitter_misc":{"Dur\u00e9e de lecture estim\u00e9e":"2 minutes"},"schema":{"@context":"https:\/\/schema.org","@graph":[{"@type":"WebPage","@id":"https:\/\/cyan-dinosaur-128523.hostingersite.com\/bolsas-segun-uso\/bolsas-para-envasar-te\/","url":"https:\/\/cyan-dinosaur-128523.hostingersite.com\/bolsas-segun-uso\/bolsas-para-envasar-te\/","name":"Sacs pour l'emballage du th\u00e9 - Bolsaplast Shop","isPartOf":{"@id":"https:\/\/cyan-dinosaur-128523.hostingersite.com\/#website"},"primaryImageOfPage":{"@id":"https:\/\/cyan-dinosaur-128523.hostingersite.com\/bolsas-segun-uso\/bolsas-para-envasar-te\/#primaryimage"},"image":{"@id":"https:\/\/cyan-dinosaur-128523.hostingersite.com\/bolsas-segun-uso\/bolsas-para-envasar-te\/#primaryimage"},"thumbnailUrl":"https:\/\/bolsaplastshop.com\/wp-content\/uploads\/2026\/03\/ChatGPT-Image-10-de-marc-del-2026-13_31_03.png","datePublished":"2026-03-11T10:23:16+00:00","dateModified":"2026-03-11T10:25:10+00:00","breadcrumb":{"@id":"https:\/\/cyan-dinosaur-128523.hostingersite.com\/bolsas-segun-uso\/bolsas-para-envasar-te\/#breadcrumb"},"inLanguage":"fr-FR","potentialAction":[{"@type":"ReadAction","target":["https:\/\/cyan-dinosaur-128523.hostingersite.com\/bolsas-segun-uso\/bolsas-para-envasar-te\/"]}]},{"@type":"ImageObject","inLanguage":"fr-FR","@id":"https:\/\/cyan-dinosaur-128523.hostingersite.com\/bolsas-segun-uso\/bolsas-para-envasar-te\/#primaryimage","url":"https:\/\/bolsaplastshop.com\/wp-content\/uploads\/2026\/03\/ChatGPT-Image-10-de-marc-del-2026-13_31_03.png","contentUrl":"https:\/\/bolsaplastshop.com\/wp-content\/uploads\/2026\/03\/ChatGPT-Image-10-de-marc-del-2026-13_31_03.png","width":1024,"height":1536},{"@type":"BreadcrumbList","@id":"https:\/\/cyan-dinosaur-128523.hostingersite.com\/bolsas-segun-uso\/bolsas-para-envasar-te\/#breadcrumb","itemListElement":[{"@type":"ListItem","position":1,"name":"Portada","item":"https:\/\/bolsaplastshop.com\/"},{"@type":"ListItem","position":2,"name":"Bolsas seg\u00fan uso","item":"https:\/\/cyan-dinosaur-128523.hostingersite.com\/bolsas-segun-uso\/"},{"@type":"ListItem","position":3,"name":"Bolsas para envasar t\u00e9"}]},{"@type":"WebSite","@id":"https:\/\/cyan-dinosaur-128523.hostingersite.com\/#website","url":"https:\/\/cyan-dinosaur-128523.hostingersite.com\/","name":"Bolsaplast Boutique","description":"Sp\u00e9cialis\u00e9 dans l'emballage flexible et l'emballage m\u00e9dical","potentialAction":[{"@type":"SearchAction","target":{"@type":"EntryPoint","urlTemplate":"https:\/\/cyan-dinosaur-128523.hostingersite.com\/?s={search_term_string}"},"query-input":{"@type":"PropertyValueSpecification","valueRequired":true,"valueName":"search_term_string"}}],"inLanguage":"fr-FR"}]}},"_links":{"self":[{"href":"https:\/\/bolsaplastshop.com\/fr\/wp-json\/wp\/v2\/pages\/1075","targetHints":{"allow":["GET"]}}],"collection":[{"href":"https:\/\/bolsaplastshop.com\/fr\/wp-json\/wp\/v2\/pages"}],"about":[{"href":"https:\/\/bolsaplastshop.com\/fr\/wp-json\/wp\/v2\/types\/page"}],"author":[{"embeddable":true,"href":"https:\/\/bolsaplastshop.com\/fr\/wp-json\/wp\/v2\/users\/1"}],"replies":[{"embeddable":true,"href":"https:\/\/bolsaplastshop.com\/fr\/wp-json\/wp\/v2\/comments?post=1075"}],"version-history":[{"count":3,"href":"https:\/\/bolsaplastshop.com\/fr\/wp-json\/wp\/v2\/pages\/1075\/revisions"}],"predecessor-version":[{"id":1107,"href":"https:\/\/bolsaplastshop.com\/fr\/wp-json\/wp\/v2\/pages\/1075\/revisions\/1107"}],"up":[{"embeddable":true,"href":"https:\/\/bolsaplastshop.com\/fr\/wp-json\/wp\/v2\/pages\/1067"}],"wp:featuredmedia":[{"embeddable":true,"href":"https:\/\/bolsaplastshop.com\/fr\/wp-json\/wp\/v2\/media\/1099"}],"wp:attachment":[{"href":"https:\/\/bolsaplastshop.com\/fr\/wp-json\/wp\/v2\/media?parent=1075"}],"curies":[{"name":"wp","href":"https:\/\/api.w.org\/{rel}","templated":true}]}}