{"id":1076,"date":"2026-03-11T10:36:44","date_gmt":"2026-03-11T10:36:44","guid":{"rendered":"https:\/\/cyan-dinosaur-128523.hostingersite.com\/?page_id=1076"},"modified":"2026-03-11T10:37:35","modified_gmt":"2026-03-11T10:37:35","slug":"sacs-pour-produits-chimiques","status":"publish","type":"page","link":"https:\/\/bolsaplastshop.com\/fr\/bolsas-segun-uso\/bolsas-para-quimicos\/","title":{"rendered":"Sachets pour produits chimiques"},"content":{"rendered":"<!DOCTYPE html PUBLIC \"-\/\/W3C\/\/DTD HTML 4.0 Transitional\/\/EN\" \"http:\/\/www.w3.org\/TR\/REC-html40\/loose.dtd\">\n<?xml encoding=\"utf-8\" ?><html><body><p>Lorsque nous emballons des produits chimiques destin\u00e9s \u00e0 la grande consommation, il est indispensable de choisir un&nbsp;<strong>conditionnement de haute qualit\u00e9, qui apporte s\u00e9curit\u00e9 et avec beaucoup de r\u00e9sistance.<\/strong>. Le mat\u00e9riau doit \u00eatre rigide et s\u00fbr, afin de pouvoir constituer une excellente barri\u00e8re contre l'humidit\u00e9, l'oxyg\u00e8ne et la lumi\u00e8re.<\/p>\n<p>Nos packagings pour l'emballage de produits chimiques respectent toutes les r\u00e9glementations de s\u00e9curit\u00e9 n\u00e9cessaires pour pouvoir \u00eatre expos\u00e9s au grand public et \u00e9viter la contamination du produit et de son ext\u00e9rieur, en veillant toujours \u00e0 sa pr\u00e9servation.<\/p>\n<p>L'objectif est d'\u00e9viter que tout \u00e9l\u00e9ment externe n'affecte les propri\u00e9t\u00e9s de votre produit, afin qu'il parvienne au consommateur dans des conditions optimales d'utilisation et de conservation. Mais nous connaissons \u00e9galement l'importance de la conception du produit pour qu'il se d\u00e9marque sur son lieu de vente habituel. C'est pourquoi,&nbsp;<strong>les sacs en aluminium PET\/ALU\/PE<\/strong>&nbsp;sont id\u00e9aux pour donner au produit un aspect de haute qualit\u00e9, une pr\u00e9sence et une s\u00e9curit\u00e9, et ce sont ceux que nous recommandons le plus pour l'emballage de produits chimiques tels que : produits de nettoyage, engrais, produits d'hygi\u00e8ne personnelle ou d\u00e9sodorisants, ou produits granul\u00e9s entre autres.<\/p>\n<p>La&nbsp;<strong>personnalisation des finitions<\/strong>&nbsp;est l'un de nos avantages. Vous pourrez donc choisir les \u00e9l\u00e9ments de fermeture les plus adapt\u00e9s \u00e0 votre produit chimique. Ces sacs sont fabriqu\u00e9s avec diff\u00e9rentes finitions, telles que la fermeture zip, les valves de d\u00e9gazage, ou une combinaison des deux, ainsi que des syst\u00e8mes d'ouverture facile et des d\u00e9coupes diverses.<\/p>\n<p>Notre \u00e9quipe sp\u00e9cialis\u00e9e peut vous conseiller pour choisir le format et la forme de sachet pr\u00e9form\u00e9 qui conviendront le mieux aux besoins de votre produit. Nous avons diff\u00e9rents formats et finitions qui donneront l'aspect et la fonctionnalit\u00e9 finaux au sachet pour produits chimiques que vous choisirez, en respectant toujours les particularit\u00e9s du produit.<\/p>\n<p>Pour terminer et si vous le souhaitez, vous pourrez choisir entre&nbsp;<strong>l'impression flexographie<\/strong>&nbsp;<strong>et l'impression num\u00e9rique<\/strong>, afin de pr\u00e9senter votre image de marque directement sur le sachet,  pour produire l'impact maximal au consommateur.<\/p>\n<\/body><\/html>","protected":false},"excerpt":{"rendered":"<p>Cuando envasamos productos qu&iacute;micos destinados al gran consumo, es imprescindible elegir un&nbsp;envasado de alta calidad, que aporte seguridad y con mucha consistencia. El material debe ser r&iacute;gido y seguro, para poder convertirse en una excelente barrera a la humedad, al ox&iacute;geno y a la luz. Nuestros envases para el envasado de productos qu&iacute;micos cumplen con [&hellip;]<\/p>\n","protected":false},"author":1,"featured_media":1104,"parent":1067,"menu_order":0,"comment_status":"closed","ping_status":"closed","template":"page-producte.php","meta":{"_acf_changed":false,"footnotes":""},"class_list":["post-1076","page","type-page","status-publish","has-post-thumbnail","hentry"],"acf":[],"yoast_head":"<!-- This site is optimized with the Yoast SEO plugin v27.3 - https:\/\/yoast.com\/product\/yoast-seo-wordpress\/ -->\n<title>Bolsas para qu\u00edmicos - Bolsaplast Shop<\/title>\n<meta name=\"robots\" content=\"index, follow, max-snippet:-1, max-image-preview:large, max-video-preview:-1\" \/>\n<link rel=\"canonical\" href=\"https:\/\/cyan-dinosaur-128523.hostingersite.com\/bolsas-segun-uso\/bolsas-para-quimicos\/\" \/>\n<meta property=\"og:locale\" content=\"fr_FR\" \/>\n<meta property=\"og:type\" content=\"article\" \/>\n<meta property=\"og:title\" content=\"Bolsas para qu\u00edmicos - Bolsaplast Shop\" \/>\n<meta property=\"og:description\" content=\"Cuando envasamos productos qu&iacute;micos destinados al gran consumo, es imprescindible elegir un&nbsp;envasado de alta calidad, que aporte seguridad y con mucha consistencia. El material debe ser r&iacute;gido y seguro, para poder convertirse en una excelente barrera a la humedad, al ox&iacute;geno y a la luz. Nuestros envases para el envasado de productos qu&iacute;micos cumplen con [&hellip;]\" \/>\n<meta property=\"og:url\" content=\"https:\/\/cyan-dinosaur-128523.hostingersite.com\/bolsas-segun-uso\/bolsas-para-quimicos\/\" \/>\n<meta property=\"og:site_name\" content=\"Bolsaplast Shop\" \/>\n<meta property=\"article:modified_time\" content=\"2026-03-11T10:37:35+00:00\" \/>\n<meta property=\"og:image\" content=\"https:\/\/cyan-dinosaur-128523.hostingersite.com\/wp-content\/uploads\/2026\/03\/ChatGPT-Image-10-de-marc-del-2026-13_36_19.png\" \/>\n\t<meta property=\"og:image:width\" content=\"1024\" \/>\n\t<meta property=\"og:image:height\" content=\"1536\" \/>\n\t<meta property=\"og:image:type\" content=\"image\/png\" \/>\n<meta name=\"twitter:card\" content=\"summary_large_image\" \/>\n<meta name=\"twitter:label1\" content=\"Dur\u00e9e de lecture estim\u00e9e\" \/>\n\t<meta name=\"twitter:data1\" content=\"2 minutes\" \/>\n<script type=\"application\/ld+json\" class=\"yoast-schema-graph\">{\"@context\":\"https:\\\/\\\/schema.org\",\"@graph\":[{\"@type\":\"WebPage\",\"@id\":\"https:\\\/\\\/cyan-dinosaur-128523.hostingersite.com\\\/bolsas-segun-uso\\\/bolsas-para-quimicos\\\/\",\"url\":\"https:\\\/\\\/cyan-dinosaur-128523.hostingersite.com\\\/bolsas-segun-uso\\\/bolsas-para-quimicos\\\/\",\"name\":\"Bolsas para qu\u00edmicos - Bolsaplast Shop\",\"isPartOf\":{\"@id\":\"https:\\\/\\\/cyan-dinosaur-128523.hostingersite.com\\\/#website\"},\"primaryImageOfPage\":{\"@id\":\"https:\\\/\\\/cyan-dinosaur-128523.hostingersite.com\\\/bolsas-segun-uso\\\/bolsas-para-quimicos\\\/#primaryimage\"},\"image\":{\"@id\":\"https:\\\/\\\/cyan-dinosaur-128523.hostingersite.com\\\/bolsas-segun-uso\\\/bolsas-para-quimicos\\\/#primaryimage\"},\"thumbnailUrl\":\"https:\\\/\\\/bolsaplastshop.com\\\/wp-content\\\/uploads\\\/2026\\\/03\\\/ChatGPT-Image-10-de-marc-del-2026-13_36_19.png\",\"datePublished\":\"2026-03-11T10:36:44+00:00\",\"dateModified\":\"2026-03-11T10:37:35+00:00\",\"breadcrumb\":{\"@id\":\"https:\\\/\\\/cyan-dinosaur-128523.hostingersite.com\\\/bolsas-segun-uso\\\/bolsas-para-quimicos\\\/#breadcrumb\"},\"inLanguage\":\"fr-FR\",\"potentialAction\":[{\"@type\":\"ReadAction\",\"target\":[\"https:\\\/\\\/cyan-dinosaur-128523.hostingersite.com\\\/bolsas-segun-uso\\\/bolsas-para-quimicos\\\/\"]}]},{\"@type\":\"ImageObject\",\"inLanguage\":\"fr-FR\",\"@id\":\"https:\\\/\\\/cyan-dinosaur-128523.hostingersite.com\\\/bolsas-segun-uso\\\/bolsas-para-quimicos\\\/#primaryimage\",\"url\":\"https:\\\/\\\/bolsaplastshop.com\\\/wp-content\\\/uploads\\\/2026\\\/03\\\/ChatGPT-Image-10-de-marc-del-2026-13_36_19.png\",\"contentUrl\":\"https:\\\/\\\/bolsaplastshop.com\\\/wp-content\\\/uploads\\\/2026\\\/03\\\/ChatGPT-Image-10-de-marc-del-2026-13_36_19.png\",\"width\":1024,\"height\":1536},{\"@type\":\"BreadcrumbList\",\"@id\":\"https:\\\/\\\/cyan-dinosaur-128523.hostingersite.com\\\/bolsas-segun-uso\\\/bolsas-para-quimicos\\\/#breadcrumb\",\"itemListElement\":[{\"@type\":\"ListItem\",\"position\":1,\"name\":\"Portada\",\"item\":\"https:\\\/\\\/bolsaplastshop.com\\\/\"},{\"@type\":\"ListItem\",\"position\":2,\"name\":\"Bolsas seg\u00fan uso\",\"item\":\"https:\\\/\\\/cyan-dinosaur-128523.hostingersite.com\\\/bolsas-segun-uso\\\/\"},{\"@type\":\"ListItem\",\"position\":3,\"name\":\"Bolsas para qu\u00edmicos\"}]},{\"@type\":\"WebSite\",\"@id\":\"https:\\\/\\\/cyan-dinosaur-128523.hostingersite.com\\\/#website\",\"url\":\"https:\\\/\\\/cyan-dinosaur-128523.hostingersite.com\\\/\",\"name\":\"Bolsaplast Shop\",\"description\":\"Especializados en packaging flexible y medical packaging\",\"potentialAction\":[{\"@type\":\"SearchAction\",\"target\":{\"@type\":\"EntryPoint\",\"urlTemplate\":\"https:\\\/\\\/cyan-dinosaur-128523.hostingersite.com\\\/?s={search_term_string}\"},\"query-input\":{\"@type\":\"PropertyValueSpecification\",\"valueRequired\":true,\"valueName\":\"search_term_string\"}}],\"inLanguage\":\"fr-FR\"}]}<\/script>\n<!-- \/ Yoast SEO plugin. -->","yoast_head_json":{"title":"Sacs pour produits chimiques - Bolsaplast Shop","robots":{"index":"index","follow":"follow","max-snippet":"max-snippet:-1","max-image-preview":"max-image-preview:large","max-video-preview":"max-video-preview:-1"},"canonical":"https:\/\/cyan-dinosaur-128523.hostingersite.com\/bolsas-segun-uso\/bolsas-para-quimicos\/","og_locale":"fr_FR","og_type":"article","og_title":"Bolsas para qu\u00edmicos - Bolsaplast Shop","og_description":"Cuando envasamos productos qu&iacute;micos destinados al gran consumo, es imprescindible elegir un&nbsp;envasado de alta calidad, que aporte seguridad y con mucha consistencia. El material debe ser r&iacute;gido y seguro, para poder convertirse en una excelente barrera a la humedad, al ox&iacute;geno y a la luz. Nuestros envases para el envasado de productos qu&iacute;micos cumplen con [&hellip;]","og_url":"https:\/\/cyan-dinosaur-128523.hostingersite.com\/bolsas-segun-uso\/bolsas-para-quimicos\/","og_site_name":"Bolsaplast Shop","article_modified_time":"2026-03-11T10:37:35+00:00","og_image":[{"width":1024,"height":1536,"url":"https:\/\/cyan-dinosaur-128523.hostingersite.com\/wp-content\/uploads\/2026\/03\/ChatGPT-Image-10-de-marc-del-2026-13_36_19.png","type":"image\/png"}],"twitter_card":"summary_large_image","twitter_misc":{"Dur\u00e9e de lecture estim\u00e9e":"2 minutes"},"schema":{"@context":"https:\/\/schema.org","@graph":[{"@type":"WebPage","@id":"https:\/\/cyan-dinosaur-128523.hostingersite.com\/bolsas-segun-uso\/bolsas-para-quimicos\/","url":"https:\/\/cyan-dinosaur-128523.hostingersite.com\/bolsas-segun-uso\/bolsas-para-quimicos\/","name":"Sacs pour produits chimiques - Bolsaplast Shop","isPartOf":{"@id":"https:\/\/cyan-dinosaur-128523.hostingersite.com\/#website"},"primaryImageOfPage":{"@id":"https:\/\/cyan-dinosaur-128523.hostingersite.com\/bolsas-segun-uso\/bolsas-para-quimicos\/#primaryimage"},"image":{"@id":"https:\/\/cyan-dinosaur-128523.hostingersite.com\/bolsas-segun-uso\/bolsas-para-quimicos\/#primaryimage"},"thumbnailUrl":"https:\/\/bolsaplastshop.com\/wp-content\/uploads\/2026\/03\/ChatGPT-Image-10-de-marc-del-2026-13_36_19.png","datePublished":"2026-03-11T10:36:44+00:00","dateModified":"2026-03-11T10:37:35+00:00","breadcrumb":{"@id":"https:\/\/cyan-dinosaur-128523.hostingersite.com\/bolsas-segun-uso\/bolsas-para-quimicos\/#breadcrumb"},"inLanguage":"fr-FR","potentialAction":[{"@type":"ReadAction","target":["https:\/\/cyan-dinosaur-128523.hostingersite.com\/bolsas-segun-uso\/bolsas-para-quimicos\/"]}]},{"@type":"ImageObject","inLanguage":"fr-FR","@id":"https:\/\/cyan-dinosaur-128523.hostingersite.com\/bolsas-segun-uso\/bolsas-para-quimicos\/#primaryimage","url":"https:\/\/bolsaplastshop.com\/wp-content\/uploads\/2026\/03\/ChatGPT-Image-10-de-marc-del-2026-13_36_19.png","contentUrl":"https:\/\/bolsaplastshop.com\/wp-content\/uploads\/2026\/03\/ChatGPT-Image-10-de-marc-del-2026-13_36_19.png","width":1024,"height":1536},{"@type":"BreadcrumbList","@id":"https:\/\/cyan-dinosaur-128523.hostingersite.com\/bolsas-segun-uso\/bolsas-para-quimicos\/#breadcrumb","itemListElement":[{"@type":"ListItem","position":1,"name":"Portada","item":"https:\/\/bolsaplastshop.com\/"},{"@type":"ListItem","position":2,"name":"Bolsas seg\u00fan uso","item":"https:\/\/cyan-dinosaur-128523.hostingersite.com\/bolsas-segun-uso\/"},{"@type":"ListItem","position":3,"name":"Bolsas para qu\u00edmicos"}]},{"@type":"WebSite","@id":"https:\/\/cyan-dinosaur-128523.hostingersite.com\/#website","url":"https:\/\/cyan-dinosaur-128523.hostingersite.com\/","name":"Bolsaplast Boutique","description":"Sp\u00e9cialis\u00e9 dans l'emballage flexible et l'emballage m\u00e9dical","potentialAction":[{"@type":"SearchAction","target":{"@type":"EntryPoint","urlTemplate":"https:\/\/cyan-dinosaur-128523.hostingersite.com\/?s={search_term_string}"},"query-input":{"@type":"PropertyValueSpecification","valueRequired":true,"valueName":"search_term_string"}}],"inLanguage":"fr-FR"}]}},"_links":{"self":[{"href":"https:\/\/bolsaplastshop.com\/fr\/wp-json\/wp\/v2\/pages\/1076","targetHints":{"allow":["GET"]}}],"collection":[{"href":"https:\/\/bolsaplastshop.com\/fr\/wp-json\/wp\/v2\/pages"}],"about":[{"href":"https:\/\/bolsaplastshop.com\/fr\/wp-json\/wp\/v2\/types\/page"}],"author":[{"embeddable":true,"href":"https:\/\/bolsaplastshop.com\/fr\/wp-json\/wp\/v2\/users\/1"}],"replies":[{"embeddable":true,"href":"https:\/\/bolsaplastshop.com\/fr\/wp-json\/wp\/v2\/comments?post=1076"}],"version-history":[{"count":2,"href":"https:\/\/bolsaplastshop.com\/fr\/wp-json\/wp\/v2\/pages\/1076\/revisions"}],"predecessor-version":[{"id":1111,"href":"https:\/\/bolsaplastshop.com\/fr\/wp-json\/wp\/v2\/pages\/1076\/revisions\/1111"}],"up":[{"embeddable":true,"href":"https:\/\/bolsaplastshop.com\/fr\/wp-json\/wp\/v2\/pages\/1067"}],"wp:featuredmedia":[{"embeddable":true,"href":"https:\/\/bolsaplastshop.com\/fr\/wp-json\/wp\/v2\/media\/1104"}],"wp:attachment":[{"href":"https:\/\/bolsaplastshop.com\/fr\/wp-json\/wp\/v2\/media?parent=1076"}],"curies":[{"name":"wp","href":"https:\/\/api.w.org\/{rel}","templated":true}]}}