{"id":1078,"date":"2026-03-11T10:41:18","date_gmt":"2026-03-11T10:41:18","guid":{"rendered":"https:\/\/cyan-dinosaur-128523.hostingersite.com\/?page_id=1078"},"modified":"2026-03-11T10:41:18","modified_gmt":"2026-03-11T10:41:18","slug":"sacs-a-pates","status":"publish","type":"page","link":"https:\/\/bolsaplastshop.com\/fr\/bolsas-segun-uso\/bolsas-para-pasta\/","title":{"rendered":"Sachets pour p\u00e2tes"},"content":{"rendered":"<!DOCTYPE html PUBLIC \"-\/\/W3C\/\/DTD HTML 4.0 Transitional\/\/EN\" \"http:\/\/www.w3.org\/TR\/REC-html40\/loose.dtd\">\n<?xml encoding=\"utf-8\" ?><html><body><p>Les p\u00e2tes sont un plat tr\u00e8s appr\u00e9ci\u00e9 et populaire. Avec une conservation ad\u00e9quate, elles permettent au client de les consommer au moment qu'il pr\u00e9f\u00e8re. Gr\u00e2ce \u00e0 la&nbsp;<strong>technologie<\/strong>&nbsp;ce que nous appliquons \u00e0 nos sachets, l'emballage de vos p\u00e2tes, qu'il s'agisse de macaronis, spaghettis, cannellonis, tortellinis, nouilles, gnocchis, lasagnes, raviolis, tagliatelles ou noodles, sera en s\u00e9curit\u00e9.<\/p>\n<p>Dans le cas des emballages pour p\u00e2tes, nous consid\u00e9rons que le&nbsp;<strong>sac transparent<\/strong>&nbsp;est le plus appropri\u00e9 pour conserver le produit en bon \u00e9tat, qu'il s'agisse de p\u00e2tes fra\u00eeches ou s\u00e8ches. Pour ce type de produit, il est essentiel de pouvoir voir le contenu, c'est pourquoi l'emballage transparent est l'option id\u00e9ale. Notre objectif final est que le consommateur se sente&nbsp;<strong>attir\u00e9 par le produit sur le point de vente.&nbsp;<\/strong>De plus, les sachets transparents ne sont pas seulement attrayants visuellement, ils offrent une haute&nbsp;<strong>barri\u00e8re \u00e0 l' humidit\u00e9 et \u00e0 l'oxyg\u00e8ne,&nbsp;<\/strong>aidant \u00e0 conserver et \u00e0 bien stocker les p\u00e2tes en  prolongeant la dur\u00e9e de conservation du produit emball\u00e9.<\/p>\n<p>Pour tous types de quantit\u00e9s, chez Bolsaplast nous disposons&nbsp;<strong>de 5 formats standard de sachets<\/strong>, qui vont de 100 ml \u00e0 1 L de capacit\u00e9, le contenant pouvant \u00eatre personnalis\u00e9 au go\u00fbt du consommateur. En ce qui concerne la forme, nous avons diff\u00e9rents formats, depuis les classiques sacs plats au reconnu sachet&nbsp;<strong>doypack<\/strong>. La conception de cet emballage offre une stabilit\u00e9 maximale, vous permettant de placer le produit verticalement sur les \u00e9tag\u00e8res du point de vente.<\/p>\n<p>Nous personnalisons l'emballage par&nbsp;<strong>impression num\u00e9rique<\/strong>&nbsp;pour de petites quantit\u00e9s ou en impression &nbsp;<strong>flexographie<\/strong>&nbsp;quand il s'agit d'une quantit\u00e9 beaucoup plus importante. Vous pourrez regrouper les p\u00e2tes par type et ainsi trier correctement chacun des sachets que vous utiliserez.<\/p>\n<p>Les mat\u00e9riaux utilis\u00e9s dans la fabrication des sachets de Bolsaplast offrent une grande r\u00e9sistance, afin que leur contenu puisse \u00eatre conserv\u00e9 de la meilleure fa\u00e7on possible.<\/p>\n<p>Nous pouvons \u00e9galement confirmer que les produits Bolsaplast sont adapt\u00e9s au contact alimentaire et qu'ils sont fabriqu\u00e9s selon les r\u00e9glementations en vigueur et les proc\u00e9dures obligatoires pour garantir leur qualit\u00e9.<\/p>\n<\/body><\/html>","protected":false},"excerpt":{"rendered":"<p>La pasta es un plato muy apreciado y popular. Con una conservaci&oacute;n adecuada, permite al cliente que sea consumida en el momento que lo prefiera. Gracias a la&nbsp;tecnolog&iacute;a&nbsp;que aplicamos a nuestras bolsas, el envasado de tu pasta, ya sean macarrones, espaguetis, canalones, tortellini, fideos, &ntilde;oquis, lasa&ntilde;a, ravioli, tallarines o noodles, estar&aacute; a buen recaudo. En [&hellip;]<\/p>\n","protected":false},"author":1,"featured_media":1101,"parent":1067,"menu_order":0,"comment_status":"closed","ping_status":"closed","template":"page-producte.php","meta":{"_acf_changed":false,"footnotes":""},"class_list":["post-1078","page","type-page","status-publish","has-post-thumbnail","hentry"],"acf":[],"yoast_head":"<!-- This site is optimized with the Yoast SEO plugin v27.3 - https:\/\/yoast.com\/product\/yoast-seo-wordpress\/ -->\n<title>Bolsas para pasta - Bolsaplast Shop<\/title>\n<meta name=\"robots\" content=\"index, follow, max-snippet:-1, max-image-preview:large, max-video-preview:-1\" \/>\n<link rel=\"canonical\" href=\"https:\/\/cyan-dinosaur-128523.hostingersite.com\/bolsas-segun-uso\/bolsas-para-pasta\/\" \/>\n<meta property=\"og:locale\" content=\"fr_FR\" \/>\n<meta property=\"og:type\" content=\"article\" \/>\n<meta property=\"og:title\" content=\"Bolsas para pasta - Bolsaplast Shop\" \/>\n<meta property=\"og:description\" content=\"La pasta es un plato muy apreciado y popular. Con una conservaci&oacute;n adecuada, permite al cliente que sea consumida en el momento que lo prefiera. Gracias a la&nbsp;tecnolog&iacute;a&nbsp;que aplicamos a nuestras bolsas, el envasado de tu pasta, ya sean macarrones, espaguetis, canalones, tortellini, fideos, &ntilde;oquis, lasa&ntilde;a, ravioli, tallarines o noodles, estar&aacute; a buen recaudo. En [&hellip;]\" \/>\n<meta property=\"og:url\" content=\"https:\/\/cyan-dinosaur-128523.hostingersite.com\/bolsas-segun-uso\/bolsas-para-pasta\/\" \/>\n<meta property=\"og:site_name\" content=\"Bolsaplast Shop\" \/>\n<meta property=\"og:image\" content=\"https:\/\/cyan-dinosaur-128523.hostingersite.com\/wp-content\/uploads\/2026\/03\/ChatGPT-Image-10-de-marc-del-2026-13_33_13-683x1024.png\" \/>\n\t<meta property=\"og:image:width\" content=\"683\" \/>\n\t<meta property=\"og:image:height\" content=\"1024\" \/>\n\t<meta property=\"og:image:type\" content=\"image\/png\" \/>\n<meta name=\"twitter:card\" content=\"summary_large_image\" \/>\n<meta name=\"twitter:label1\" content=\"Dur\u00e9e de lecture estim\u00e9e\" \/>\n\t<meta name=\"twitter:data1\" content=\"2 minutes\" \/>\n<script type=\"application\/ld+json\" class=\"yoast-schema-graph\">{\"@context\":\"https:\\\/\\\/schema.org\",\"@graph\":[{\"@type\":\"WebPage\",\"@id\":\"https:\\\/\\\/cyan-dinosaur-128523.hostingersite.com\\\/bolsas-segun-uso\\\/bolsas-para-pasta\\\/\",\"url\":\"https:\\\/\\\/cyan-dinosaur-128523.hostingersite.com\\\/bolsas-segun-uso\\\/bolsas-para-pasta\\\/\",\"name\":\"Bolsas para pasta - Bolsaplast Shop\",\"isPartOf\":{\"@id\":\"https:\\\/\\\/cyan-dinosaur-128523.hostingersite.com\\\/#website\"},\"primaryImageOfPage\":{\"@id\":\"https:\\\/\\\/cyan-dinosaur-128523.hostingersite.com\\\/bolsas-segun-uso\\\/bolsas-para-pasta\\\/#primaryimage\"},\"image\":{\"@id\":\"https:\\\/\\\/cyan-dinosaur-128523.hostingersite.com\\\/bolsas-segun-uso\\\/bolsas-para-pasta\\\/#primaryimage\"},\"thumbnailUrl\":\"https:\\\/\\\/bolsaplastshop.com\\\/wp-content\\\/uploads\\\/2026\\\/03\\\/ChatGPT-Image-10-de-marc-del-2026-13_33_13.png\",\"datePublished\":\"2026-03-11T10:41:18+00:00\",\"breadcrumb\":{\"@id\":\"https:\\\/\\\/cyan-dinosaur-128523.hostingersite.com\\\/bolsas-segun-uso\\\/bolsas-para-pasta\\\/#breadcrumb\"},\"inLanguage\":\"fr-FR\",\"potentialAction\":[{\"@type\":\"ReadAction\",\"target\":[\"https:\\\/\\\/cyan-dinosaur-128523.hostingersite.com\\\/bolsas-segun-uso\\\/bolsas-para-pasta\\\/\"]}]},{\"@type\":\"ImageObject\",\"inLanguage\":\"fr-FR\",\"@id\":\"https:\\\/\\\/cyan-dinosaur-128523.hostingersite.com\\\/bolsas-segun-uso\\\/bolsas-para-pasta\\\/#primaryimage\",\"url\":\"https:\\\/\\\/bolsaplastshop.com\\\/wp-content\\\/uploads\\\/2026\\\/03\\\/ChatGPT-Image-10-de-marc-del-2026-13_33_13.png\",\"contentUrl\":\"https:\\\/\\\/bolsaplastshop.com\\\/wp-content\\\/uploads\\\/2026\\\/03\\\/ChatGPT-Image-10-de-marc-del-2026-13_33_13.png\",\"width\":1024,\"height\":1536},{\"@type\":\"BreadcrumbList\",\"@id\":\"https:\\\/\\\/cyan-dinosaur-128523.hostingersite.com\\\/bolsas-segun-uso\\\/bolsas-para-pasta\\\/#breadcrumb\",\"itemListElement\":[{\"@type\":\"ListItem\",\"position\":1,\"name\":\"Portada\",\"item\":\"https:\\\/\\\/bolsaplastshop.com\\\/\"},{\"@type\":\"ListItem\",\"position\":2,\"name\":\"Bolsas seg\u00fan uso\",\"item\":\"https:\\\/\\\/cyan-dinosaur-128523.hostingersite.com\\\/bolsas-segun-uso\\\/\"},{\"@type\":\"ListItem\",\"position\":3,\"name\":\"Bolsas para pasta\"}]},{\"@type\":\"WebSite\",\"@id\":\"https:\\\/\\\/cyan-dinosaur-128523.hostingersite.com\\\/#website\",\"url\":\"https:\\\/\\\/cyan-dinosaur-128523.hostingersite.com\\\/\",\"name\":\"Bolsaplast Shop\",\"description\":\"Especializados en packaging flexible y medical packaging\",\"potentialAction\":[{\"@type\":\"SearchAction\",\"target\":{\"@type\":\"EntryPoint\",\"urlTemplate\":\"https:\\\/\\\/cyan-dinosaur-128523.hostingersite.com\\\/?s={search_term_string}\"},\"query-input\":{\"@type\":\"PropertyValueSpecification\",\"valueRequired\":true,\"valueName\":\"search_term_string\"}}],\"inLanguage\":\"fr-FR\"}]}<\/script>\n<!-- \/ Yoast SEO plugin. -->","yoast_head_json":{"title":"Sacs pour p\u00e2tes - Bolsaplast Shop","robots":{"index":"index","follow":"follow","max-snippet":"max-snippet:-1","max-image-preview":"max-image-preview:large","max-video-preview":"max-video-preview:-1"},"canonical":"https:\/\/cyan-dinosaur-128523.hostingersite.com\/bolsas-segun-uso\/bolsas-para-pasta\/","og_locale":"fr_FR","og_type":"article","og_title":"Bolsas para pasta - Bolsaplast Shop","og_description":"La pasta es un plato muy apreciado y popular. Con una conservaci&oacute;n adecuada, permite al cliente que sea consumida en el momento que lo prefiera. Gracias a la&nbsp;tecnolog&iacute;a&nbsp;que aplicamos a nuestras bolsas, el envasado de tu pasta, ya sean macarrones, espaguetis, canalones, tortellini, fideos, &ntilde;oquis, lasa&ntilde;a, ravioli, tallarines o noodles, estar&aacute; a buen recaudo. En [&hellip;]","og_url":"https:\/\/cyan-dinosaur-128523.hostingersite.com\/bolsas-segun-uso\/bolsas-para-pasta\/","og_site_name":"Bolsaplast Shop","og_image":[{"width":683,"height":1024,"url":"https:\/\/cyan-dinosaur-128523.hostingersite.com\/wp-content\/uploads\/2026\/03\/ChatGPT-Image-10-de-marc-del-2026-13_33_13-683x1024.png","type":"image\/png"}],"twitter_card":"summary_large_image","twitter_misc":{"Dur\u00e9e de lecture estim\u00e9e":"2 minutes"},"schema":{"@context":"https:\/\/schema.org","@graph":[{"@type":"WebPage","@id":"https:\/\/cyan-dinosaur-128523.hostingersite.com\/bolsas-segun-uso\/bolsas-para-pasta\/","url":"https:\/\/cyan-dinosaur-128523.hostingersite.com\/bolsas-segun-uso\/bolsas-para-pasta\/","name":"Sacs pour p\u00e2tes - Bolsaplast Shop","isPartOf":{"@id":"https:\/\/cyan-dinosaur-128523.hostingersite.com\/#website"},"primaryImageOfPage":{"@id":"https:\/\/cyan-dinosaur-128523.hostingersite.com\/bolsas-segun-uso\/bolsas-para-pasta\/#primaryimage"},"image":{"@id":"https:\/\/cyan-dinosaur-128523.hostingersite.com\/bolsas-segun-uso\/bolsas-para-pasta\/#primaryimage"},"thumbnailUrl":"https:\/\/bolsaplastshop.com\/wp-content\/uploads\/2026\/03\/ChatGPT-Image-10-de-marc-del-2026-13_33_13.png","datePublished":"2026-03-11T10:41:18+00:00","breadcrumb":{"@id":"https:\/\/cyan-dinosaur-128523.hostingersite.com\/bolsas-segun-uso\/bolsas-para-pasta\/#breadcrumb"},"inLanguage":"fr-FR","potentialAction":[{"@type":"ReadAction","target":["https:\/\/cyan-dinosaur-128523.hostingersite.com\/bolsas-segun-uso\/bolsas-para-pasta\/"]}]},{"@type":"ImageObject","inLanguage":"fr-FR","@id":"https:\/\/cyan-dinosaur-128523.hostingersite.com\/bolsas-segun-uso\/bolsas-para-pasta\/#primaryimage","url":"https:\/\/bolsaplastshop.com\/wp-content\/uploads\/2026\/03\/ChatGPT-Image-10-de-marc-del-2026-13_33_13.png","contentUrl":"https:\/\/bolsaplastshop.com\/wp-content\/uploads\/2026\/03\/ChatGPT-Image-10-de-marc-del-2026-13_33_13.png","width":1024,"height":1536},{"@type":"BreadcrumbList","@id":"https:\/\/cyan-dinosaur-128523.hostingersite.com\/bolsas-segun-uso\/bolsas-para-pasta\/#breadcrumb","itemListElement":[{"@type":"ListItem","position":1,"name":"Portada","item":"https:\/\/bolsaplastshop.com\/"},{"@type":"ListItem","position":2,"name":"Bolsas seg\u00fan uso","item":"https:\/\/cyan-dinosaur-128523.hostingersite.com\/bolsas-segun-uso\/"},{"@type":"ListItem","position":3,"name":"Bolsas para pasta"}]},{"@type":"WebSite","@id":"https:\/\/cyan-dinosaur-128523.hostingersite.com\/#website","url":"https:\/\/cyan-dinosaur-128523.hostingersite.com\/","name":"Bolsaplast Boutique","description":"Sp\u00e9cialis\u00e9 dans l'emballage flexible et l'emballage m\u00e9dical","potentialAction":[{"@type":"SearchAction","target":{"@type":"EntryPoint","urlTemplate":"https:\/\/cyan-dinosaur-128523.hostingersite.com\/?s={search_term_string}"},"query-input":{"@type":"PropertyValueSpecification","valueRequired":true,"valueName":"search_term_string"}}],"inLanguage":"fr-FR"}]}},"_links":{"self":[{"href":"https:\/\/bolsaplastshop.com\/fr\/wp-json\/wp\/v2\/pages\/1078","targetHints":{"allow":["GET"]}}],"collection":[{"href":"https:\/\/bolsaplastshop.com\/fr\/wp-json\/wp\/v2\/pages"}],"about":[{"href":"https:\/\/bolsaplastshop.com\/fr\/wp-json\/wp\/v2\/types\/page"}],"author":[{"embeddable":true,"href":"https:\/\/bolsaplastshop.com\/fr\/wp-json\/wp\/v2\/users\/1"}],"replies":[{"embeddable":true,"href":"https:\/\/bolsaplastshop.com\/fr\/wp-json\/wp\/v2\/comments?post=1078"}],"version-history":[{"count":1,"href":"https:\/\/bolsaplastshop.com\/fr\/wp-json\/wp\/v2\/pages\/1078\/revisions"}],"predecessor-version":[{"id":1113,"href":"https:\/\/bolsaplastshop.com\/fr\/wp-json\/wp\/v2\/pages\/1078\/revisions\/1113"}],"up":[{"embeddable":true,"href":"https:\/\/bolsaplastshop.com\/fr\/wp-json\/wp\/v2\/pages\/1067"}],"wp:featuredmedia":[{"embeddable":true,"href":"https:\/\/bolsaplastshop.com\/fr\/wp-json\/wp\/v2\/media\/1101"}],"wp:attachment":[{"href":"https:\/\/bolsaplastshop.com\/fr\/wp-json\/wp\/v2\/media?parent=1078"}],"curies":[{"name":"wp","href":"https:\/\/api.w.org\/{rel}","templated":true}]}}