{"id":1079,"date":"2026-03-11T10:43:32","date_gmt":"2026-03-11T10:43:32","guid":{"rendered":"https:\/\/cyan-dinosaur-128523.hostingersite.com\/?page_id=1079"},"modified":"2026-03-11T10:43:32","modified_gmt":"2026-03-11T10:43:32","slug":"sacs-pour-fruits-secs","status":"publish","type":"page","link":"https:\/\/bolsaplastshop.com\/fr\/bolsas-segun-uso\/bolsas-para-frutos-secos\/","title":{"rendered":"Sachets pour fruits secs"},"content":{"rendered":"<!DOCTYPE html PUBLIC \"-\/\/W3C\/\/DTD HTML 4.0 Transitional\/\/EN\" \"http:\/\/www.w3.org\/TR\/REC-html40\/loose.dtd\">\n<?xml encoding=\"utf-8\" ?><html><body><p>Chez Bolsaplast, nous avons&nbsp;<strong>des sacs pr\u00e9emball\u00e9s pour l'emballage de fruits secs<\/strong>. Nous savons que cette collation peut \u00eatre appr\u00e9ci\u00e9e \u00e0 tout moment de la journ\u00e9e. Elle est id\u00e9ale pour la garder dans votre sac \u00e0 main, dans la voiture ou au bureau, ce qui en fait une option pratique pour le consommateur final. Surtout si elle est conserv\u00e9e dans un sachet qui permet sa consommation et son transport.<\/p>\n<p>C'est pourquoi nous pensons que les sacs \u00e0 fruits secs les plus appropri\u00e9s sont&nbsp;<strong>les transparents ou ceux en papier<\/strong>. Ces sacs nous attirent et nous permettent de profiter du contenu tout en donnant \u00e0 notre produit un aspect artisanal et \u00e9cologique.<\/p>\n<p>Habituellement, nous offrons&nbsp;<strong>5 formats standard<\/strong>&nbsp;(de 100 ml \u00e0 1 litre de capacit\u00e9). Ces capacit\u00e9s et la possibilit\u00e9 de choisir les mat\u00e9riaux offrent de tr\u00e8s nombreuses options pour emballer les snacks ou fruits secs.<\/p>\n<p>Les finitions d\u00e9termineront \u00e9galement le degr\u00e9 de confort que le client ressentira en achetant le produit. C'est pourquoi nous disposons d'un large \u00e9ventail de finitions qui peuvent apporter la touche distinctive de votre produit sur une \u00e9tag\u00e8re de vente. Zip refermables ou faciles \u00e0 ouvrir sont quelques-uns des extras que vous pourrez proposer avec votre nouvel emballage pour fruits secs.<\/p>\n<p>Les produits Bolsaplast sont sp\u00e9cialement fabriqu\u00e9s selon les r\u00e9glementations en vigueur pour le contact et l'emballage de produits alimentaires, garantissant une qualit\u00e9 d'emballage maximale et \u00e9vitant la contamination du produit.<\/p>\n<p>De la m\u00eame mani\u00e8re, si vous souhaitez que votre produit se d\u00e9marque particuli\u00e8rement sur le march\u00e9, nous pouvons personnaliser les sacs en utilisant l'&nbsp;<strong>impression num\u00e9rique&nbsp;<\/strong>(si elles sont en petites quantit\u00e9s) ou par le biais de la&nbsp;<strong>flexographie&nbsp;<\/strong>(s'il s'agit de s\u00e9ries majeures)<\/p>\n<p>Forts d'une vaste exp\u00e9rience dans la fabrication de sachets, notre technologie permet une excellente conservation de leur contenu, en maintenant les ar\u00f4mes et les saveurs de la meilleure fa\u00e7on possible. Vos fruits secs conserveront ainsi leur&nbsp;<strong>consistance et croquant.<\/strong><\/p>\n<\/body><\/html>","protected":false},"excerpt":{"rendered":"<p>En Bolsaplast contamos con&nbsp;bolsas preconfeccionadas para el envasado de frutos secos. Sabemos que este refrigerio puede disfrutarse en cualquier momento del d&iacute;a. Es ideal para conservar en el bolso, en el coche o en el escritorio de trabajo, por lo que se vuelve una opci&oacute;n pr&aacute;ctica para el consumidor final. Especialmente, si se encuentran conservados [&hellip;]<\/p>\n","protected":false},"author":1,"featured_media":1102,"parent":1067,"menu_order":0,"comment_status":"closed","ping_status":"closed","template":"page-producte.php","meta":{"_acf_changed":false,"footnotes":""},"class_list":["post-1079","page","type-page","status-publish","has-post-thumbnail","hentry"],"acf":[],"yoast_head":"<!-- This site is optimized with the Yoast SEO plugin v27.3 - https:\/\/yoast.com\/product\/yoast-seo-wordpress\/ -->\n<title>Bolsas para frutos secos - Bolsaplast Shop<\/title>\n<meta name=\"robots\" content=\"index, follow, max-snippet:-1, max-image-preview:large, max-video-preview:-1\" \/>\n<link rel=\"canonical\" href=\"https:\/\/cyan-dinosaur-128523.hostingersite.com\/bolsas-segun-uso\/bolsas-para-frutos-secos\/\" \/>\n<meta property=\"og:locale\" content=\"fr_FR\" \/>\n<meta property=\"og:type\" content=\"article\" \/>\n<meta property=\"og:title\" content=\"Bolsas para frutos secos - Bolsaplast Shop\" \/>\n<meta property=\"og:description\" content=\"En Bolsaplast contamos con&nbsp;bolsas preconfeccionadas para el envasado de frutos secos. Sabemos que este refrigerio puede disfrutarse en cualquier momento del d&iacute;a. Es ideal para conservar en el bolso, en el coche o en el escritorio de trabajo, por lo que se vuelve una opci&oacute;n pr&aacute;ctica para el consumidor final. Especialmente, si se encuentran conservados [&hellip;]\" \/>\n<meta property=\"og:url\" content=\"https:\/\/cyan-dinosaur-128523.hostingersite.com\/bolsas-segun-uso\/bolsas-para-frutos-secos\/\" \/>\n<meta property=\"og:site_name\" content=\"Bolsaplast Shop\" \/>\n<meta property=\"og:image\" content=\"https:\/\/cyan-dinosaur-128523.hostingersite.com\/wp-content\/uploads\/2026\/03\/ChatGPT-Image-10-de-marc-del-2026-13_33_58-683x1024.png\" \/>\n\t<meta property=\"og:image:width\" content=\"683\" \/>\n\t<meta property=\"og:image:height\" content=\"1024\" \/>\n\t<meta property=\"og:image:type\" content=\"image\/png\" \/>\n<meta name=\"twitter:card\" content=\"summary_large_image\" \/>\n<meta name=\"twitter:label1\" content=\"Dur\u00e9e de lecture estim\u00e9e\" \/>\n\t<meta name=\"twitter:data1\" content=\"2 minutes\" \/>\n<script type=\"application\/ld+json\" class=\"yoast-schema-graph\">{\"@context\":\"https:\\\/\\\/schema.org\",\"@graph\":[{\"@type\":\"WebPage\",\"@id\":\"https:\\\/\\\/cyan-dinosaur-128523.hostingersite.com\\\/bolsas-segun-uso\\\/bolsas-para-frutos-secos\\\/\",\"url\":\"https:\\\/\\\/cyan-dinosaur-128523.hostingersite.com\\\/bolsas-segun-uso\\\/bolsas-para-frutos-secos\\\/\",\"name\":\"Bolsas para frutos secos - Bolsaplast Shop\",\"isPartOf\":{\"@id\":\"https:\\\/\\\/cyan-dinosaur-128523.hostingersite.com\\\/#website\"},\"primaryImageOfPage\":{\"@id\":\"https:\\\/\\\/cyan-dinosaur-128523.hostingersite.com\\\/bolsas-segun-uso\\\/bolsas-para-frutos-secos\\\/#primaryimage\"},\"image\":{\"@id\":\"https:\\\/\\\/cyan-dinosaur-128523.hostingersite.com\\\/bolsas-segun-uso\\\/bolsas-para-frutos-secos\\\/#primaryimage\"},\"thumbnailUrl\":\"https:\\\/\\\/bolsaplastshop.com\\\/wp-content\\\/uploads\\\/2026\\\/03\\\/ChatGPT-Image-10-de-marc-del-2026-13_33_58.png\",\"datePublished\":\"2026-03-11T10:43:32+00:00\",\"breadcrumb\":{\"@id\":\"https:\\\/\\\/cyan-dinosaur-128523.hostingersite.com\\\/bolsas-segun-uso\\\/bolsas-para-frutos-secos\\\/#breadcrumb\"},\"inLanguage\":\"fr-FR\",\"potentialAction\":[{\"@type\":\"ReadAction\",\"target\":[\"https:\\\/\\\/cyan-dinosaur-128523.hostingersite.com\\\/bolsas-segun-uso\\\/bolsas-para-frutos-secos\\\/\"]}]},{\"@type\":\"ImageObject\",\"inLanguage\":\"fr-FR\",\"@id\":\"https:\\\/\\\/cyan-dinosaur-128523.hostingersite.com\\\/bolsas-segun-uso\\\/bolsas-para-frutos-secos\\\/#primaryimage\",\"url\":\"https:\\\/\\\/bolsaplastshop.com\\\/wp-content\\\/uploads\\\/2026\\\/03\\\/ChatGPT-Image-10-de-marc-del-2026-13_33_58.png\",\"contentUrl\":\"https:\\\/\\\/bolsaplastshop.com\\\/wp-content\\\/uploads\\\/2026\\\/03\\\/ChatGPT-Image-10-de-marc-del-2026-13_33_58.png\",\"width\":1024,\"height\":1536},{\"@type\":\"BreadcrumbList\",\"@id\":\"https:\\\/\\\/cyan-dinosaur-128523.hostingersite.com\\\/bolsas-segun-uso\\\/bolsas-para-frutos-secos\\\/#breadcrumb\",\"itemListElement\":[{\"@type\":\"ListItem\",\"position\":1,\"name\":\"Portada\",\"item\":\"https:\\\/\\\/bolsaplastshop.com\\\/\"},{\"@type\":\"ListItem\",\"position\":2,\"name\":\"Bolsas seg\u00fan uso\",\"item\":\"https:\\\/\\\/cyan-dinosaur-128523.hostingersite.com\\\/bolsas-segun-uso\\\/\"},{\"@type\":\"ListItem\",\"position\":3,\"name\":\"Bolsas para frutos secos\"}]},{\"@type\":\"WebSite\",\"@id\":\"https:\\\/\\\/cyan-dinosaur-128523.hostingersite.com\\\/#website\",\"url\":\"https:\\\/\\\/cyan-dinosaur-128523.hostingersite.com\\\/\",\"name\":\"Bolsaplast Shop\",\"description\":\"Especializados en packaging flexible y medical packaging\",\"potentialAction\":[{\"@type\":\"SearchAction\",\"target\":{\"@type\":\"EntryPoint\",\"urlTemplate\":\"https:\\\/\\\/cyan-dinosaur-128523.hostingersite.com\\\/?s={search_term_string}\"},\"query-input\":{\"@type\":\"PropertyValueSpecification\",\"valueRequired\":true,\"valueName\":\"search_term_string\"}}],\"inLanguage\":\"fr-FR\"}]}<\/script>\n<!-- \/ Yoast SEO plugin. -->","yoast_head_json":{"title":"Bolsas para frutos secos - Bolsaplast Shop","robots":{"index":"index","follow":"follow","max-snippet":"max-snippet:-1","max-image-preview":"max-image-preview:large","max-video-preview":"max-video-preview:-1"},"canonical":"https:\/\/cyan-dinosaur-128523.hostingersite.com\/bolsas-segun-uso\/bolsas-para-frutos-secos\/","og_locale":"fr_FR","og_type":"article","og_title":"Bolsas para frutos secos - Bolsaplast Shop","og_description":"En Bolsaplast contamos con&nbsp;bolsas preconfeccionadas para el envasado de frutos secos. Sabemos que este refrigerio puede disfrutarse en cualquier momento del d&iacute;a. Es ideal para conservar en el bolso, en el coche o en el escritorio de trabajo, por lo que se vuelve una opci&oacute;n pr&aacute;ctica para el consumidor final. Especialmente, si se encuentran conservados [&hellip;]","og_url":"https:\/\/cyan-dinosaur-128523.hostingersite.com\/bolsas-segun-uso\/bolsas-para-frutos-secos\/","og_site_name":"Bolsaplast Shop","og_image":[{"width":683,"height":1024,"url":"https:\/\/cyan-dinosaur-128523.hostingersite.com\/wp-content\/uploads\/2026\/03\/ChatGPT-Image-10-de-marc-del-2026-13_33_58-683x1024.png","type":"image\/png"}],"twitter_card":"summary_large_image","twitter_misc":{"Dur\u00e9e de lecture estim\u00e9e":"2 minutes"},"schema":{"@context":"https:\/\/schema.org","@graph":[{"@type":"WebPage","@id":"https:\/\/cyan-dinosaur-128523.hostingersite.com\/bolsas-segun-uso\/bolsas-para-frutos-secos\/","url":"https:\/\/cyan-dinosaur-128523.hostingersite.com\/bolsas-segun-uso\/bolsas-para-frutos-secos\/","name":"Bolsas para frutos secos - Bolsaplast Shop","isPartOf":{"@id":"https:\/\/cyan-dinosaur-128523.hostingersite.com\/#website"},"primaryImageOfPage":{"@id":"https:\/\/cyan-dinosaur-128523.hostingersite.com\/bolsas-segun-uso\/bolsas-para-frutos-secos\/#primaryimage"},"image":{"@id":"https:\/\/cyan-dinosaur-128523.hostingersite.com\/bolsas-segun-uso\/bolsas-para-frutos-secos\/#primaryimage"},"thumbnailUrl":"https:\/\/bolsaplastshop.com\/wp-content\/uploads\/2026\/03\/ChatGPT-Image-10-de-marc-del-2026-13_33_58.png","datePublished":"2026-03-11T10:43:32+00:00","breadcrumb":{"@id":"https:\/\/cyan-dinosaur-128523.hostingersite.com\/bolsas-segun-uso\/bolsas-para-frutos-secos\/#breadcrumb"},"inLanguage":"fr-FR","potentialAction":[{"@type":"ReadAction","target":["https:\/\/cyan-dinosaur-128523.hostingersite.com\/bolsas-segun-uso\/bolsas-para-frutos-secos\/"]}]},{"@type":"ImageObject","inLanguage":"fr-FR","@id":"https:\/\/cyan-dinosaur-128523.hostingersite.com\/bolsas-segun-uso\/bolsas-para-frutos-secos\/#primaryimage","url":"https:\/\/bolsaplastshop.com\/wp-content\/uploads\/2026\/03\/ChatGPT-Image-10-de-marc-del-2026-13_33_58.png","contentUrl":"https:\/\/bolsaplastshop.com\/wp-content\/uploads\/2026\/03\/ChatGPT-Image-10-de-marc-del-2026-13_33_58.png","width":1024,"height":1536},{"@type":"BreadcrumbList","@id":"https:\/\/cyan-dinosaur-128523.hostingersite.com\/bolsas-segun-uso\/bolsas-para-frutos-secos\/#breadcrumb","itemListElement":[{"@type":"ListItem","position":1,"name":"Portada","item":"https:\/\/bolsaplastshop.com\/"},{"@type":"ListItem","position":2,"name":"Bolsas seg\u00fan uso","item":"https:\/\/cyan-dinosaur-128523.hostingersite.com\/bolsas-segun-uso\/"},{"@type":"ListItem","position":3,"name":"Bolsas para frutos secos"}]},{"@type":"WebSite","@id":"https:\/\/cyan-dinosaur-128523.hostingersite.com\/#website","url":"https:\/\/cyan-dinosaur-128523.hostingersite.com\/","name":"Bolsaplast Boutique","description":"Sp\u00e9cialis\u00e9 dans l'emballage flexible et l'emballage m\u00e9dical","potentialAction":[{"@type":"SearchAction","target":{"@type":"EntryPoint","urlTemplate":"https:\/\/cyan-dinosaur-128523.hostingersite.com\/?s={search_term_string}"},"query-input":{"@type":"PropertyValueSpecification","valueRequired":true,"valueName":"search_term_string"}}],"inLanguage":"fr-FR"}]}},"_links":{"self":[{"href":"https:\/\/bolsaplastshop.com\/fr\/wp-json\/wp\/v2\/pages\/1079","targetHints":{"allow":["GET"]}}],"collection":[{"href":"https:\/\/bolsaplastshop.com\/fr\/wp-json\/wp\/v2\/pages"}],"about":[{"href":"https:\/\/bolsaplastshop.com\/fr\/wp-json\/wp\/v2\/types\/page"}],"author":[{"embeddable":true,"href":"https:\/\/bolsaplastshop.com\/fr\/wp-json\/wp\/v2\/users\/1"}],"replies":[{"embeddable":true,"href":"https:\/\/bolsaplastshop.com\/fr\/wp-json\/wp\/v2\/comments?post=1079"}],"version-history":[{"count":1,"href":"https:\/\/bolsaplastshop.com\/fr\/wp-json\/wp\/v2\/pages\/1079\/revisions"}],"predecessor-version":[{"id":1114,"href":"https:\/\/bolsaplastshop.com\/fr\/wp-json\/wp\/v2\/pages\/1079\/revisions\/1114"}],"up":[{"embeddable":true,"href":"https:\/\/bolsaplastshop.com\/fr\/wp-json\/wp\/v2\/pages\/1067"}],"wp:featuredmedia":[{"embeddable":true,"href":"https:\/\/bolsaplastshop.com\/fr\/wp-json\/wp\/v2\/media\/1102"}],"wp:attachment":[{"href":"https:\/\/bolsaplastshop.com\/fr\/wp-json\/wp\/v2\/media?parent=1079"}],"curies":[{"name":"wp","href":"https:\/\/api.w.org\/{rel}","templated":true}]}}