{"id":1161,"date":"2026-03-18T12:03:48","date_gmt":"2026-03-18T12:03:48","guid":{"rendered":"https:\/\/cyan-dinosaur-128523.hostingersite.com\/?page_id=1161"},"modified":"2026-03-18T12:03:48","modified_gmt":"2026-03-18T12:03:48","slug":"sus-datos-seguros","status":"publish","type":"page","link":"https:\/\/bolsaplastshop.com\/fr\/sus-datos-seguros\/","title":{"rendered":"Vos donn\u00e9es s\u00e9curis\u00e9es"},"content":{"rendered":"<!DOCTYPE html PUBLIC \"-\/\/W3C\/\/DTD HTML 4.0 Transitional\/\/EN\" \"http:\/\/www.w3.org\/TR\/REC-html40\/loose.dtd\">\n<?xml encoding=\"utf-8\" ?><html><body><p>En Europa y en Espa&ntilde;a existen normas de protecci&oacute;n de datos pensadas para proteger su informaci&oacute;n personal de obligado cumplimiento para nuestra entidad.<\/p>\n<p>Por ello, es muy importante para nosotros que entienda perfectamente qu&eacute; vamos a hacer con los datos personales que le pedimos.<\/p>\n<p>As&iacute;, seremos transparentes y le daremos el control de sus datos, con un lenguaje sencillo y opciones claras que le permitir&aacute;n decidir qu&eacute; haremos con su informaci&oacute;n personal.<\/p>\n<p>Por favor, si una vez le&iacute;da la presente informaci&oacute;n le queda alguna duda, no dude en preguntarnos.<\/p>\n<p>Muchas gracias por su colaboraci&oacute;n.<\/p>\n<p><strong>&iquest;<\/strong><strong>Qui&eacute;nes somos?<\/strong><\/p>\n<ul>\n<li>Nuestra denominaci&oacute;n: <strong>BOLSAPLAST S.L.<\/strong><\/li>\n<li>Notre CIF \/ NIF : <strong>B08808990<\/strong><\/li>\n<li>Notre activit\u00e9 principale :<strong> Fabricaci&oacute;n de embalaje flexible<\/strong><\/li>\n<li>Nuestra direcci&oacute;n: <strong>C\/ Bernat Metge 110-112, CP 08205, SABADELL (Barcelona)<\/strong><\/li>\n<li>Nuestro tel&eacute;fono de contacto: <strong>937117361<\/strong><\/li>\n<li>Nuestra direcci&oacute;n de correo electr&oacute;nico de contacto: <strong>bolsaplast@bolsaplast.com<\/strong><\/li>\n<li>Nuestra p&aacute;gina web: <strong>bolsaplast.com; www.bolsaplastshop.com.<\/strong><\/li>\n<li>Para su confianza y seguridad, le informamos que somos una entidad inscrita en el siguiente Registro Mercantil \/Registro P&uacute;blico:<\/li>\n<\/ul>\n<p>Estamos a su disposici&oacute;n, no dude en contactar con nosotros.<\/p>\n<p><strong>&iquest;Para qu&eacute; vamos a usar sus datos?<\/strong><\/p>\n<p>Con car&aacute;cter general, sus datos personales ser&aacute;n usados para poder relacionarnos con usted y poder prestarle nuestros servicios.<\/p>\n<p>Asimismo, tambi&eacute;n pueden ser usados para otras actividades, como enviarle publicidad o promocionar nuestras actividades.<\/p>\n<p><strong>&iquest;Por qu&eacute; necesitamos usar sus datos?<\/strong><\/p>\n<p>Sus datos personales son necesarios para poder relacionarnos con usted y poder prestarle nuestros servicios. En este sentido, pondremos a su disposici&oacute;n una serie de casillas que le permitir&aacute;n decidir de manera clara y sencilla sobre el uso de su informaci&oacute;n personal.<\/p>\n<p><strong>&iquest;Qui&eacute;n va a conocer la informaci&oacute;n que le pedimos?<\/strong><\/p>\n<p>Con car&aacute;cter general, s&oacute;lo el personal de nuestra entidad que est&eacute; debidamente autorizado podr&aacute; tener conocimiento de la informaci&oacute;n que le pedimos.<\/p>\n<p>De igual modo, podr&aacute;n tener conocimiento de su informaci&oacute;n personal aquellas entidades que necesiten tener acceso a la misma para que podamos prestarle nuestros servicios. As&iacute; por ejemplo, nuestro banco conocer&aacute; sus datos si el pago de nuestros servicios se realiza mediante tarjeta o transferencia bancaria.<\/p>\n<p>Asimismo, tendr&aacute;n conocimiento de su informaci&oacute;n aquellas entidades p&uacute;blicas o privadas a las cuales estemos obligados a facilitar sus datos personales con motivo del cumplimiento de alguna ley. Poni&eacute;ndole un ejemplo, la Ley Tributaria obliga a facilitar a la Agencia Tributaria determinada informaci&oacute;n sobre operaciones econ&oacute;micas que superen una determinada cantidad.<\/p>\n<p>En el caso de que, al margen de los supuestos comentados, necesitemos dar a conocer&nbsp; su informaci&oacute;n personal a otras entidades, le solicitaremos previamente su permiso a trav&eacute;s de opciones claras que le permitir&aacute;n decidir a este respecto.<\/p>\n<p><strong>&iquest;C&oacute;mo vamos a proteger sus datos?<\/strong><\/p>\n<p>Protegeremos sus datos con medidas de seguridad eficaces en funci&oacute;n de los riesgos que conlleve el uso de su informaci&oacute;n.<\/p>\n<p>Para ello, nuestra entidad ha aprobado una Pol&iacute;tica de Protecci&oacute;n de Datos y se realizan controles y auditor&iacute;as anuales para verificar que sus datos personales est&aacute;n seguros en todo momento.<\/p>\n<p><strong>&iquest;Enviaremos sus datos a otros pa&iacute;ses?<\/strong><\/p>\n<p>En el mundo hay pa&iacute;ses que son seguros para sus datos y otros que no lo son tanto. As&iacute; por ejemplo, la Uni&oacute;n Europea es un entorno seguro para sus datos. Nuestra pol&iacute;tica es no enviar su informaci&oacute;n personal a ning&uacute;n pa&iacute;s que no sea seguro desde el punto de vista de la protecci&oacute;n de sus datos.<\/p>\n<p>En el caso de que, con motivo de prestarle el servicio, sea imprescindible enviar sus datos a un pa&iacute;s que no sea tan seguro como Espa&ntilde;a, siempre le solicitaremos previamente su permiso y aplicaremos medidas de seguridad eficaces que reduzcan los riesgos del env&iacute;o de su informaci&oacute;n personal a otro pa&iacute;s.<\/p>\n<p><strong>&iquest;Durante cu&aacute;nto tiempo vamos a conservar sus datos?<\/strong><\/p>\n<p>Conservaremos sus datos durante nuestra relaci&oacute;n y mientras nos obliguen las leyes. Una vez finalizados los plazos legales aplicables, procederemos a eliminarlos de forma segura y respetuosa con el medio ambiente.<\/p>\n<p><strong>&iquest;Cu&aacute;les son sus derechos de protecci&oacute;n de datos?<\/strong><\/p>\n<p>En cualquier momento puede dirigirse a nosotros para saber qu&eacute; informaci&oacute;n tenemos sobre usted, rectificarla si fuese incorrecta y eliminarla una vez finalizada nuestra relaci&oacute;n, en el caso de que ello sea legalmente posible.<\/p>\n<p>Tambi&eacute;n tiene derecho a solicitar el traspaso de su informaci&oacute;n a otra entidad. Este derecho se llama &ldquo;portabilidad&rdquo; y puede ser &uacute;til en determinadas situaciones.<\/p>\n<p>Para solicitar alguno de estos derechos, deber&aacute; realizar una solicitud escrita a nuestra direcci&oacute;n, junto con una fotocopia de su DNI, para poder identificarle.<\/p>\n<p>En las oficinas de nuestra entidad disponemos de formularios espec&iacute;ficos para solicitar dichos derechos y le ofrecemos nuestra ayuda para su cumplimentaci&oacute;n.<\/p>\n<p>Para saber m&aacute;s sobre sus derechos de protecci&oacute;n de datos, puede consultar la &nbsp;p&aacute;gina web de la Agencia Espa&ntilde;ola de Protecci&oacute;n de Datos (<a href=\"http:\/\/www.agpd.es\">www.agpd.es<\/a>).<\/p>\n<p><strong>&iquest;Puede retirar su consentimiento si cambia de opini&oacute;n en un momento posterior?<\/strong><\/p>\n<p>Usted puede retirar su consentimiento si cambia de opini&oacute;n sobre el uso de sus datos en cualquier momento.<\/p>\n<p>As&iacute; por ejemplo, si usted en su d&iacute;a estuvo interesado\/a en recibir publicidad de nuestros productos o servicios, pero ya no desea recibir m&aacute;s publicidad, puede hac&eacute;rnoslo constar a trav&eacute;s del formulario de oposici&oacute;n al tratamiento disponible en las oficinas de nuestra entidad.<\/p>\n<p><strong>En caso de que entienda que sus derechos han sido desatendidos, &iquest;d&oacute;nde puede formular una reclamaci&oacute;n?<\/strong><\/p>\n<p>En caso de que entienda que sus derechos han sido desatendidos por nuestra entidad, puede formular una reclamaci&oacute;n en la Agencia Espa&ntilde;ola de Protecci&oacute;n de Datos, a trav&eacute;s de alguno de los medios siguientes:<\/p>\n<ul>\n<li>Sede electr&oacute;nica: www.agpd.es<\/li>\n<li>Direcci&oacute;n postal:<br>\nAgencia Espa&ntilde;ola de Protecci&oacute;n de Datos<br>\nC\/ Jorge Juan, 6<br>\n28001-Madrid<\/li>\n<\/ul>\n<ul>\n<li>V&iacute;a telef&oacute;nica:<br>\nT\u00e9l. 901 100 099<br>\nT\u00e9l. 91 266 35 17<\/li>\n<\/ul>\n<p>Formular una reclamaci&oacute;n en la Agencia Espa&ntilde;ola de Protecci&oacute;n de Datos no conlleva ning&uacute;n coste y no es necesaria la asistencia de abogado ni procurador.<\/p>\n<p><strong>&iquest;Elaboraremos perfiles sobre usted?<\/strong><\/p>\n<p>Nuestra pol&iacute;tica es no elaborar perfiles sobre los usuarios de nuestros servicios.<\/p>\n<p>No obstante, pueden existir situaciones en las que, con fines de prestaci&oacute;n del servicio, comerciales o de otro tipo, necesitemos elaborar perfiles de informaci&oacute;n sobre usted. Un ejemplo pudiera ser la utilizaci&oacute;n de su historial de compras o servicios para poder ofrecerle productos o servicios adaptados a sus gustos o necesidades.<\/p>\n<p>En tal caso, aplicaremos medidas de seguridad eficaces que protejan su informaci&oacute;n en todo momento de personas no autorizadas que pretendan utilizarla en su propio beneficio.<\/p>\n<p><strong>&iquest;Usaremos sus datos para otros fines?<\/strong><\/p>\n<p>Nuestra pol&iacute;tica es no usar sus datos para otras finalidades distintas a las que le hemos explicado. Si, no obstante, necesit&aacute;semos usar sus datos para actividades distintas, siempre le solicitaremos previamente su permiso a trav&eacute;s de opciones claras que le permitir&aacute;n decidir al respecto.<\/p>\n<\/body><\/html>","protected":false},"excerpt":{"rendered":"<p>En Europa y en Espa&ntilde;a existen normas de protecci&oacute;n de datos pensadas para proteger su informaci&oacute;n personal de obligado cumplimiento para nuestra entidad. Por ello, es muy importante para nosotros que entienda perfectamente qu&eacute; vamos a hacer con los datos personales que le pedimos. As&iacute;, seremos transparentes y le daremos el control de sus datos, [&hellip;]<\/p>\n","protected":false},"author":1,"featured_media":0,"parent":0,"menu_order":0,"comment_status":"closed","ping_status":"closed","template":"","meta":{"_acf_changed":false,"footnotes":""},"class_list":["post-1161","page","type-page","status-publish","hentry"],"acf":[],"yoast_head":"<!-- This site is optimized with the Yoast SEO plugin v27.3 - https:\/\/yoast.com\/product\/yoast-seo-wordpress\/ -->\n<title>Sus datos seguros - Bolsaplast Shop<\/title>\n<meta name=\"robots\" content=\"index, follow, max-snippet:-1, max-image-preview:large, max-video-preview:-1\" \/>\n<link rel=\"canonical\" href=\"https:\/\/cyan-dinosaur-128523.hostingersite.com\/sus-datos-seguros\/\" \/>\n<meta property=\"og:locale\" content=\"fr_FR\" \/>\n<meta property=\"og:type\" content=\"article\" \/>\n<meta property=\"og:title\" content=\"Sus datos seguros - Bolsaplast Shop\" \/>\n<meta property=\"og:description\" content=\"En Europa y en Espa&ntilde;a existen normas de protecci&oacute;n de datos pensadas para proteger su informaci&oacute;n personal de obligado cumplimiento para nuestra entidad. Por ello, es muy importante para nosotros que entienda perfectamente qu&eacute; vamos a hacer con los datos personales que le pedimos. As&iacute;, seremos transparentes y le daremos el control de sus datos, [&hellip;]\" \/>\n<meta property=\"og:url\" content=\"https:\/\/cyan-dinosaur-128523.hostingersite.com\/sus-datos-seguros\/\" \/>\n<meta property=\"og:site_name\" content=\"Bolsaplast Shop\" \/>\n<meta name=\"twitter:card\" content=\"summary_large_image\" \/>\n<meta name=\"twitter:label1\" content=\"Dur\u00e9e de lecture estim\u00e9e\" \/>\n\t<meta name=\"twitter:data1\" content=\"5 minutes\" \/>\n<script type=\"application\/ld+json\" class=\"yoast-schema-graph\">{\"@context\":\"https:\\\/\\\/schema.org\",\"@graph\":[{\"@type\":\"WebPage\",\"@id\":\"https:\\\/\\\/cyan-dinosaur-128523.hostingersite.com\\\/sus-datos-seguros\\\/\",\"url\":\"https:\\\/\\\/cyan-dinosaur-128523.hostingersite.com\\\/sus-datos-seguros\\\/\",\"name\":\"Sus datos seguros - Bolsaplast Shop\",\"isPartOf\":{\"@id\":\"https:\\\/\\\/cyan-dinosaur-128523.hostingersite.com\\\/#website\"},\"datePublished\":\"2026-03-18T12:03:48+00:00\",\"breadcrumb\":{\"@id\":\"https:\\\/\\\/cyan-dinosaur-128523.hostingersite.com\\\/sus-datos-seguros\\\/#breadcrumb\"},\"inLanguage\":\"fr-FR\",\"potentialAction\":[{\"@type\":\"ReadAction\",\"target\":[\"https:\\\/\\\/cyan-dinosaur-128523.hostingersite.com\\\/sus-datos-seguros\\\/\"]}]},{\"@type\":\"BreadcrumbList\",\"@id\":\"https:\\\/\\\/cyan-dinosaur-128523.hostingersite.com\\\/sus-datos-seguros\\\/#breadcrumb\",\"itemListElement\":[{\"@type\":\"ListItem\",\"position\":1,\"name\":\"Portada\",\"item\":\"https:\\\/\\\/bolsaplastshop.com\\\/\"},{\"@type\":\"ListItem\",\"position\":2,\"name\":\"Sus datos seguros\"}]},{\"@type\":\"WebSite\",\"@id\":\"https:\\\/\\\/cyan-dinosaur-128523.hostingersite.com\\\/#website\",\"url\":\"https:\\\/\\\/cyan-dinosaur-128523.hostingersite.com\\\/\",\"name\":\"Bolsaplast Shop\",\"description\":\"Especializados en packaging flexible y medical packaging\",\"potentialAction\":[{\"@type\":\"SearchAction\",\"target\":{\"@type\":\"EntryPoint\",\"urlTemplate\":\"https:\\\/\\\/cyan-dinosaur-128523.hostingersite.com\\\/?s={search_term_string}\"},\"query-input\":{\"@type\":\"PropertyValueSpecification\",\"valueRequired\":true,\"valueName\":\"search_term_string\"}}],\"inLanguage\":\"fr-FR\"}]}<\/script>\n<!-- \/ Yoast SEO plugin. -->","yoast_head_json":{"title":"Sus datos seguros - Bolsaplast Shop","robots":{"index":"index","follow":"follow","max-snippet":"max-snippet:-1","max-image-preview":"max-image-preview:large","max-video-preview":"max-video-preview:-1"},"canonical":"https:\/\/cyan-dinosaur-128523.hostingersite.com\/sus-datos-seguros\/","og_locale":"fr_FR","og_type":"article","og_title":"Sus datos seguros - Bolsaplast Shop","og_description":"En Europa y en Espa&ntilde;a existen normas de protecci&oacute;n de datos pensadas para proteger su informaci&oacute;n personal de obligado cumplimiento para nuestra entidad. Por ello, es muy importante para nosotros que entienda perfectamente qu&eacute; vamos a hacer con los datos personales que le pedimos. As&iacute;, seremos transparentes y le daremos el control de sus datos, [&hellip;]","og_url":"https:\/\/cyan-dinosaur-128523.hostingersite.com\/sus-datos-seguros\/","og_site_name":"Bolsaplast Shop","twitter_card":"summary_large_image","twitter_misc":{"Dur\u00e9e de lecture estim\u00e9e":"5 minutes"},"schema":{"@context":"https:\/\/schema.org","@graph":[{"@type":"WebPage","@id":"https:\/\/cyan-dinosaur-128523.hostingersite.com\/sus-datos-seguros\/","url":"https:\/\/cyan-dinosaur-128523.hostingersite.com\/sus-datos-seguros\/","name":"Sus datos seguros - Bolsaplast Shop","isPartOf":{"@id":"https:\/\/cyan-dinosaur-128523.hostingersite.com\/#website"},"datePublished":"2026-03-18T12:03:48+00:00","breadcrumb":{"@id":"https:\/\/cyan-dinosaur-128523.hostingersite.com\/sus-datos-seguros\/#breadcrumb"},"inLanguage":"fr-FR","potentialAction":[{"@type":"ReadAction","target":["https:\/\/cyan-dinosaur-128523.hostingersite.com\/sus-datos-seguros\/"]}]},{"@type":"BreadcrumbList","@id":"https:\/\/cyan-dinosaur-128523.hostingersite.com\/sus-datos-seguros\/#breadcrumb","itemListElement":[{"@type":"ListItem","position":1,"name":"Portada","item":"https:\/\/bolsaplastshop.com\/"},{"@type":"ListItem","position":2,"name":"Sus datos seguros"}]},{"@type":"WebSite","@id":"https:\/\/cyan-dinosaur-128523.hostingersite.com\/#website","url":"https:\/\/cyan-dinosaur-128523.hostingersite.com\/","name":"Bolsaplast Boutique","description":"Sp\u00e9cialis\u00e9 dans l'emballage flexible et l'emballage m\u00e9dical","potentialAction":[{"@type":"SearchAction","target":{"@type":"EntryPoint","urlTemplate":"https:\/\/cyan-dinosaur-128523.hostingersite.com\/?s={search_term_string}"},"query-input":{"@type":"PropertyValueSpecification","valueRequired":true,"valueName":"search_term_string"}}],"inLanguage":"fr-FR"}]}},"_links":{"self":[{"href":"https:\/\/bolsaplastshop.com\/fr\/wp-json\/wp\/v2\/pages\/1161","targetHints":{"allow":["GET"]}}],"collection":[{"href":"https:\/\/bolsaplastshop.com\/fr\/wp-json\/wp\/v2\/pages"}],"about":[{"href":"https:\/\/bolsaplastshop.com\/fr\/wp-json\/wp\/v2\/types\/page"}],"author":[{"embeddable":true,"href":"https:\/\/bolsaplastshop.com\/fr\/wp-json\/wp\/v2\/users\/1"}],"replies":[{"embeddable":true,"href":"https:\/\/bolsaplastshop.com\/fr\/wp-json\/wp\/v2\/comments?post=1161"}],"version-history":[{"count":1,"href":"https:\/\/bolsaplastshop.com\/fr\/wp-json\/wp\/v2\/pages\/1161\/revisions"}],"predecessor-version":[{"id":1162,"href":"https:\/\/bolsaplastshop.com\/fr\/wp-json\/wp\/v2\/pages\/1161\/revisions\/1162"}],"wp:attachment":[{"href":"https:\/\/bolsaplastshop.com\/fr\/wp-json\/wp\/v2\/media?parent=1161"}],"curies":[{"name":"wp","href":"https:\/\/api.w.org\/{rel}","templated":true}]}}