{"id":1242,"date":"2026-04-10T07:06:30","date_gmt":"2026-04-10T07:06:30","guid":{"rendered":"https:\/\/cyan-dinosaur-128523.hostingersite.com\/?page_id=1242"},"modified":"2026-04-10T07:33:09","modified_gmt":"2026-04-10T07:33:09","slug":"packaging-sanitario","status":"publish","type":"page","link":"https:\/\/bolsaplastshop.com\/fr\/bolsas-segun-uso\/packaging-sanitario\/","title":{"rendered":"Emballage sanitaire"},"content":{"rendered":"<!DOCTYPE html PUBLIC \"-\/\/W3C\/\/DTD HTML 4.0 Transitional\/\/EN\" \"http:\/\/www.w3.org\/TR\/REC-html40\/loose.dtd\">\n<?xml encoding=\"utf-8\" ?><html><body><p data-start=\"0\" data-end=\"249\">Ce type de sac est utilis\u00e9 pour <strong data-start=\"35\" data-end=\"79\">pr\u00e9parer, prot\u00e9ger et pr\u00e9senter des produits<\/strong> doivent \u00eatre st\u00e9rilis\u00e9s avant d'\u00eatre utilis\u00e9s dans les h\u00f4pitaux, cliniques, cabinets dentaires, centres v\u00e9t\u00e9rinaires et laboratoires, ou par le fabricant de dispositifs m\u00e9dicaux lui-m\u00eame.<\/p>\n<p data-start=\"251\" data-end=\"470\">\u00c0 la diff\u00e9rence d'un emballage conventionnel, les <strong data-start=\"295\" data-end=\"337\">sacs pour processus de st\u00e9rilisation<\/strong> sont con\u00e7us pour permettre le passage de l'agent st\u00e9rilisant pendant le cycle et maintenir la st\u00e9rilisation jusqu'au point d'utilisation.<\/p>\n<p data-start=\"472\" data-end=\"675\">C'est pourquoi choisir <strong data-start=\"488\" data-end=\"528\">sacs pour st\u00e9rilisation adapt\u00e9s<\/strong> est fondamental lorsque l'on travaille avec du mat\u00e9riel m\u00e9dical, des consommables sanitaires ou des produits n\u00e9cessitant un haut niveau d'hygi\u00e8ne et de s\u00e9curit\u00e9.<\/p>\n<p data-start=\"677\" data-end=\"989\">Nos sachets de st\u00e9rilisation sont indiqu\u00e9s pour les applications sanitaires o\u00f9 l'emballage doit r\u00e9pondre \u00e0 une <strong data-start=\"798\" data-end=\"817\">fonction technique<\/strong> et pas seulement de pr\u00e9sentation. Nous sommes conformes \u00e0 la norme ISO13485 en tant que fabricants et tous nos produits sont fabriqu\u00e9s dans le cadre de la norme ISO11607-1 et de la s\u00e9rie EN868.<\/p>\n<p data-start=\"991\" data-end=\"1237\">Elles sont aptes \u00e0 l'emballage de produits destin\u00e9s \u00e0 des processus de st\u00e9rilisation par diff\u00e9rentes m\u00e9thodes comme la vapeur, l'oxyde d'\u00e9thyl\u00e8ne, le formald\u00e9hyde, le plasma ou les radiations, toujours selon le type de mat\u00e9riau et la compatibilit\u00e9 requise dans chaque cas.<\/p>\n<p data-start=\"1239\" data-end=\"1383\">Cet emballage sanitaire est con\u00e7u pour offrir une combinaison \u00e9quilibr\u00e9e de <strong data-start=\"1321\" data-end=\"1363\">s\u00e9curit\u00e9, r\u00e9sistance et fonctionnalit\u00e9<\/strong> dans un usage quotidien.<\/p>\n<p data-start=\"1385\" data-end=\"1580\">En plus de prot\u00e9ger le contenu, les sacs pour instruments m\u00e9dicaux facilitent l'organisation, l'identification visuelle du produit et une <strong data-start=\"1525\" data-end=\"1552\">manipulation plus s\u00fbre<\/strong> dans l'environnement de travail.<\/p>\n<p data-start=\"1582\" data-end=\"1786\">C'est une solution particuli\u00e8rement recommand\u00e9e pour les cliniques dentaires, les h\u00f4pitaux, les centres m\u00e9dicaux et les entreprises du secteur de la sant\u00e9 qui recherchent <strong data-start=\"1728\" data-end=\"1783\">sacs fiables et adapt\u00e9s \u00e0 vos besoins r\u00e9els<\/strong>.<\/p>\n<p data-start=\"1788\" data-end=\"1964\">Nous disposons de diff\u00e9rents formats de sachets et de rouleaux pour st\u00e9rilisation, avec des options adapt\u00e9es aux petits produits comme aux articles de plus grande longueur ou de volume plus important.<\/p>\n<p data-start=\"1966\" data-end=\"2144\">Un bon emballage pour la st\u00e9rilisation doit contribuer \u00e0 maintenir l'int\u00e9grit\u00e9 du produit, \u00e0 faciliter sa conservation et \u00e0 permettre une <strong data-start=\"2099\" data-end=\"2120\">ouverture aseptique<\/strong> au moment de l'utilisation.<\/p>\n<p data-start=\"2146\" data-end=\"2351\">Si vous recherchez des sachets de st\u00e9rilisation pour cliniques dentaires, h\u00f4pitaux, cabinets m\u00e9dicaux ou laboratoires, vous trouverez une solution sp\u00e9cialement con\u00e7ue pour <strong data-start=\"2307\" data-end=\"2348\">applications sanitaires professionnelles<\/strong>.<\/p>\n<p data-start=\"2353\" data-end=\"2537\" data-is-last-node=\"\" data-is-only-node=\"\">Notre \u00e9quipe peut vous aider \u00e0 s\u00e9lectionner les sachets ou rouleaux pour instruments m\u00e9dicaux ou emballage sanitaire qui correspondent le mieux \u00e0 votre produit et \u00e0 la m\u00e9thode de st\u00e9rilisation choisie.<\/p>\n<\/body><\/html>","protected":false},"excerpt":{"rendered":"<p>Este tipo de bolsa se utiliza para preparar, proteger y presentar productos que deben ser esterilizados antes de su uso en hospitales, cl&iacute;nicas, consultas dentales, centros veterinarios y laboratorios o en la propia industria fabricante de MD. A diferencia de un envase convencional, las bolsas para procesos de esterilizaci&oacute;n est&aacute;n pensadas para permitir el paso [&hellip;]<\/p>\n","protected":false},"author":1,"featured_media":1247,"parent":1067,"menu_order":0,"comment_status":"closed","ping_status":"closed","template":"page-producte.php","meta":{"_acf_changed":false,"footnotes":""},"class_list":["post-1242","page","type-page","status-publish","has-post-thumbnail","hentry"],"acf":[],"yoast_head":"<!-- This site is optimized with the Yoast SEO plugin v27.3 - https:\/\/yoast.com\/product\/yoast-seo-wordpress\/ -->\n<title>Packaging sanitario - Bolsaplast Shop<\/title>\n<meta name=\"robots\" content=\"index, follow, max-snippet:-1, max-image-preview:large, max-video-preview:-1\" \/>\n<link rel=\"canonical\" href=\"https:\/\/cyan-dinosaur-128523.hostingersite.com\/bolsas-segun-uso\/packaging-sanitario\/\" \/>\n<meta property=\"og:locale\" content=\"fr_FR\" \/>\n<meta property=\"og:type\" content=\"article\" \/>\n<meta property=\"og:title\" content=\"Packaging sanitario - Bolsaplast Shop\" \/>\n<meta property=\"og:description\" content=\"Este tipo de bolsa se utiliza para preparar, proteger y presentar productos que deben ser esterilizados antes de su uso en hospitales, cl&iacute;nicas, consultas dentales, centros veterinarios y laboratorios o en la propia industria fabricante de MD. A diferencia de un envase convencional, las bolsas para procesos de esterilizaci&oacute;n est&aacute;n pensadas para permitir el paso [&hellip;]\" \/>\n<meta property=\"og:url\" content=\"https:\/\/cyan-dinosaur-128523.hostingersite.com\/bolsas-segun-uso\/packaging-sanitario\/\" \/>\n<meta property=\"og:site_name\" content=\"Bolsaplast Shop\" \/>\n<meta property=\"article:modified_time\" content=\"2026-04-10T07:33:09+00:00\" \/>\n<meta property=\"og:image\" content=\"https:\/\/cyan-dinosaur-128523.hostingersite.com\/wp-content\/uploads\/2026\/04\/sanitari.jpg\" \/>\n\t<meta property=\"og:image:width\" content=\"1024\" \/>\n\t<meta property=\"og:image:height\" content=\"1536\" \/>\n\t<meta property=\"og:image:type\" content=\"image\/jpeg\" \/>\n<meta name=\"twitter:card\" content=\"summary_large_image\" \/>\n<meta name=\"twitter:label1\" content=\"Dur\u00e9e de lecture estim\u00e9e\" \/>\n\t<meta name=\"twitter:data1\" content=\"2 minutes\" \/>\n<script type=\"application\/ld+json\" class=\"yoast-schema-graph\">{\"@context\":\"https:\\\/\\\/schema.org\",\"@graph\":[{\"@type\":\"WebPage\",\"@id\":\"https:\\\/\\\/cyan-dinosaur-128523.hostingersite.com\\\/bolsas-segun-uso\\\/packaging-sanitario\\\/\",\"url\":\"https:\\\/\\\/cyan-dinosaur-128523.hostingersite.com\\\/bolsas-segun-uso\\\/packaging-sanitario\\\/\",\"name\":\"Packaging sanitario - Bolsaplast Shop\",\"isPartOf\":{\"@id\":\"https:\\\/\\\/cyan-dinosaur-128523.hostingersite.com\\\/#website\"},\"primaryImageOfPage\":{\"@id\":\"https:\\\/\\\/cyan-dinosaur-128523.hostingersite.com\\\/bolsas-segun-uso\\\/packaging-sanitario\\\/#primaryimage\"},\"image\":{\"@id\":\"https:\\\/\\\/cyan-dinosaur-128523.hostingersite.com\\\/bolsas-segun-uso\\\/packaging-sanitario\\\/#primaryimage\"},\"thumbnailUrl\":\"https:\\\/\\\/bolsaplastshop.com\\\/wp-content\\\/uploads\\\/2026\\\/04\\\/sanitari.jpg\",\"datePublished\":\"2026-04-10T07:06:30+00:00\",\"dateModified\":\"2026-04-10T07:33:09+00:00\",\"breadcrumb\":{\"@id\":\"https:\\\/\\\/cyan-dinosaur-128523.hostingersite.com\\\/bolsas-segun-uso\\\/packaging-sanitario\\\/#breadcrumb\"},\"inLanguage\":\"fr-FR\",\"potentialAction\":[{\"@type\":\"ReadAction\",\"target\":[\"https:\\\/\\\/cyan-dinosaur-128523.hostingersite.com\\\/bolsas-segun-uso\\\/packaging-sanitario\\\/\"]}]},{\"@type\":\"ImageObject\",\"inLanguage\":\"fr-FR\",\"@id\":\"https:\\\/\\\/cyan-dinosaur-128523.hostingersite.com\\\/bolsas-segun-uso\\\/packaging-sanitario\\\/#primaryimage\",\"url\":\"https:\\\/\\\/bolsaplastshop.com\\\/wp-content\\\/uploads\\\/2026\\\/04\\\/sanitari.jpg\",\"contentUrl\":\"https:\\\/\\\/bolsaplastshop.com\\\/wp-content\\\/uploads\\\/2026\\\/04\\\/sanitari.jpg\",\"width\":1024,\"height\":1536},{\"@type\":\"BreadcrumbList\",\"@id\":\"https:\\\/\\\/cyan-dinosaur-128523.hostingersite.com\\\/bolsas-segun-uso\\\/packaging-sanitario\\\/#breadcrumb\",\"itemListElement\":[{\"@type\":\"ListItem\",\"position\":1,\"name\":\"Portada\",\"item\":\"https:\\\/\\\/bolsaplastshop.com\\\/\"},{\"@type\":\"ListItem\",\"position\":2,\"name\":\"Bolsas seg\u00fan uso\",\"item\":\"https:\\\/\\\/cyan-dinosaur-128523.hostingersite.com\\\/bolsas-segun-uso\\\/\"},{\"@type\":\"ListItem\",\"position\":3,\"name\":\"Packaging sanitario\"}]},{\"@type\":\"WebSite\",\"@id\":\"https:\\\/\\\/cyan-dinosaur-128523.hostingersite.com\\\/#website\",\"url\":\"https:\\\/\\\/cyan-dinosaur-128523.hostingersite.com\\\/\",\"name\":\"Bolsaplast Shop\",\"description\":\"Especializados en packaging flexible y medical packaging\",\"potentialAction\":[{\"@type\":\"SearchAction\",\"target\":{\"@type\":\"EntryPoint\",\"urlTemplate\":\"https:\\\/\\\/cyan-dinosaur-128523.hostingersite.com\\\/?s={search_term_string}\"},\"query-input\":{\"@type\":\"PropertyValueSpecification\",\"valueRequired\":true,\"valueName\":\"search_term_string\"}}],\"inLanguage\":\"fr-FR\"}]}<\/script>\n<!-- \/ Yoast SEO plugin. -->","yoast_head_json":{"title":"Emballage sanitaire - Bolsaplast Shop","robots":{"index":"index","follow":"follow","max-snippet":"max-snippet:-1","max-image-preview":"max-image-preview:large","max-video-preview":"max-video-preview:-1"},"canonical":"https:\/\/cyan-dinosaur-128523.hostingersite.com\/bolsas-segun-uso\/packaging-sanitario\/","og_locale":"fr_FR","og_type":"article","og_title":"Packaging sanitario - Bolsaplast Shop","og_description":"Este tipo de bolsa se utiliza para preparar, proteger y presentar productos que deben ser esterilizados antes de su uso en hospitales, cl&iacute;nicas, consultas dentales, centros veterinarios y laboratorios o en la propia industria fabricante de MD. A diferencia de un envase convencional, las bolsas para procesos de esterilizaci&oacute;n est&aacute;n pensadas para permitir el paso [&hellip;]","og_url":"https:\/\/cyan-dinosaur-128523.hostingersite.com\/bolsas-segun-uso\/packaging-sanitario\/","og_site_name":"Bolsaplast Shop","article_modified_time":"2026-04-10T07:33:09+00:00","og_image":[{"width":1024,"height":1536,"url":"https:\/\/cyan-dinosaur-128523.hostingersite.com\/wp-content\/uploads\/2026\/04\/sanitari.jpg","type":"image\/jpeg"}],"twitter_card":"summary_large_image","twitter_misc":{"Dur\u00e9e de lecture estim\u00e9e":"2 minutes"},"schema":{"@context":"https:\/\/schema.org","@graph":[{"@type":"WebPage","@id":"https:\/\/cyan-dinosaur-128523.hostingersite.com\/bolsas-segun-uso\/packaging-sanitario\/","url":"https:\/\/cyan-dinosaur-128523.hostingersite.com\/bolsas-segun-uso\/packaging-sanitario\/","name":"Emballage sanitaire - Bolsaplast Shop","isPartOf":{"@id":"https:\/\/cyan-dinosaur-128523.hostingersite.com\/#website"},"primaryImageOfPage":{"@id":"https:\/\/cyan-dinosaur-128523.hostingersite.com\/bolsas-segun-uso\/packaging-sanitario\/#primaryimage"},"image":{"@id":"https:\/\/cyan-dinosaur-128523.hostingersite.com\/bolsas-segun-uso\/packaging-sanitario\/#primaryimage"},"thumbnailUrl":"https:\/\/bolsaplastshop.com\/wp-content\/uploads\/2026\/04\/sanitari.jpg","datePublished":"2026-04-10T07:06:30+00:00","dateModified":"2026-04-10T07:33:09+00:00","breadcrumb":{"@id":"https:\/\/cyan-dinosaur-128523.hostingersite.com\/bolsas-segun-uso\/packaging-sanitario\/#breadcrumb"},"inLanguage":"fr-FR","potentialAction":[{"@type":"ReadAction","target":["https:\/\/cyan-dinosaur-128523.hostingersite.com\/bolsas-segun-uso\/packaging-sanitario\/"]}]},{"@type":"ImageObject","inLanguage":"fr-FR","@id":"https:\/\/cyan-dinosaur-128523.hostingersite.com\/bolsas-segun-uso\/packaging-sanitario\/#primaryimage","url":"https:\/\/bolsaplastshop.com\/wp-content\/uploads\/2026\/04\/sanitari.jpg","contentUrl":"https:\/\/bolsaplastshop.com\/wp-content\/uploads\/2026\/04\/sanitari.jpg","width":1024,"height":1536},{"@type":"BreadcrumbList","@id":"https:\/\/cyan-dinosaur-128523.hostingersite.com\/bolsas-segun-uso\/packaging-sanitario\/#breadcrumb","itemListElement":[{"@type":"ListItem","position":1,"name":"Portada","item":"https:\/\/bolsaplastshop.com\/"},{"@type":"ListItem","position":2,"name":"Bolsas seg\u00fan uso","item":"https:\/\/cyan-dinosaur-128523.hostingersite.com\/bolsas-segun-uso\/"},{"@type":"ListItem","position":3,"name":"Packaging sanitario"}]},{"@type":"WebSite","@id":"https:\/\/cyan-dinosaur-128523.hostingersite.com\/#website","url":"https:\/\/cyan-dinosaur-128523.hostingersite.com\/","name":"Bolsaplast Boutique","description":"Sp\u00e9cialis\u00e9 dans l'emballage flexible et l'emballage m\u00e9dical","potentialAction":[{"@type":"SearchAction","target":{"@type":"EntryPoint","urlTemplate":"https:\/\/cyan-dinosaur-128523.hostingersite.com\/?s={search_term_string}"},"query-input":{"@type":"PropertyValueSpecification","valueRequired":true,"valueName":"search_term_string"}}],"inLanguage":"fr-FR"}]}},"_links":{"self":[{"href":"https:\/\/bolsaplastshop.com\/fr\/wp-json\/wp\/v2\/pages\/1242","targetHints":{"allow":["GET"]}}],"collection":[{"href":"https:\/\/bolsaplastshop.com\/fr\/wp-json\/wp\/v2\/pages"}],"about":[{"href":"https:\/\/bolsaplastshop.com\/fr\/wp-json\/wp\/v2\/types\/page"}],"author":[{"embeddable":true,"href":"https:\/\/bolsaplastshop.com\/fr\/wp-json\/wp\/v2\/users\/1"}],"replies":[{"embeddable":true,"href":"https:\/\/bolsaplastshop.com\/fr\/wp-json\/wp\/v2\/comments?post=1242"}],"version-history":[{"count":5,"href":"https:\/\/bolsaplastshop.com\/fr\/wp-json\/wp\/v2\/pages\/1242\/revisions"}],"predecessor-version":[{"id":1250,"href":"https:\/\/bolsaplastshop.com\/fr\/wp-json\/wp\/v2\/pages\/1242\/revisions\/1250"}],"up":[{"embeddable":true,"href":"https:\/\/bolsaplastshop.com\/fr\/wp-json\/wp\/v2\/pages\/1067"}],"wp:featuredmedia":[{"embeddable":true,"href":"https:\/\/bolsaplastshop.com\/fr\/wp-json\/wp\/v2\/media\/1247"}],"wp:attachment":[{"href":"https:\/\/bolsaplastshop.com\/fr\/wp-json\/wp\/v2\/media?parent=1242"}],"curies":[{"name":"wp","href":"https:\/\/api.w.org\/{rel}","templated":true}]}}