{"id":1258,"date":"2026-04-13T09:11:57","date_gmt":"2026-04-13T09:11:57","guid":{"rendered":"https:\/\/cyan-dinosaur-128523.hostingersite.com\/?page_id=1258"},"modified":"2026-04-13T09:11:57","modified_gmt":"2026-04-13T09:11:57","slug":"metodos-de-envio","status":"publish","type":"page","link":"https:\/\/bolsaplastshop.com\/fr\/metodos-de-envio\/","title":{"rendered":"M\u00e9thodes d'exp\u00e9dition"},"content":{"rendered":"<!DOCTYPE html PUBLIC \"-\/\/W3C\/\/DTD HTML 4.0 Transitional\/\/EN\" \"http:\/\/www.w3.org\/TR\/REC-html40\/loose.dtd\">\n<?xml encoding=\"utf-8\" ?><html><body><h3>ENTREGA en 24\/48h.<\/h3>\n<p>Bolsaplast Shop trabaja con la mayor rapidez para que sus pedidos lleguen lo antes posible y en las mejores condiciones.<\/p>\n<p>La agencia le entregar&aacute; el paquete donde nos indique entre las 9:00 y 19:00.<\/p>\n<p>En caso de disponer de stock de los productos solicitados:<\/p>\n<p><strong>Las compras realizadas antes de las 00:00 h se enviar&aacute;n al d&iacute;a siguiente.<\/strong><br>\n<strong>Las compras realizadas viernes, s&aacute;bado o domingo, se enviar&aacute;n el lunes.<\/strong><\/p>\n<p>En caso de NO disponer de stock de los productos:<\/p>\n<p><strong>Se enviar&aacute; v&iacute;a e-mail una notificaci&oacute;n informando del d&iacute;a de salida del pedido.<\/strong><br>\n<strong>Se llamar&aacute; por tel&eacute;fono para informarle de su pedido.<\/strong><\/p>\n<h3>PORTES<\/h3>\n<p>Transporte inclu&iacute;do.<\/p>\n<p>En caso contrario, se facturar&aacute; los portes en funci&oacute;n del destino y el volumen a enviar.<\/p>\n<h3>EMPAQUETADO<\/h3>\n<p>Todos los pedidos le llegar&aacute;n debidamente empaquetados. Dentro de la caja encontrar&aacute; el albar&aacute;n correspondiente y la factura.<\/p>\n<\/body><\/html>","protected":false},"excerpt":{"rendered":"<p>ENTREGA en 24\/48h. Bolsaplast Shop trabaja con la mayor rapidez para que sus pedidos lleguen lo antes posible y en las mejores condiciones. La agencia le entregar&aacute; el paquete donde nos indique entre las 9:00 y 19:00. En caso de disponer de stock de los productos solicitados: Las compras realizadas antes de las 00:00 h [&hellip;]<\/p>\n","protected":false},"author":1,"featured_media":0,"parent":0,"menu_order":0,"comment_status":"closed","ping_status":"closed","template":"page-legal.php","meta":{"_acf_changed":false,"footnotes":""},"class_list":["post-1258","page","type-page","status-publish","hentry"],"acf":[],"yoast_head":"<!-- This site is optimized with the Yoast SEO plugin v27.3 - https:\/\/yoast.com\/product\/yoast-seo-wordpress\/ -->\n<title>M\u00e9todos de env\u00edo - Bolsaplast Shop<\/title>\n<meta name=\"robots\" content=\"index, follow, max-snippet:-1, max-image-preview:large, max-video-preview:-1\" \/>\n<link rel=\"canonical\" href=\"https:\/\/cyan-dinosaur-128523.hostingersite.com\/metodos-de-envio\/\" \/>\n<meta property=\"og:locale\" content=\"fr_FR\" \/>\n<meta property=\"og:type\" content=\"article\" \/>\n<meta property=\"og:title\" content=\"M\u00e9todos de env\u00edo - Bolsaplast Shop\" \/>\n<meta property=\"og:description\" content=\"ENTREGA en 24\/48h. Bolsaplast Shop trabaja con la mayor rapidez para que sus pedidos lleguen lo antes posible y en las mejores condiciones. La agencia le entregar&aacute; el paquete donde nos indique entre las 9:00 y 19:00. En caso de disponer de stock de los productos solicitados: Las compras realizadas antes de las 00:00 h [&hellip;]\" \/>\n<meta property=\"og:url\" content=\"https:\/\/cyan-dinosaur-128523.hostingersite.com\/metodos-de-envio\/\" \/>\n<meta property=\"og:site_name\" content=\"Bolsaplast Shop\" \/>\n<meta name=\"twitter:card\" content=\"summary_large_image\" \/>\n<meta name=\"twitter:label1\" content=\"Dur\u00e9e de lecture estim\u00e9e\" \/>\n\t<meta name=\"twitter:data1\" content=\"1 minute\" \/>\n<script type=\"application\/ld+json\" class=\"yoast-schema-graph\">{\"@context\":\"https:\\\/\\\/schema.org\",\"@graph\":[{\"@type\":\"WebPage\",\"@id\":\"https:\\\/\\\/cyan-dinosaur-128523.hostingersite.com\\\/metodos-de-envio\\\/\",\"url\":\"https:\\\/\\\/cyan-dinosaur-128523.hostingersite.com\\\/metodos-de-envio\\\/\",\"name\":\"M\u00e9todos de env\u00edo - Bolsaplast Shop\",\"isPartOf\":{\"@id\":\"https:\\\/\\\/cyan-dinosaur-128523.hostingersite.com\\\/#website\"},\"datePublished\":\"2026-04-13T09:11:57+00:00\",\"breadcrumb\":{\"@id\":\"https:\\\/\\\/cyan-dinosaur-128523.hostingersite.com\\\/metodos-de-envio\\\/#breadcrumb\"},\"inLanguage\":\"fr-FR\",\"potentialAction\":[{\"@type\":\"ReadAction\",\"target\":[\"https:\\\/\\\/cyan-dinosaur-128523.hostingersite.com\\\/metodos-de-envio\\\/\"]}]},{\"@type\":\"BreadcrumbList\",\"@id\":\"https:\\\/\\\/cyan-dinosaur-128523.hostingersite.com\\\/metodos-de-envio\\\/#breadcrumb\",\"itemListElement\":[{\"@type\":\"ListItem\",\"position\":1,\"name\":\"Portada\",\"item\":\"https:\\\/\\\/bolsaplastshop.com\\\/\"},{\"@type\":\"ListItem\",\"position\":2,\"name\":\"M\u00e9todos de env\u00edo\"}]},{\"@type\":\"WebSite\",\"@id\":\"https:\\\/\\\/cyan-dinosaur-128523.hostingersite.com\\\/#website\",\"url\":\"https:\\\/\\\/cyan-dinosaur-128523.hostingersite.com\\\/\",\"name\":\"Bolsaplast Shop\",\"description\":\"Especializados en packaging flexible y medical packaging\",\"potentialAction\":[{\"@type\":\"SearchAction\",\"target\":{\"@type\":\"EntryPoint\",\"urlTemplate\":\"https:\\\/\\\/cyan-dinosaur-128523.hostingersite.com\\\/?s={search_term_string}\"},\"query-input\":{\"@type\":\"PropertyValueSpecification\",\"valueRequired\":true,\"valueName\":\"search_term_string\"}}],\"inLanguage\":\"fr-FR\"}]}<\/script>\n<!-- \/ Yoast SEO plugin. -->","yoast_head_json":{"title":"M\u00e9todos de env\u00edo - Bolsaplast Shop","robots":{"index":"index","follow":"follow","max-snippet":"max-snippet:-1","max-image-preview":"max-image-preview:large","max-video-preview":"max-video-preview:-1"},"canonical":"https:\/\/cyan-dinosaur-128523.hostingersite.com\/metodos-de-envio\/","og_locale":"fr_FR","og_type":"article","og_title":"M\u00e9todos de env\u00edo - Bolsaplast Shop","og_description":"ENTREGA en 24\/48h. Bolsaplast Shop trabaja con la mayor rapidez para que sus pedidos lleguen lo antes posible y en las mejores condiciones. La agencia le entregar&aacute; el paquete donde nos indique entre las 9:00 y 19:00. En caso de disponer de stock de los productos solicitados: Las compras realizadas antes de las 00:00 h [&hellip;]","og_url":"https:\/\/cyan-dinosaur-128523.hostingersite.com\/metodos-de-envio\/","og_site_name":"Bolsaplast Shop","twitter_card":"summary_large_image","twitter_misc":{"Dur\u00e9e de lecture estim\u00e9e":"1 minute"},"schema":{"@context":"https:\/\/schema.org","@graph":[{"@type":"WebPage","@id":"https:\/\/cyan-dinosaur-128523.hostingersite.com\/metodos-de-envio\/","url":"https:\/\/cyan-dinosaur-128523.hostingersite.com\/metodos-de-envio\/","name":"M\u00e9todos de env\u00edo - Bolsaplast Shop","isPartOf":{"@id":"https:\/\/cyan-dinosaur-128523.hostingersite.com\/#website"},"datePublished":"2026-04-13T09:11:57+00:00","breadcrumb":{"@id":"https:\/\/cyan-dinosaur-128523.hostingersite.com\/metodos-de-envio\/#breadcrumb"},"inLanguage":"fr-FR","potentialAction":[{"@type":"ReadAction","target":["https:\/\/cyan-dinosaur-128523.hostingersite.com\/metodos-de-envio\/"]}]},{"@type":"BreadcrumbList","@id":"https:\/\/cyan-dinosaur-128523.hostingersite.com\/metodos-de-envio\/#breadcrumb","itemListElement":[{"@type":"ListItem","position":1,"name":"Portada","item":"https:\/\/bolsaplastshop.com\/"},{"@type":"ListItem","position":2,"name":"M\u00e9todos de env\u00edo"}]},{"@type":"WebSite","@id":"https:\/\/cyan-dinosaur-128523.hostingersite.com\/#website","url":"https:\/\/cyan-dinosaur-128523.hostingersite.com\/","name":"Bolsaplast Boutique","description":"Sp\u00e9cialis\u00e9 dans l'emballage flexible et l'emballage m\u00e9dical","potentialAction":[{"@type":"SearchAction","target":{"@type":"EntryPoint","urlTemplate":"https:\/\/cyan-dinosaur-128523.hostingersite.com\/?s={search_term_string}"},"query-input":{"@type":"PropertyValueSpecification","valueRequired":true,"valueName":"search_term_string"}}],"inLanguage":"fr-FR"}]}},"_links":{"self":[{"href":"https:\/\/bolsaplastshop.com\/fr\/wp-json\/wp\/v2\/pages\/1258","targetHints":{"allow":["GET"]}}],"collection":[{"href":"https:\/\/bolsaplastshop.com\/fr\/wp-json\/wp\/v2\/pages"}],"about":[{"href":"https:\/\/bolsaplastshop.com\/fr\/wp-json\/wp\/v2\/types\/page"}],"author":[{"embeddable":true,"href":"https:\/\/bolsaplastshop.com\/fr\/wp-json\/wp\/v2\/users\/1"}],"replies":[{"embeddable":true,"href":"https:\/\/bolsaplastshop.com\/fr\/wp-json\/wp\/v2\/comments?post=1258"}],"version-history":[{"count":1,"href":"https:\/\/bolsaplastshop.com\/fr\/wp-json\/wp\/v2\/pages\/1258\/revisions"}],"predecessor-version":[{"id":1259,"href":"https:\/\/bolsaplastshop.com\/fr\/wp-json\/wp\/v2\/pages\/1258\/revisions\/1259"}],"wp:attachment":[{"href":"https:\/\/bolsaplastshop.com\/fr\/wp-json\/wp\/v2\/media?parent=1258"}],"curies":[{"name":"wp","href":"https:\/\/api.w.org\/{rel}","templated":true}]}}