{"id":1260,"date":"2026-04-13T09:12:38","date_gmt":"2026-04-13T09:12:38","guid":{"rendered":"https:\/\/cyan-dinosaur-128523.hostingersite.com\/?page_id=1260"},"modified":"2026-04-13T09:12:38","modified_gmt":"2026-04-13T09:12:38","slug":"politica-de-devoluciones","status":"publish","type":"page","link":"https:\/\/bolsaplastshop.com\/fr\/politica-de-devoluciones\/","title":{"rendered":"Politique de retour"},"content":{"rendered":"<!DOCTYPE html PUBLIC \"-\/\/W3C\/\/DTD HTML 4.0 Transitional\/\/EN\" \"http:\/\/www.w3.org\/TR\/REC-html40\/loose.dtd\">\n<?xml encoding=\"utf-8\" ?><html><body><p>La Pol&iacute;tica de devoluciones rige sin perjuicio del Derecho de Desistimiento previsto por la normativa vigente.<\/p>\n<p>El plazo para informarnos sobre su intenci&oacute;n de realizar una devoluci&oacute;n es de siete (7) d&iacute;as laborables a partir del momento de la recepci&oacute;n del paquete.<\/p>\n<p>Le recordamos que si el motivo de la devoluci&oacute;n\/cambio, no se atribuye a un error nuestro, se le cargar&aacute; el 10% de valor de la mercanc&iacute;a m&aacute;s los portes de la recogida.<\/p>\n<p>Para preceder a la devoluci&oacute;n debe rellenar la hoja de devoluciones y mandarla por e-mail a&nbsp;<a title=\"\" href=\"mailto:bolsaplast@bolsaplast.com\">bolsaplast@bolsaplast.com<\/a><\/p>\n<p>Recibir&aacute; seguidamente una autorizaci&oacute;n y la confirmaci&oacute;n de la fecha de recogida o de env&iacute;os si usted lo prefiere. Se le asignar&aacute; un n&uacute;mero de expediente para agilizar el seguimiento. Una copia de este documento debe ir dentro de la caja y otro fuera.<\/p>\n<p>En caso de solicitar la recogida y no estar la mercanc&iacute;a preparada en el d&iacute;a concretado para que nuestra agencia de transporte haga la retirada, se le cargar&aacute; el precio del env&iacute;o (10&euro;+IVA).<\/p>\n<p>En caso de abono, este se realizar&aacute; tras comprobar la mercanc&iacute;a recibida y la autorizar&aacute; por nuestro departamento de incidencias. Del mismo modo se comprobar&aacute; el estado del producto para asegurar que es adecuado.<\/p>\n<p>No se aceptan devoluciones de art&iacute;culos descatalogados o manipulados.<\/p>\n<\/body><\/html>","protected":false},"excerpt":{"rendered":"<p>La Pol&iacute;tica de devoluciones rige sin perjuicio del Derecho de Desistimiento previsto por la normativa vigente. El plazo para informarnos sobre su intenci&oacute;n de realizar una devoluci&oacute;n es de siete (7) d&iacute;as laborables a partir del momento de la recepci&oacute;n del paquete. Le recordamos que si el motivo de la devoluci&oacute;n\/cambio, no se atribuye a [&hellip;]<\/p>\n","protected":false},"author":1,"featured_media":0,"parent":0,"menu_order":0,"comment_status":"closed","ping_status":"closed","template":"page-legal.php","meta":{"_acf_changed":false,"footnotes":""},"class_list":["post-1260","page","type-page","status-publish","hentry"],"acf":[],"yoast_head":"<!-- This site is optimized with the Yoast SEO plugin v27.3 - https:\/\/yoast.com\/product\/yoast-seo-wordpress\/ -->\n<title>Pol\u00edtica de devoluciones - Bolsaplast Shop<\/title>\n<meta name=\"robots\" content=\"index, follow, max-snippet:-1, max-image-preview:large, max-video-preview:-1\" \/>\n<link rel=\"canonical\" href=\"https:\/\/cyan-dinosaur-128523.hostingersite.com\/politica-de-devoluciones\/\" \/>\n<meta property=\"og:locale\" content=\"fr_FR\" \/>\n<meta property=\"og:type\" content=\"article\" \/>\n<meta property=\"og:title\" content=\"Pol\u00edtica de devoluciones - Bolsaplast Shop\" \/>\n<meta property=\"og:description\" content=\"La Pol&iacute;tica de devoluciones rige sin perjuicio del Derecho de Desistimiento previsto por la normativa vigente. El plazo para informarnos sobre su intenci&oacute;n de realizar una devoluci&oacute;n es de siete (7) d&iacute;as laborables a partir del momento de la recepci&oacute;n del paquete. Le recordamos que si el motivo de la devoluci&oacute;n\/cambio, no se atribuye a [&hellip;]\" \/>\n<meta property=\"og:url\" content=\"https:\/\/cyan-dinosaur-128523.hostingersite.com\/politica-de-devoluciones\/\" \/>\n<meta property=\"og:site_name\" content=\"Bolsaplast Shop\" \/>\n<meta name=\"twitter:card\" content=\"summary_large_image\" \/>\n<meta name=\"twitter:label1\" content=\"Dur\u00e9e de lecture estim\u00e9e\" \/>\n\t<meta name=\"twitter:data1\" content=\"1 minute\" \/>\n<script type=\"application\/ld+json\" class=\"yoast-schema-graph\">{\"@context\":\"https:\\\/\\\/schema.org\",\"@graph\":[{\"@type\":\"WebPage\",\"@id\":\"https:\\\/\\\/cyan-dinosaur-128523.hostingersite.com\\\/politica-de-devoluciones\\\/\",\"url\":\"https:\\\/\\\/cyan-dinosaur-128523.hostingersite.com\\\/politica-de-devoluciones\\\/\",\"name\":\"Pol\u00edtica de devoluciones - Bolsaplast Shop\",\"isPartOf\":{\"@id\":\"https:\\\/\\\/cyan-dinosaur-128523.hostingersite.com\\\/#website\"},\"datePublished\":\"2026-04-13T09:12:38+00:00\",\"breadcrumb\":{\"@id\":\"https:\\\/\\\/cyan-dinosaur-128523.hostingersite.com\\\/politica-de-devoluciones\\\/#breadcrumb\"},\"inLanguage\":\"fr-FR\",\"potentialAction\":[{\"@type\":\"ReadAction\",\"target\":[\"https:\\\/\\\/cyan-dinosaur-128523.hostingersite.com\\\/politica-de-devoluciones\\\/\"]}]},{\"@type\":\"BreadcrumbList\",\"@id\":\"https:\\\/\\\/cyan-dinosaur-128523.hostingersite.com\\\/politica-de-devoluciones\\\/#breadcrumb\",\"itemListElement\":[{\"@type\":\"ListItem\",\"position\":1,\"name\":\"Portada\",\"item\":\"https:\\\/\\\/bolsaplastshop.com\\\/\"},{\"@type\":\"ListItem\",\"position\":2,\"name\":\"Pol\u00edtica de devoluciones\"}]},{\"@type\":\"WebSite\",\"@id\":\"https:\\\/\\\/cyan-dinosaur-128523.hostingersite.com\\\/#website\",\"url\":\"https:\\\/\\\/cyan-dinosaur-128523.hostingersite.com\\\/\",\"name\":\"Bolsaplast Shop\",\"description\":\"Especializados en packaging flexible y medical packaging\",\"potentialAction\":[{\"@type\":\"SearchAction\",\"target\":{\"@type\":\"EntryPoint\",\"urlTemplate\":\"https:\\\/\\\/cyan-dinosaur-128523.hostingersite.com\\\/?s={search_term_string}\"},\"query-input\":{\"@type\":\"PropertyValueSpecification\",\"valueRequired\":true,\"valueName\":\"search_term_string\"}}],\"inLanguage\":\"fr-FR\"}]}<\/script>\n<!-- \/ Yoast SEO plugin. -->","yoast_head_json":{"title":"Pol\u00edtica de devoluciones - Bolsaplast Shop","robots":{"index":"index","follow":"follow","max-snippet":"max-snippet:-1","max-image-preview":"max-image-preview:large","max-video-preview":"max-video-preview:-1"},"canonical":"https:\/\/cyan-dinosaur-128523.hostingersite.com\/politica-de-devoluciones\/","og_locale":"fr_FR","og_type":"article","og_title":"Pol\u00edtica de devoluciones - Bolsaplast Shop","og_description":"La Pol&iacute;tica de devoluciones rige sin perjuicio del Derecho de Desistimiento previsto por la normativa vigente. El plazo para informarnos sobre su intenci&oacute;n de realizar una devoluci&oacute;n es de siete (7) d&iacute;as laborables a partir del momento de la recepci&oacute;n del paquete. Le recordamos que si el motivo de la devoluci&oacute;n\/cambio, no se atribuye a [&hellip;]","og_url":"https:\/\/cyan-dinosaur-128523.hostingersite.com\/politica-de-devoluciones\/","og_site_name":"Bolsaplast Shop","twitter_card":"summary_large_image","twitter_misc":{"Dur\u00e9e de lecture estim\u00e9e":"1 minute"},"schema":{"@context":"https:\/\/schema.org","@graph":[{"@type":"WebPage","@id":"https:\/\/cyan-dinosaur-128523.hostingersite.com\/politica-de-devoluciones\/","url":"https:\/\/cyan-dinosaur-128523.hostingersite.com\/politica-de-devoluciones\/","name":"Pol\u00edtica de devoluciones - Bolsaplast Shop","isPartOf":{"@id":"https:\/\/cyan-dinosaur-128523.hostingersite.com\/#website"},"datePublished":"2026-04-13T09:12:38+00:00","breadcrumb":{"@id":"https:\/\/cyan-dinosaur-128523.hostingersite.com\/politica-de-devoluciones\/#breadcrumb"},"inLanguage":"fr-FR","potentialAction":[{"@type":"ReadAction","target":["https:\/\/cyan-dinosaur-128523.hostingersite.com\/politica-de-devoluciones\/"]}]},{"@type":"BreadcrumbList","@id":"https:\/\/cyan-dinosaur-128523.hostingersite.com\/politica-de-devoluciones\/#breadcrumb","itemListElement":[{"@type":"ListItem","position":1,"name":"Portada","item":"https:\/\/bolsaplastshop.com\/"},{"@type":"ListItem","position":2,"name":"Pol\u00edtica de devoluciones"}]},{"@type":"WebSite","@id":"https:\/\/cyan-dinosaur-128523.hostingersite.com\/#website","url":"https:\/\/cyan-dinosaur-128523.hostingersite.com\/","name":"Bolsaplast Boutique","description":"Sp\u00e9cialis\u00e9 dans l'emballage flexible et l'emballage m\u00e9dical","potentialAction":[{"@type":"SearchAction","target":{"@type":"EntryPoint","urlTemplate":"https:\/\/cyan-dinosaur-128523.hostingersite.com\/?s={search_term_string}"},"query-input":{"@type":"PropertyValueSpecification","valueRequired":true,"valueName":"search_term_string"}}],"inLanguage":"fr-FR"}]}},"_links":{"self":[{"href":"https:\/\/bolsaplastshop.com\/fr\/wp-json\/wp\/v2\/pages\/1260","targetHints":{"allow":["GET"]}}],"collection":[{"href":"https:\/\/bolsaplastshop.com\/fr\/wp-json\/wp\/v2\/pages"}],"about":[{"href":"https:\/\/bolsaplastshop.com\/fr\/wp-json\/wp\/v2\/types\/page"}],"author":[{"embeddable":true,"href":"https:\/\/bolsaplastshop.com\/fr\/wp-json\/wp\/v2\/users\/1"}],"replies":[{"embeddable":true,"href":"https:\/\/bolsaplastshop.com\/fr\/wp-json\/wp\/v2\/comments?post=1260"}],"version-history":[{"count":1,"href":"https:\/\/bolsaplastshop.com\/fr\/wp-json\/wp\/v2\/pages\/1260\/revisions"}],"predecessor-version":[{"id":1261,"href":"https:\/\/bolsaplastshop.com\/fr\/wp-json\/wp\/v2\/pages\/1260\/revisions\/1261"}],"wp:attachment":[{"href":"https:\/\/bolsaplastshop.com\/fr\/wp-json\/wp\/v2\/media?parent=1260"}],"curies":[{"name":"wp","href":"https:\/\/api.w.org\/{rel}","templated":true}]}}