{"id":1262,"date":"2026-04-13T09:37:21","date_gmt":"2026-04-13T09:37:21","guid":{"rendered":"https:\/\/cyan-dinosaur-128523.hostingersite.com\/?page_id=1262"},"modified":"2026-04-13T09:37:21","modified_gmt":"2026-04-13T09:37:21","slug":"informations-juridiques","status":"publish","type":"page","link":"https:\/\/bolsaplastshop.com\/fr\/informacion-legal\/","title":{"rendered":"Informations juridiques"},"content":{"rendered":"<!DOCTYPE html PUBLIC \"-\/\/W3C\/\/DTD HTML 4.0 Transitional\/\/EN\" \"http:\/\/www.w3.org\/TR\/REC-html40\/loose.dtd\">\n<?xml encoding=\"utf-8\" ?><html><body><p>La Direcci&oacute;n \/ &Oacute;rgano de Gobierno de&nbsp;<strong>BOLSAPLAST S.L.<\/strong>&nbsp;(en adelante, el responsable del tratamiento), asume la m&aacute;xima responsabilidad y compromiso con el establecimiento, implementaci&oacute;n y mantenimiento de la presente Pol&iacute;tica de Protecci&oacute;n de Datos, garantizando la mejora continua del responsable del tratamiento con el objetivo de alcanzar la excelencia en relaci&oacute;n con el cumplimiento del Reglamento (UE) 2016\/679 del Parlamento Europeo y del Consejo, de 27 de abril de 2016, relativo a la protecci&oacute;n de las personas f&iacute;sicas en lo que respecta al tratamiento de datos personales y a la libre circulaci&oacute;n de estos datos y por el que se deroga la Directiva&nbsp;95\/46\/CE (Reglamento general de protecci&oacute;n de datos) (DOUE L 119\/1, 04-05-2016), y de la normativa espa&ntilde;ola de protecci&oacute;n de datos de car&aacute;cter personal (Ley Org&aacute;nica, legislaci&oacute;n sectorial espec&iacute;fica y sus normas de desarrollo).<\/p>\n<p>La Pol&iacute;tica de Protecci&oacute;n de Datos de&nbsp;<strong>BOLSAPLAST S.L.<\/strong>&nbsp;repose dans la&nbsp;<u>principe de la responsabilit\u00e9 proactive<\/u>, seg&uacute;n el cual el responsable del tratamiento es responsable del cumplimiento del marco normativo y jurisprudencial que gobierna dicha Pol&iacute;tica, y es capaz de demostrarlo ante las autoridades de control competentes.<\/p>\n<p>En tal sentido, el responsable del tratamiento se regir&aacute; por los siguientes principios que deben servir a todo su personal como gu&iacute;a y marco de referencia en el tratamiento de datos personales:<\/p>\n<div>1.&nbsp;<u>Protecci&oacute;n de datos desde el dise&ntilde;o:<\/u>&nbsp;el responsable del tratamiento aplicar&aacute;, tanto en el momento de determinar los medios de tratamiento como en el momento del propio tratamiento, medidas t&eacute;cnicas y organizativas apropiadas, como la seudonimizaci&oacute;n, concebidas para aplicar de forma efectiva los principios de protecci&oacute;n de datos, como la minimizaci&oacute;n de datos, e integrar las garant&iacute;as necesarias en el tratamiento.<\/div>\n<div>2.&nbsp;<u>Protecci&oacute;n de datos por defecto:<\/u>&nbsp;el responsable del tratamiento aplicar&aacute; las medidas t&eacute;cnicas y organizativas apropiadas con miras a garantizar que, por defecto, solo sean objeto de tratamiento los datos personales que sean necesarios para cada uno de los fines espec&iacute;ficos del tratamiento.<\/div>\n<div>3.&nbsp;<u>Protecci&oacute;n de datos en el ciclo de vida de la informaci&oacute;n:<\/u>&nbsp;las medidas que garanticen la protecci&oacute;n de los datos personales ser&aacute;n aplicables durante el ciclo completo de la vida de la informaci&oacute;n.<\/div>\n<div>4.&nbsp;<u>\u00c9quit\u00e9, loyaut\u00e9 et transparence :<\/u>&nbsp;los datos personales ser&aacute;n tratados de manera l&iacute;cita, leal y transparente en relaci&oacute;n con el interesado.<\/div>\n<div>5.&nbsp;<u>Limitaci&oacute;n de la finalidad:<\/u>&nbsp;los datos personales ser&aacute;n recogidos con fines determinados, expl&iacute;citos y leg&iacute;timos, y no ser&aacute;n tratados ulteriormente de manera incompatible con dichos fines.<\/div>\n<div>6.&nbsp;<u>Minimizaci&oacute;n de datos:<\/u>&nbsp;los datos personales ser&aacute;n adecuados, pertinentes y limitados a lo necesario en relaci&oacute;n con los fines para los que son tratados.<\/div>\n<div>7.&nbsp;<u>Pr\u00e9cision :<\/u>&nbsp;los datos personales ser&aacute;n exactos y, si fuera necesario, actualizados; se adoptar&aacute;n todas las medidas razonables para que se supriman o rectifiquen sin dilaci&oacute;n los datos personales que sean inexactos con respecto a los fines para los que se tratan.<\/div>\n<div>8.&nbsp;<u>Limitaci&oacute;n del plazo de conservaci&oacute;n:<\/u>&nbsp;los datos personales ser&aacute;n mantenidos de forma que se permita la identificaci&oacute;n de los interesados durante no m&aacute;s tiempo del necesario para los fines del tratamiento de los datos personales.<\/div>\n<div>9.&nbsp;<u>Int\u00e9grit\u00e9 et confidentialit\u00e9 :<\/u>&nbsp;los datos personales ser&aacute;n tratados de tal manera que se garantice una seguridad adecuada de los datos personales, incluida la protecci&oacute;n contra el tratamiento no autorizado o il&iacute;cito y contra su p&eacute;rdida, destrucci&oacute;n o da&ntilde;o accidental, mediante la aplicaci&oacute;n de medidas t&eacute;cnicas u organizativas apropiadas.<\/div>\n<div>10.&nbsp;<u>Informaci&oacute;n y formaci&oacute;n:<\/u>&nbsp;una de las claves para garantizar la protecci&oacute;n de los datos personales es la formaci&oacute;n e informaci&oacute;n que se facilite al personal involucrado en el tratamiento de los mismos. Durante el ciclo de vida de la informaci&oacute;n, todo el personal con acceso a los datos ser&aacute; convenientemente formado e informado acerca de sus obligaciones en relaci&oacute;n con el cumplimiento de la normativa de protecci&oacute;n de datos.<\/div>\n<p>La Pol&iacute;tica de Protecci&oacute;n de Datos de&nbsp;<strong>BOLSAPLAST S.L.<\/strong>&nbsp;es comunicada a todo el personal del responsable del tratamiento y puesta a disposici&oacute;n de todas las partes interesadas.<\/p>\n<p>En su consecuencia, la presente Pol&iacute;tica de Protecci&oacute;n de Datos involucra a todo el personal del responsable del tratamiento, que debe conocerla y asumirla, consider&aacute;ndola como propia, siendo cada miembro responsable de aplicarla y de verificar las normas de protecci&oacute;n de datos aplicables a su actividad, as&iacute; como identificar y aportar las oportunidades de mejora que considere oportunas con el objetivo de alcanzar la excelencia en relaci&oacute;n con su cumplimiento.<\/p>\n<p>Esta Pol&iacute;tica ser&aacute; revisada por la Direcci&oacute;n \/ &Oacute;rgano de Gobierno de&nbsp;<strong>BOLSAPLAST S.L.<\/strong>, tantas veces como se considere necesario, para adecuarse, en todo momento, a las disposiciones vigentes en materia de protecci&oacute;n de datos de car&aacute;cter personal.<\/p>\n<\/body><\/html>","protected":false},"excerpt":{"rendered":"<p>La Direcci&oacute;n \/ &Oacute;rgano de Gobierno de&nbsp;BOLSAPLAST S.L.&nbsp;(en adelante, el responsable del tratamiento), asume la m&aacute;xima responsabilidad y compromiso con el establecimiento, implementaci&oacute;n y mantenimiento de la presente Pol&iacute;tica de Protecci&oacute;n de Datos, garantizando la mejora continua del responsable del tratamiento con el objetivo de alcanzar la excelencia en relaci&oacute;n con el cumplimiento del Reglamento [&hellip;]<\/p>\n","protected":false},"author":1,"featured_media":0,"parent":0,"menu_order":0,"comment_status":"closed","ping_status":"closed","template":"page-legal.php","meta":{"_acf_changed":false,"footnotes":""},"class_list":["post-1262","page","type-page","status-publish","hentry"],"acf":[],"yoast_head":"<!-- This site is optimized with the Yoast SEO plugin v27.3 - https:\/\/yoast.com\/product\/yoast-seo-wordpress\/ -->\n<title>Informaci\u00f3n legal - Bolsaplast Shop<\/title>\n<meta name=\"robots\" content=\"index, follow, max-snippet:-1, max-image-preview:large, max-video-preview:-1\" \/>\n<link rel=\"canonical\" href=\"https:\/\/cyan-dinosaur-128523.hostingersite.com\/informacion-legal\/\" \/>\n<meta property=\"og:locale\" content=\"fr_FR\" \/>\n<meta property=\"og:type\" content=\"article\" \/>\n<meta property=\"og:title\" content=\"Informaci\u00f3n legal - Bolsaplast Shop\" \/>\n<meta property=\"og:description\" content=\"La Direcci&oacute;n \/ &Oacute;rgano de Gobierno de&nbsp;BOLSAPLAST S.L.&nbsp;(en adelante, el responsable del tratamiento), asume la m&aacute;xima responsabilidad y compromiso con el establecimiento, implementaci&oacute;n y mantenimiento de la presente Pol&iacute;tica de Protecci&oacute;n de Datos, garantizando la mejora continua del responsable del tratamiento con el objetivo de alcanzar la excelencia en relaci&oacute;n con el cumplimiento del Reglamento [&hellip;]\" \/>\n<meta property=\"og:url\" content=\"https:\/\/cyan-dinosaur-128523.hostingersite.com\/informacion-legal\/\" \/>\n<meta property=\"og:site_name\" content=\"Bolsaplast Shop\" \/>\n<meta name=\"twitter:card\" content=\"summary_large_image\" \/>\n<meta name=\"twitter:label1\" content=\"Dur\u00e9e de lecture estim\u00e9e\" \/>\n\t<meta name=\"twitter:data1\" content=\"4 minutes\" \/>\n<script type=\"application\/ld+json\" class=\"yoast-schema-graph\">{\"@context\":\"https:\\\/\\\/schema.org\",\"@graph\":[{\"@type\":\"WebPage\",\"@id\":\"https:\\\/\\\/cyan-dinosaur-128523.hostingersite.com\\\/informacion-legal\\\/\",\"url\":\"https:\\\/\\\/cyan-dinosaur-128523.hostingersite.com\\\/informacion-legal\\\/\",\"name\":\"Informaci\u00f3n legal - Bolsaplast Shop\",\"isPartOf\":{\"@id\":\"https:\\\/\\\/cyan-dinosaur-128523.hostingersite.com\\\/#website\"},\"datePublished\":\"2026-04-13T09:37:21+00:00\",\"breadcrumb\":{\"@id\":\"https:\\\/\\\/cyan-dinosaur-128523.hostingersite.com\\\/informacion-legal\\\/#breadcrumb\"},\"inLanguage\":\"fr-FR\",\"potentialAction\":[{\"@type\":\"ReadAction\",\"target\":[\"https:\\\/\\\/cyan-dinosaur-128523.hostingersite.com\\\/informacion-legal\\\/\"]}]},{\"@type\":\"BreadcrumbList\",\"@id\":\"https:\\\/\\\/cyan-dinosaur-128523.hostingersite.com\\\/informacion-legal\\\/#breadcrumb\",\"itemListElement\":[{\"@type\":\"ListItem\",\"position\":1,\"name\":\"Portada\",\"item\":\"https:\\\/\\\/bolsaplastshop.com\\\/\"},{\"@type\":\"ListItem\",\"position\":2,\"name\":\"Informaci\u00f3n legal\"}]},{\"@type\":\"WebSite\",\"@id\":\"https:\\\/\\\/cyan-dinosaur-128523.hostingersite.com\\\/#website\",\"url\":\"https:\\\/\\\/cyan-dinosaur-128523.hostingersite.com\\\/\",\"name\":\"Bolsaplast Shop\",\"description\":\"Especializados en packaging flexible y medical packaging\",\"potentialAction\":[{\"@type\":\"SearchAction\",\"target\":{\"@type\":\"EntryPoint\",\"urlTemplate\":\"https:\\\/\\\/cyan-dinosaur-128523.hostingersite.com\\\/?s={search_term_string}\"},\"query-input\":{\"@type\":\"PropertyValueSpecification\",\"valueRequired\":true,\"valueName\":\"search_term_string\"}}],\"inLanguage\":\"fr-FR\"}]}<\/script>\n<!-- \/ Yoast SEO plugin. -->","yoast_head_json":{"title":"Informaci\u00f3n legal - Bolsaplast Shop","robots":{"index":"index","follow":"follow","max-snippet":"max-snippet:-1","max-image-preview":"max-image-preview:large","max-video-preview":"max-video-preview:-1"},"canonical":"https:\/\/cyan-dinosaur-128523.hostingersite.com\/informacion-legal\/","og_locale":"fr_FR","og_type":"article","og_title":"Informaci\u00f3n legal - Bolsaplast Shop","og_description":"La Direcci&oacute;n \/ &Oacute;rgano de Gobierno de&nbsp;BOLSAPLAST S.L.&nbsp;(en adelante, el responsable del tratamiento), asume la m&aacute;xima responsabilidad y compromiso con el establecimiento, implementaci&oacute;n y mantenimiento de la presente Pol&iacute;tica de Protecci&oacute;n de Datos, garantizando la mejora continua del responsable del tratamiento con el objetivo de alcanzar la excelencia en relaci&oacute;n con el cumplimiento del Reglamento [&hellip;]","og_url":"https:\/\/cyan-dinosaur-128523.hostingersite.com\/informacion-legal\/","og_site_name":"Bolsaplast Shop","twitter_card":"summary_large_image","twitter_misc":{"Dur\u00e9e de lecture estim\u00e9e":"4 minutes"},"schema":{"@context":"https:\/\/schema.org","@graph":[{"@type":"WebPage","@id":"https:\/\/cyan-dinosaur-128523.hostingersite.com\/informacion-legal\/","url":"https:\/\/cyan-dinosaur-128523.hostingersite.com\/informacion-legal\/","name":"Informaci\u00f3n legal - Bolsaplast Shop","isPartOf":{"@id":"https:\/\/cyan-dinosaur-128523.hostingersite.com\/#website"},"datePublished":"2026-04-13T09:37:21+00:00","breadcrumb":{"@id":"https:\/\/cyan-dinosaur-128523.hostingersite.com\/informacion-legal\/#breadcrumb"},"inLanguage":"fr-FR","potentialAction":[{"@type":"ReadAction","target":["https:\/\/cyan-dinosaur-128523.hostingersite.com\/informacion-legal\/"]}]},{"@type":"BreadcrumbList","@id":"https:\/\/cyan-dinosaur-128523.hostingersite.com\/informacion-legal\/#breadcrumb","itemListElement":[{"@type":"ListItem","position":1,"name":"Portada","item":"https:\/\/bolsaplastshop.com\/"},{"@type":"ListItem","position":2,"name":"Informaci\u00f3n legal"}]},{"@type":"WebSite","@id":"https:\/\/cyan-dinosaur-128523.hostingersite.com\/#website","url":"https:\/\/cyan-dinosaur-128523.hostingersite.com\/","name":"Bolsaplast Boutique","description":"Sp\u00e9cialis\u00e9 dans l'emballage flexible et l'emballage m\u00e9dical","potentialAction":[{"@type":"SearchAction","target":{"@type":"EntryPoint","urlTemplate":"https:\/\/cyan-dinosaur-128523.hostingersite.com\/?s={search_term_string}"},"query-input":{"@type":"PropertyValueSpecification","valueRequired":true,"valueName":"search_term_string"}}],"inLanguage":"fr-FR"}]}},"_links":{"self":[{"href":"https:\/\/bolsaplastshop.com\/fr\/wp-json\/wp\/v2\/pages\/1262","targetHints":{"allow":["GET"]}}],"collection":[{"href":"https:\/\/bolsaplastshop.com\/fr\/wp-json\/wp\/v2\/pages"}],"about":[{"href":"https:\/\/bolsaplastshop.com\/fr\/wp-json\/wp\/v2\/types\/page"}],"author":[{"embeddable":true,"href":"https:\/\/bolsaplastshop.com\/fr\/wp-json\/wp\/v2\/users\/1"}],"replies":[{"embeddable":true,"href":"https:\/\/bolsaplastshop.com\/fr\/wp-json\/wp\/v2\/comments?post=1262"}],"version-history":[{"count":1,"href":"https:\/\/bolsaplastshop.com\/fr\/wp-json\/wp\/v2\/pages\/1262\/revisions"}],"predecessor-version":[{"id":1263,"href":"https:\/\/bolsaplastshop.com\/fr\/wp-json\/wp\/v2\/pages\/1262\/revisions\/1263"}],"wp:attachment":[{"href":"https:\/\/bolsaplastshop.com\/fr\/wp-json\/wp\/v2\/media?parent=1262"}],"curies":[{"name":"wp","href":"https:\/\/api.w.org\/{rel}","templated":true}]}}