{"id":146,"date":"2025-10-03T10:45:03","date_gmt":"2025-10-03T10:45:03","guid":{"rendered":"http:\/\/bolsaplastshop.com\/?page_id=146"},"modified":"2026-03-18T13:41:59","modified_gmt":"2026-03-18T13:41:59","slug":"a-propos-de-nous","status":"publish","type":"page","link":"https:\/\/bolsaplastshop.com\/fr\/sobre-nosotros\/","title":{"rendered":"A propos de nous"},"content":{"rendered":"<!DOCTYPE html PUBLIC \"-\/\/W3C\/\/DTD HTML 4.0 Transitional\/\/EN\" \"http:\/\/www.w3.org\/TR\/REC-html40\/loose.dtd\">\n<?xml encoding=\"utf-8\" ?><html><body><p><strong>Bolsaplast Boutique<\/strong>&nbsp;fabrique des sachets depuis 1962. Implant\u00e9e \u00e0 Sabadell (Barcelone), elle confectionne aussi bien des sachets standards que personnalis\u00e9s pour l'emballage et la promotion de produits de toutes sortes tels que\u00a0: caf\u00e9, th\u00e9, chocolat, fruits secs, d\u00e9tergents, textiles, etc.<\/p>\n<p>Lorsqu'il s'agit de conditionnement \u00e0 partir de sachets pr\u00e9form\u00e9s, c'est un grand avantage autant pour les conditionneurs que pour les consommateurs car ils ne sont pas oblig\u00e9s de commander de grandes quantit\u00e9s, ni de faire face \u00e0 un investissement important. Dans les processus de fabrication, toutes sortes de mat\u00e9riaux et de syst\u00e8mes sont utilis\u00e9s, ce qui permet d'obtenir un emballage qui favorise l'image de la marque elle-m\u00eame et du produit qu'il contient. Il ne s'agit pas seulement d'un sac pr\u00e9form\u00e9,&nbsp;<strong>nous proposons le produit recherch\u00e9 par le client, avec les mat\u00e9riaux adapt\u00e9s et dans les quantit\u00e9s requises.<\/strong>.<\/p>\n<h2><b>Pochettes de st\u00e9rilisation<\/b><\/h2>\n<h3>Solutions d'emballage s\u00fbres et fiables pour les processus de st\u00e9rilisation dans les environnements m\u00e9dicaux et sanitaires.<\/h3>\n<p>Chez Bolsaplast, nous d\u00e9veloppons des sachets et des bobines de st\u00e9rilisation qui aident \u00e0 prot\u00e9ger le contenu, \u00e0 maintenir l'int\u00e9grit\u00e9 de l'emballage jusqu'\u00e0 son point d'utilisation et \u00e0 optimiser le travail quotidien dans les h\u00f4pitaux, les cliniques, les cabinets m\u00e9dicaux, les centres m\u00e9dicaux, les centres esth\u00e9tiques, etc. Nous proposons diff\u00e9rentes options en Papier\/film et Tyvek\u00ae\/film, avec des formats adapt\u00e9s aux diff\u00e9rentes applications et exigences de chaque processus.<\/p>\n<p>Si vous souhaitez en savoir plus sur Bolsaplast, vous pouvez consulter notre site web institutionnel :<\/p>\n<\/body><\/html>","protected":false},"excerpt":{"rendered":"<p>Bolsaplast Shop&nbsp;fabrica bolsas desde 1962. Ubicada en Sabadell (Barcelona), confecciona tanto bolsas est&aacute;ndar como personalizadas para el envasado y promoci&oacute;n de productos de todo tipo como: caf&eacute;, t&eacute;, chocolate, frutos secos, detergentes, textiles, etc. Cuando se trata de envasados a partir de bolsa preconfeccionada, ofrece una gran ventaja tanto a envasadores como a consumidores pues [&hellip;]<\/p>\n","protected":false},"author":1,"featured_media":1121,"parent":0,"menu_order":0,"comment_status":"closed","ping_status":"closed","template":"page-empresa.php","meta":{"_acf_changed":false,"footnotes":""},"class_list":["post-146","page","type-page","status-publish","has-post-thumbnail","hentry"],"acf":[],"yoast_head":"<!-- This site is optimized with the Yoast SEO plugin v27.3 - https:\/\/yoast.com\/product\/yoast-seo-wordpress\/ -->\n<title>Sobre nosotros - Bolsaplast Shop<\/title>\n<meta name=\"robots\" content=\"index, follow, max-snippet:-1, max-image-preview:large, max-video-preview:-1\" \/>\n<link rel=\"canonical\" href=\"https:\/\/cyan-dinosaur-128523.hostingersite.com\/sobre-nosotros\/\" \/>\n<meta property=\"og:locale\" content=\"fr_FR\" \/>\n<meta property=\"og:type\" content=\"article\" \/>\n<meta property=\"og:title\" content=\"Sobre nosotros - Bolsaplast Shop\" \/>\n<meta property=\"og:description\" content=\"Bolsaplast Shop&nbsp;fabrica bolsas desde 1962. Ubicada en Sabadell (Barcelona), confecciona tanto bolsas est&aacute;ndar como personalizadas para el envasado y promoci&oacute;n de productos de todo tipo como: caf&eacute;, t&eacute;, chocolate, frutos secos, detergentes, textiles, etc. Cuando se trata de envasados a partir de bolsa preconfeccionada, ofrece una gran ventaja tanto a envasadores como a consumidores pues [&hellip;]\" \/>\n<meta property=\"og:url\" content=\"https:\/\/cyan-dinosaur-128523.hostingersite.com\/sobre-nosotros\/\" \/>\n<meta property=\"og:site_name\" content=\"Bolsaplast Shop\" \/>\n<meta property=\"article:modified_time\" content=\"2026-03-18T13:41:59+00:00\" \/>\n<meta property=\"og:image\" content=\"https:\/\/cyan-dinosaur-128523.hostingersite.com\/wp-content\/uploads\/2026\/03\/ChatGPT-Image-11-de-marc-del-2026-11_51_15-683x1024.png\" \/>\n\t<meta property=\"og:image:width\" content=\"683\" \/>\n\t<meta property=\"og:image:height\" content=\"1024\" \/>\n\t<meta property=\"og:image:type\" content=\"image\/png\" \/>\n<meta name=\"twitter:card\" content=\"summary_large_image\" \/>\n<meta name=\"twitter:label1\" content=\"Dur\u00e9e de lecture estim\u00e9e\" \/>\n\t<meta name=\"twitter:data1\" content=\"2 minutes\" \/>\n<script type=\"application\/ld+json\" class=\"yoast-schema-graph\">{\"@context\":\"https:\\\/\\\/schema.org\",\"@graph\":[{\"@type\":\"WebPage\",\"@id\":\"https:\\\/\\\/cyan-dinosaur-128523.hostingersite.com\\\/sobre-nosotros\\\/\",\"url\":\"https:\\\/\\\/cyan-dinosaur-128523.hostingersite.com\\\/sobre-nosotros\\\/\",\"name\":\"Sobre nosotros - Bolsaplast Shop\",\"isPartOf\":{\"@id\":\"https:\\\/\\\/cyan-dinosaur-128523.hostingersite.com\\\/#website\"},\"primaryImageOfPage\":{\"@id\":\"https:\\\/\\\/cyan-dinosaur-128523.hostingersite.com\\\/sobre-nosotros\\\/#primaryimage\"},\"image\":{\"@id\":\"https:\\\/\\\/cyan-dinosaur-128523.hostingersite.com\\\/sobre-nosotros\\\/#primaryimage\"},\"thumbnailUrl\":\"https:\\\/\\\/bolsaplastshop.com\\\/wp-content\\\/uploads\\\/2026\\\/03\\\/ChatGPT-Image-11-de-marc-del-2026-11_51_15.png\",\"datePublished\":\"2025-10-03T10:45:03+00:00\",\"dateModified\":\"2026-03-18T13:41:59+00:00\",\"breadcrumb\":{\"@id\":\"https:\\\/\\\/cyan-dinosaur-128523.hostingersite.com\\\/sobre-nosotros\\\/#breadcrumb\"},\"inLanguage\":\"fr-FR\",\"potentialAction\":[{\"@type\":\"ReadAction\",\"target\":[\"https:\\\/\\\/cyan-dinosaur-128523.hostingersite.com\\\/sobre-nosotros\\\/\"]}]},{\"@type\":\"ImageObject\",\"inLanguage\":\"fr-FR\",\"@id\":\"https:\\\/\\\/cyan-dinosaur-128523.hostingersite.com\\\/sobre-nosotros\\\/#primaryimage\",\"url\":\"https:\\\/\\\/bolsaplastshop.com\\\/wp-content\\\/uploads\\\/2026\\\/03\\\/ChatGPT-Image-11-de-marc-del-2026-11_51_15.png\",\"contentUrl\":\"https:\\\/\\\/bolsaplastshop.com\\\/wp-content\\\/uploads\\\/2026\\\/03\\\/ChatGPT-Image-11-de-marc-del-2026-11_51_15.png\",\"width\":1024,\"height\":1536},{\"@type\":\"BreadcrumbList\",\"@id\":\"https:\\\/\\\/cyan-dinosaur-128523.hostingersite.com\\\/sobre-nosotros\\\/#breadcrumb\",\"itemListElement\":[{\"@type\":\"ListItem\",\"position\":1,\"name\":\"Portada\",\"item\":\"https:\\\/\\\/bolsaplastshop.com\\\/\"},{\"@type\":\"ListItem\",\"position\":2,\"name\":\"Sobre nosotros\"}]},{\"@type\":\"WebSite\",\"@id\":\"https:\\\/\\\/cyan-dinosaur-128523.hostingersite.com\\\/#website\",\"url\":\"https:\\\/\\\/cyan-dinosaur-128523.hostingersite.com\\\/\",\"name\":\"Bolsaplast Shop\",\"description\":\"Especializados en packaging flexible y medical packaging\",\"potentialAction\":[{\"@type\":\"SearchAction\",\"target\":{\"@type\":\"EntryPoint\",\"urlTemplate\":\"https:\\\/\\\/cyan-dinosaur-128523.hostingersite.com\\\/?s={search_term_string}\"},\"query-input\":{\"@type\":\"PropertyValueSpecification\",\"valueRequired\":true,\"valueName\":\"search_term_string\"}}],\"inLanguage\":\"fr-FR\"}]}<\/script>\n<!-- \/ Yoast SEO plugin. -->","yoast_head_json":{"title":"\u00c0 propos de nous - Bolsaplast Shop","robots":{"index":"index","follow":"follow","max-snippet":"max-snippet:-1","max-image-preview":"max-image-preview:large","max-video-preview":"max-video-preview:-1"},"canonical":"https:\/\/cyan-dinosaur-128523.hostingersite.com\/sobre-nosotros\/","og_locale":"fr_FR","og_type":"article","og_title":"Sobre nosotros - Bolsaplast Shop","og_description":"Bolsaplast Shop&nbsp;fabrica bolsas desde 1962. Ubicada en Sabadell (Barcelona), confecciona tanto bolsas est&aacute;ndar como personalizadas para el envasado y promoci&oacute;n de productos de todo tipo como: caf&eacute;, t&eacute;, chocolate, frutos secos, detergentes, textiles, etc. Cuando se trata de envasados a partir de bolsa preconfeccionada, ofrece una gran ventaja tanto a envasadores como a consumidores pues [&hellip;]","og_url":"https:\/\/cyan-dinosaur-128523.hostingersite.com\/sobre-nosotros\/","og_site_name":"Bolsaplast Shop","article_modified_time":"2026-03-18T13:41:59+00:00","og_image":[{"width":683,"height":1024,"url":"https:\/\/cyan-dinosaur-128523.hostingersite.com\/wp-content\/uploads\/2026\/03\/ChatGPT-Image-11-de-marc-del-2026-11_51_15-683x1024.png","type":"image\/png"}],"twitter_card":"summary_large_image","twitter_misc":{"Dur\u00e9e de lecture estim\u00e9e":"2 minutes"},"schema":{"@context":"https:\/\/schema.org","@graph":[{"@type":"WebPage","@id":"https:\/\/cyan-dinosaur-128523.hostingersite.com\/sobre-nosotros\/","url":"https:\/\/cyan-dinosaur-128523.hostingersite.com\/sobre-nosotros\/","name":"\u00c0 propos de nous - Bolsaplast Shop","isPartOf":{"@id":"https:\/\/cyan-dinosaur-128523.hostingersite.com\/#website"},"primaryImageOfPage":{"@id":"https:\/\/cyan-dinosaur-128523.hostingersite.com\/sobre-nosotros\/#primaryimage"},"image":{"@id":"https:\/\/cyan-dinosaur-128523.hostingersite.com\/sobre-nosotros\/#primaryimage"},"thumbnailUrl":"https:\/\/bolsaplastshop.com\/wp-content\/uploads\/2026\/03\/ChatGPT-Image-11-de-marc-del-2026-11_51_15.png","datePublished":"2025-10-03T10:45:03+00:00","dateModified":"2026-03-18T13:41:59+00:00","breadcrumb":{"@id":"https:\/\/cyan-dinosaur-128523.hostingersite.com\/sobre-nosotros\/#breadcrumb"},"inLanguage":"fr-FR","potentialAction":[{"@type":"ReadAction","target":["https:\/\/cyan-dinosaur-128523.hostingersite.com\/sobre-nosotros\/"]}]},{"@type":"ImageObject","inLanguage":"fr-FR","@id":"https:\/\/cyan-dinosaur-128523.hostingersite.com\/sobre-nosotros\/#primaryimage","url":"https:\/\/bolsaplastshop.com\/wp-content\/uploads\/2026\/03\/ChatGPT-Image-11-de-marc-del-2026-11_51_15.png","contentUrl":"https:\/\/bolsaplastshop.com\/wp-content\/uploads\/2026\/03\/ChatGPT-Image-11-de-marc-del-2026-11_51_15.png","width":1024,"height":1536},{"@type":"BreadcrumbList","@id":"https:\/\/cyan-dinosaur-128523.hostingersite.com\/sobre-nosotros\/#breadcrumb","itemListElement":[{"@type":"ListItem","position":1,"name":"Portada","item":"https:\/\/bolsaplastshop.com\/"},{"@type":"ListItem","position":2,"name":"Sobre nosotros"}]},{"@type":"WebSite","@id":"https:\/\/cyan-dinosaur-128523.hostingersite.com\/#website","url":"https:\/\/cyan-dinosaur-128523.hostingersite.com\/","name":"Bolsaplast Boutique","description":"Sp\u00e9cialis\u00e9 dans l'emballage flexible et l'emballage m\u00e9dical","potentialAction":[{"@type":"SearchAction","target":{"@type":"EntryPoint","urlTemplate":"https:\/\/cyan-dinosaur-128523.hostingersite.com\/?s={search_term_string}"},"query-input":{"@type":"PropertyValueSpecification","valueRequired":true,"valueName":"search_term_string"}}],"inLanguage":"fr-FR"}]}},"_links":{"self":[{"href":"https:\/\/bolsaplastshop.com\/fr\/wp-json\/wp\/v2\/pages\/146","targetHints":{"allow":["GET"]}}],"collection":[{"href":"https:\/\/bolsaplastshop.com\/fr\/wp-json\/wp\/v2\/pages"}],"about":[{"href":"https:\/\/bolsaplastshop.com\/fr\/wp-json\/wp\/v2\/types\/page"}],"author":[{"embeddable":true,"href":"https:\/\/bolsaplastshop.com\/fr\/wp-json\/wp\/v2\/users\/1"}],"replies":[{"embeddable":true,"href":"https:\/\/bolsaplastshop.com\/fr\/wp-json\/wp\/v2\/comments?post=146"}],"version-history":[{"count":70,"href":"https:\/\/bolsaplastshop.com\/fr\/wp-json\/wp\/v2\/pages\/146\/revisions"}],"predecessor-version":[{"id":1165,"href":"https:\/\/bolsaplastshop.com\/fr\/wp-json\/wp\/v2\/pages\/146\/revisions\/1165"}],"wp:featuredmedia":[{"embeddable":true,"href":"https:\/\/bolsaplastshop.com\/fr\/wp-json\/wp\/v2\/media\/1121"}],"wp:attachment":[{"href":"https:\/\/bolsaplastshop.com\/fr\/wp-json\/wp\/v2\/media?parent=146"}],"curies":[{"name":"wp","href":"https:\/\/api.w.org\/{rel}","templated":true}]}}