{"id":570,"date":"2026-01-14T08:48:41","date_gmt":"2026-01-14T08:48:41","guid":{"rendered":"http:\/\/bolsaplastshop.com\/?page_id=570"},"modified":"2026-03-18T12:10:11","modified_gmt":"2026-03-18T12:10:11","slug":"politique-de-protection-des-donnees","status":"publish","type":"page","link":"https:\/\/bolsaplastshop.com\/fr\/politica-de-proteccion-de-datos\/","title":{"rendered":"Politique de protection des donn\u00e9es"},"content":{"rendered":"<!DOCTYPE html PUBLIC \"-\/\/W3C\/\/DTD HTML 4.0 Transitional\/\/EN\" \"http:\/\/www.w3.org\/TR\/REC-html40\/loose.dtd\">\n<?xml encoding=\"utf-8\" ?><html><body><div>\n<p>Informations conform\u00e9ment \u00e0 la r\u00e9glementation sur la protection des donn\u00e9es personnelles<\/p>\n<p>En Europe et en Espagne, il existe des r\u00e9glementations sur la protection des donn\u00e9es con\u00e7ues pour prot\u00e9ger vos informations personnelles et qui sont contraignantes pour notre entit\u00e9.<br>\nC'est pourquoi il est tr\u00e8s important pour nous que vous compreniez parfaitement ce que nous allons faire des donn\u00e9es personnelles que nous vous demandons.<br>\nAinsi, nous serons transparents et vous donnerons le contr\u00f4le de vos donn\u00e9es, avec un langage simple et des options claires qui vous permettront de d\u00e9cider ce que nous ferons de vos informations personnelles.<br>\nS'il vous reste des questions une fois que vous avez lu ces informations, n'h\u00e9sitez pas \u00e0 nous les poser.<\/p>\n<p>Merci beaucoup de votre collaboration.<\/p>\n<p><strong>?<\/strong><strong>Qui sommes-nous ?<\/strong><\/p>\n<\/div>\n<ul>\n<li>Notre raison sociale :&nbsp;<strong>BOLSAPLAST S.L.<\/strong><\/li>\n<li>Notre CIF \/ NIF :&nbsp;<strong>B08808990<\/strong><\/li>\n<li>Notre activit\u00e9 principale :<strong>&nbsp;Fabrication d'emballages souples<\/strong><\/li>\n<li>Notre adresse :&nbsp;<strong>C\/ Bernat Metge 110-112, CP 08205, SABADELL (Barcelona)<\/strong><\/li>\n<li>Notre num\u00e9ro de contact :&nbsp;<strong>937117361<\/strong><\/li>\n<li>Notre adresse e-mail de contact :&nbsp;<strong>bolsaplast@bolsaplast.com<\/strong><\/li>\n<li>Notre site web :&nbsp;<strong>bolsaplastshop.com; www.bolsaplastshop.com.<\/strong><\/li>\n<li>Pour votre confiance et votre s\u00e9curit\u00e9, nous vous informons que nous sommes une entit\u00e9 immatricul\u00e9e au Registre du Commerce et des Soci\u00e9t\u00e9s \/ Registre Public suivant :<\/li>\n<\/ul>\n<p>Nous sommes \u00e0 votre disposition, n'h\u00e9sitez pas \u00e0 nous contacter.<\/p>\n<div><strong>\u00c0 quoi serviront vos donn\u00e9es ?<\/strong><\/div>\n<p>En r\u00e8gle g\u00e9n\u00e9rale, vos donn\u00e9es personnelles seront utilis\u00e9es pour pouvoir entrer en contact avec vous et pour pouvoir vous fournir nos services.<br>\nDe m\u00eame, ils peuvent \u00e9galement \u00eatre utilis\u00e9s pour d'autres activit\u00e9s, comme vous envoyer de la publicit\u00e9 ou promouvoir nos activit\u00e9s.<\/p>\n<div><strong>Pourquoi avons-nous besoin d'utiliser vos donn\u00e9es ?<\/strong><\/div>\n<p>Vos donn\u00e9es personnelles sont n\u00e9cessaires pour que nous puissions entrer en contact avec vous et vous fournir nos services. \u00c0 ce titre, nous mettrons \u00e0 votre disposition une s\u00e9rie de cases qui vous permettront de d\u00e9cider de mani\u00e8re claire et simple de l'utilisation de vos informations personnelles.<\/p>\n<div><strong>Qui va avoir connaissance des informations que nous demandons ?<\/strong><\/div>\n<p>En r\u00e8gle g\u00e9n\u00e9rale, seules les personnes de notre organisation d\u00fbment autoris\u00e9es pourront prendre connaissance des informations que nous vous demandons.<br>\nDe m\u00eame, les entit\u00e9s qui ont besoin d'y acc\u00e9der afin que nous puissions vous fournir nos services pourront conna\u00eetre vos informations personnelles. Par exemple, notre banque conna\u00eetra vos donn\u00e9es si le paiement de nos services est effectu\u00e9 par carte ou par virement bancaire.<br>\nDe m\u00eame, les entit\u00e9s publiques ou priv\u00e9es auxquelles nous sommes oblig\u00e9s de communiquer vos donn\u00e9es personnelles en application d'une loi en auront connaissance. \u00c0 titre d'exemple, la l\u00e9gislation fiscale oblige \u00e0 communiquer \u00e0 l'Administration fiscale certaines informations sur les op\u00e9rations \u00e9conomiques d\u00e9passant un certain montant.<br>\nDans le cas o\u00f9, en dehors des hypoth\u00e8ses susmentionn\u00e9es, nous devrions divulguer vos informations personnelles \u00e0 d'autres entit\u00e9s, nous vous demanderons pr\u00e9alablement votre autorisation par le biais d'options claires vous permettant de d\u00e9cider \u00e0 cet \u00e9gard.<\/p>\n<div><strong>Comment allons-nous prot\u00e9ger vos donn\u00e9es ?<\/strong><\/div>\n<p>Nous prot\u00e9gerons vos donn\u00e9es \u00e0 l'aide de mesures de s\u00e9curit\u00e9 efficaces, proportionnelles aux risques associ\u00e9s \u00e0 l'utilisation de vos informations.<br>\nPour ce faire, notre entit\u00e9 a approuv\u00e9 une politique de protection des donn\u00e9es et des contr\u00f4les et audits annuels sont effectu\u00e9s pour v\u00e9rifier que vos donn\u00e9es personnelles sont s\u00e9curis\u00e9es \u00e0 tout moment.<\/p>\n<div><strong>Transf\u00e9rerons-nous vos donn\u00e9es vers d'autres pays ?<\/strong><\/div>\n<p>Dans le monde, il existe des pays qui sont s\u00fbrs pour vos donn\u00e9es et d'autres qui le sont moins. Ainsi, par exemple, l'Union europ\u00e9enne est un environnement s\u00fbr pour vos donn\u00e9es. Notre politique est de ne pas envoyer vos informations personnelles dans un pays qui n'est pas s\u00fbr du point de vue de la protection de vos donn\u00e9es.<br>\nDans le cas o\u00f9, dans le but de vous fournir le service, il serait indispensable d'envoyer vos donn\u00e9es \u00e0 un pays moins s\u00e9curis\u00e9 que l'Espagne, nous vous demanderons toujours votre autorisation au pr\u00e9alable et appliquerons des mesures de s\u00e9curit\u00e9 efficaces qui r\u00e9duiront les risques de transfert de vos informations personnelles vers un autre pays.<\/p>\n<div><strong>Combien de temps conserverons-nous vos donn\u00e9es ?<\/strong><\/div>\n<p>Nous conserverons vos donn\u00e9es pendant toute la dur\u00e9e de notre relation et tant que la loi nous y oblige. Une fois les d\u00e9lais l\u00e9gaux applicables expir\u00e9s, nous proc\u00e9derons \u00e0 leur suppression de mani\u00e8re s\u00fbre et \u00e9cologique.<\/p>\n<div><strong>Quels sont vos droits en mati\u00e8re de protection des donn\u00e9es ?<\/strong><\/div>\n<p>\u00c0 tout moment, vous pouvez vous adresser \u00e0 nous pour savoir quelles informations nous d\u00e9tenons sur vous, les rectifier si elles sont incorrectes et les supprimer une fois notre relation termin\u00e9e, dans la mesure o\u00f9 cela est l\u00e9galement possible.<br>\nVous avez \u00e9galement le droit de demander le transfert de vos informations \u00e0 une autre entit\u00e9. Ce droit s'appelle la \u201c portabilit\u00e9 \u201d et peut \u00eatre utile dans certaines situations.<br>\nPour demander l'un de ces droits, vous devez nous adresser une demande \u00e9crite \u00e0 notre adresse, accompagn\u00e9e d'une photocopie de votre carte d'identit\u00e9, afin que nous puissions vous identifier.<br>\nDans les bureaux de notre organisation, nous disposons de formulaires sp\u00e9cifiques pour demander ces droits et nous vous offrons notre aide pour les remplir.<br>\nPara saber m\u00e1s sobre sus derechos de protecci\u00f3n de datos, puede consultar la p\u00e1gina web de la Agencia Espa\u00f1ola de Protecci\u00f3n de Datos.<a href=\"http:\/\/www.agpd.es\/\">www.agpd.es<\/a>).<\/p>\n<div><strong>Pouvez-vous retirer votre consentement si vous changez d'avis plus tard ?<\/strong><\/div>\n<p>Vous pouvez retirer votre consentement si vous changez d'avis sur l'utilisation de vos donn\u00e9es \u00e0 tout moment.<br>\nAinsi, par exemple, si vous avez un jour \u00e9t\u00e9 int\u00e9ress\u00e9(e) par la r\u00e9ception de publicit\u00e9s pour nos produits ou services, mais ne souhaitez plus en recevoir, vous pouvez nous en faire part via le formulaire d'opposition au traitement disponible dans les bureaux de notre entit\u00e9.<\/p>\n<p><strong>En cas de compr\u00e9hension que vos droits ont \u00e9t\u00e9 n\u00e9glig\u00e9s, o\u00f9 pouvez-vous d\u00e9poser une plainte ?<\/strong><br>\nAu cas o\u00f9 vous estimeriez que vos droits ont \u00e9t\u00e9 bafou\u00e9s par notre organisme, vous pouvez d\u00e9poser une r\u00e9clamation aupr\u00e8s de l'Agence espagnole de protection des donn\u00e9es, par l'un des moyens suivants :<\/p>\n<div>\u2013&nbsp;<strong>Si\u00e8ge \u00e9lectronique<\/strong>&nbsp;www.agpd.es<\/div>\n<div>\u2013&nbsp;<strong>Adresse postale<\/strong>:<\/div>\n<p>Agence espagnole de protection des donn\u00e9es<br>\nC\/ Jorge Juan, 6<br>\n28001-Madrid<\/p>\n<div><strong>\u2013 Par t\u00e9l\u00e9phone :<\/strong><\/div>\n<p>T\u00e9l. 901 100 099<br>\nT\u00e9l. 91 266 35 17<\/p>\n<p>Introduire une r\u00e9clamation aupr\u00e8s de l'Agence espagnole de protection des donn\u00e9es n'entra\u00eene aucun co\u00fbt et ne n\u00e9cessite pas l'assistance d'un avocat ou d'un mandataire.<\/p>\n<div><strong>\u00c9laborerons-nous des profils sur vous ?<\/strong><\/div>\n<p>Notre politique est de ne pas \u00e9tablir de profils sur les utilisateurs de nos services.<br>\nToutefois, il peut arriver que, pour des raisons de prestation de service, commerciales ou autres, nous ayons besoin de cr\u00e9er des profils d'information vous concernant. Un exemple pourrait \u00eatre l'utilisation de votre historique d'achats ou de services afin de vous proposer des produits ou services adapt\u00e9s \u00e0 vos go\u00fbts ou besoins.<br>\nDans ce cas, nous appliquerons des mesures de s\u00e9curit\u00e9 efficaces qui prot\u00e9geront vos informations \u00e0 tout moment contre les personnes non autoris\u00e9es qui chercheraient \u00e0 les utiliser \u00e0 leur profit.<\/p>\n<div><strong>Utiliserons-nous vos donn\u00e9es \u00e0 d'autres fins ?<\/strong><\/div>\n<p>Notre politique est de ne pas utiliser vos donn\u00e9es \u00e0 d'autres fins que celles que nous vous avons expliqu\u00e9es. Si, n\u00e9anmoins, nous avions besoin d'utiliser vos donn\u00e9es \u00e0 des activit\u00e9s diff\u00e9rentes, nous vous demanderons toujours au pr\u00e9alable votre permission par le biais d'options claires qui vous permettront de d\u00e9cider \u00e0 ce sujet.<\/p>\n<\/body><\/html>","protected":false},"excerpt":{"rendered":"<p>Informaci&oacute;n en cumplimiento de la normativa de protecci&oacute;n de datos personales En Europa y en Espa&ntilde;a existen normas de protecci&oacute;n de datos pensadas para proteger su informaci&oacute;n personal de obligado cumplimiento para nuestra entidad. Por ello, es muy importante para nosotros que entienda perfectamente qu&eacute; vamos a hacer con los datos personales que le pedimos. [&hellip;]<\/p>\n","protected":false},"author":1,"featured_media":0,"parent":0,"menu_order":0,"comment_status":"closed","ping_status":"closed","template":"page-legal.php","meta":{"_acf_changed":false,"footnotes":""},"class_list":["post-570","page","type-page","status-publish","hentry"],"acf":[],"yoast_head":"<!-- This site is optimized with the Yoast SEO plugin v27.3 - https:\/\/yoast.com\/product\/yoast-seo-wordpress\/ -->\n<title>Pol\u00edtica de protecci\u00f3n de datos - Bolsaplast Shop<\/title>\n<meta name=\"robots\" content=\"index, follow, max-snippet:-1, max-image-preview:large, max-video-preview:-1\" \/>\n<link rel=\"canonical\" href=\"https:\/\/cyan-dinosaur-128523.hostingersite.com\/politica-de-proteccion-de-datos\/\" \/>\n<meta property=\"og:locale\" content=\"fr_FR\" \/>\n<meta property=\"og:type\" content=\"article\" \/>\n<meta property=\"og:title\" content=\"Pol\u00edtica de protecci\u00f3n de datos - Bolsaplast Shop\" \/>\n<meta property=\"og:description\" content=\"Informaci&oacute;n en cumplimiento de la normativa de protecci&oacute;n de datos personales En Europa y en Espa&ntilde;a existen normas de protecci&oacute;n de datos pensadas para proteger su informaci&oacute;n personal de obligado cumplimiento para nuestra entidad. Por ello, es muy importante para nosotros que entienda perfectamente qu&eacute; vamos a hacer con los datos personales que le pedimos. [&hellip;]\" \/>\n<meta property=\"og:url\" content=\"https:\/\/cyan-dinosaur-128523.hostingersite.com\/politica-de-proteccion-de-datos\/\" \/>\n<meta property=\"og:site_name\" content=\"Bolsaplast Shop\" \/>\n<meta property=\"article:modified_time\" content=\"2026-03-18T12:10:11+00:00\" \/>\n<meta name=\"twitter:card\" content=\"summary_large_image\" \/>\n<meta name=\"twitter:label1\" content=\"Dur\u00e9e de lecture estim\u00e9e\" \/>\n\t<meta name=\"twitter:data1\" content=\"6 minutes\" \/>\n<script type=\"application\/ld+json\" class=\"yoast-schema-graph\">{\"@context\":\"https:\\\/\\\/schema.org\",\"@graph\":[{\"@type\":\"WebPage\",\"@id\":\"https:\\\/\\\/cyan-dinosaur-128523.hostingersite.com\\\/politica-de-proteccion-de-datos\\\/\",\"url\":\"https:\\\/\\\/cyan-dinosaur-128523.hostingersite.com\\\/politica-de-proteccion-de-datos\\\/\",\"name\":\"Pol\u00edtica de protecci\u00f3n de datos - Bolsaplast Shop\",\"isPartOf\":{\"@id\":\"https:\\\/\\\/cyan-dinosaur-128523.hostingersite.com\\\/#website\"},\"datePublished\":\"2026-01-14T08:48:41+00:00\",\"dateModified\":\"2026-03-18T12:10:11+00:00\",\"breadcrumb\":{\"@id\":\"https:\\\/\\\/cyan-dinosaur-128523.hostingersite.com\\\/politica-de-proteccion-de-datos\\\/#breadcrumb\"},\"inLanguage\":\"fr-FR\",\"potentialAction\":[{\"@type\":\"ReadAction\",\"target\":[\"https:\\\/\\\/cyan-dinosaur-128523.hostingersite.com\\\/politica-de-proteccion-de-datos\\\/\"]}]},{\"@type\":\"BreadcrumbList\",\"@id\":\"https:\\\/\\\/cyan-dinosaur-128523.hostingersite.com\\\/politica-de-proteccion-de-datos\\\/#breadcrumb\",\"itemListElement\":[{\"@type\":\"ListItem\",\"position\":1,\"name\":\"Portada\",\"item\":\"https:\\\/\\\/bolsaplastshop.com\\\/\"},{\"@type\":\"ListItem\",\"position\":2,\"name\":\"Pol\u00edtica de protecci\u00f3n de datos\"}]},{\"@type\":\"WebSite\",\"@id\":\"https:\\\/\\\/cyan-dinosaur-128523.hostingersite.com\\\/#website\",\"url\":\"https:\\\/\\\/cyan-dinosaur-128523.hostingersite.com\\\/\",\"name\":\"Bolsaplast Shop\",\"description\":\"Especializados en packaging flexible y medical packaging\",\"potentialAction\":[{\"@type\":\"SearchAction\",\"target\":{\"@type\":\"EntryPoint\",\"urlTemplate\":\"https:\\\/\\\/cyan-dinosaur-128523.hostingersite.com\\\/?s={search_term_string}\"},\"query-input\":{\"@type\":\"PropertyValueSpecification\",\"valueRequired\":true,\"valueName\":\"search_term_string\"}}],\"inLanguage\":\"fr-FR\"}]}<\/script>\n<!-- \/ Yoast SEO plugin. -->","yoast_head_json":{"title":"Politique de protection des donn\u00e9es - Bolsaplast Shop","robots":{"index":"index","follow":"follow","max-snippet":"max-snippet:-1","max-image-preview":"max-image-preview:large","max-video-preview":"max-video-preview:-1"},"canonical":"https:\/\/cyan-dinosaur-128523.hostingersite.com\/politica-de-proteccion-de-datos\/","og_locale":"fr_FR","og_type":"article","og_title":"Pol\u00edtica de protecci\u00f3n de datos - Bolsaplast Shop","og_description":"Informaci&oacute;n en cumplimiento de la normativa de protecci&oacute;n de datos personales En Europa y en Espa&ntilde;a existen normas de protecci&oacute;n de datos pensadas para proteger su informaci&oacute;n personal de obligado cumplimiento para nuestra entidad. Por ello, es muy importante para nosotros que entienda perfectamente qu&eacute; vamos a hacer con los datos personales que le pedimos. [&hellip;]","og_url":"https:\/\/cyan-dinosaur-128523.hostingersite.com\/politica-de-proteccion-de-datos\/","og_site_name":"Bolsaplast Shop","article_modified_time":"2026-03-18T12:10:11+00:00","twitter_card":"summary_large_image","twitter_misc":{"Dur\u00e9e de lecture estim\u00e9e":"6 minutes"},"schema":{"@context":"https:\/\/schema.org","@graph":[{"@type":"WebPage","@id":"https:\/\/cyan-dinosaur-128523.hostingersite.com\/politica-de-proteccion-de-datos\/","url":"https:\/\/cyan-dinosaur-128523.hostingersite.com\/politica-de-proteccion-de-datos\/","name":"Politique de protection des donn\u00e9es - Bolsaplast Shop","isPartOf":{"@id":"https:\/\/cyan-dinosaur-128523.hostingersite.com\/#website"},"datePublished":"2026-01-14T08:48:41+00:00","dateModified":"2026-03-18T12:10:11+00:00","breadcrumb":{"@id":"https:\/\/cyan-dinosaur-128523.hostingersite.com\/politica-de-proteccion-de-datos\/#breadcrumb"},"inLanguage":"fr-FR","potentialAction":[{"@type":"ReadAction","target":["https:\/\/cyan-dinosaur-128523.hostingersite.com\/politica-de-proteccion-de-datos\/"]}]},{"@type":"BreadcrumbList","@id":"https:\/\/cyan-dinosaur-128523.hostingersite.com\/politica-de-proteccion-de-datos\/#breadcrumb","itemListElement":[{"@type":"ListItem","position":1,"name":"Portada","item":"https:\/\/bolsaplastshop.com\/"},{"@type":"ListItem","position":2,"name":"Pol\u00edtica de protecci\u00f3n de datos"}]},{"@type":"WebSite","@id":"https:\/\/cyan-dinosaur-128523.hostingersite.com\/#website","url":"https:\/\/cyan-dinosaur-128523.hostingersite.com\/","name":"Bolsaplast Boutique","description":"Sp\u00e9cialis\u00e9 dans l'emballage flexible et l'emballage m\u00e9dical","potentialAction":[{"@type":"SearchAction","target":{"@type":"EntryPoint","urlTemplate":"https:\/\/cyan-dinosaur-128523.hostingersite.com\/?s={search_term_string}"},"query-input":{"@type":"PropertyValueSpecification","valueRequired":true,"valueName":"search_term_string"}}],"inLanguage":"fr-FR"}]}},"_links":{"self":[{"href":"https:\/\/bolsaplastshop.com\/fr\/wp-json\/wp\/v2\/pages\/570","targetHints":{"allow":["GET"]}}],"collection":[{"href":"https:\/\/bolsaplastshop.com\/fr\/wp-json\/wp\/v2\/pages"}],"about":[{"href":"https:\/\/bolsaplastshop.com\/fr\/wp-json\/wp\/v2\/types\/page"}],"author":[{"embeddable":true,"href":"https:\/\/bolsaplastshop.com\/fr\/wp-json\/wp\/v2\/users\/1"}],"replies":[{"embeddable":true,"href":"https:\/\/bolsaplastshop.com\/fr\/wp-json\/wp\/v2\/comments?post=570"}],"version-history":[{"count":3,"href":"https:\/\/bolsaplastshop.com\/fr\/wp-json\/wp\/v2\/pages\/570\/revisions"}],"predecessor-version":[{"id":1163,"href":"https:\/\/bolsaplastshop.com\/fr\/wp-json\/wp\/v2\/pages\/570\/revisions\/1163"}],"wp:attachment":[{"href":"https:\/\/bolsaplastshop.com\/fr\/wp-json\/wp\/v2\/media?parent=570"}],"curies":[{"name":"wp","href":"https:\/\/api.w.org\/{rel}","templated":true}]}}