{"id":579,"date":"2026-01-14T09:02:35","date_gmt":"2026-01-14T09:02:35","guid":{"rendered":"http:\/\/bolsaplastshop.com\/?page_id=579"},"modified":"2026-01-14T09:02:35","modified_gmt":"2026-01-14T09:02:35","slug":"regles-dutilisation","status":"publish","type":"page","link":"https:\/\/bolsaplastshop.com\/fr\/normas-de-uso\/","title":{"rendered":"R\u00e8gles d'utilisation"},"content":{"rendered":"<!DOCTYPE html PUBLIC \"-\/\/W3C\/\/DTD HTML 4.0 Transitional\/\/EN\" \"http:\/\/www.w3.org\/TR\/REC-html40\/loose.dtd\">\n<?xml encoding=\"utf-8\" ?><html><body><p>El titular de la web bolsaplastshop.com (&ldquo;Web&rdquo;) es la sociedad BOLSAPLAST S.L. que opera bajo la marca comercial &lsquo;Bolsaplast&rsquo;, cuyos datos de identificaci&oacute;n son los siguientes:<\/p>\n<p><u><strong>INFORMACI&Oacute;N LEGAL:<\/strong><\/u><\/p>\n<p><strong>Empresa:&nbsp;<\/strong>BOLSAPLAST S.L.<br>\n<strong>CIF:&nbsp;<\/strong>B-08808990<br>\n<strong>Direcci&oacute;n:<\/strong>&nbsp;C. Bernat Metge, 110-112 08205 Sabadell (Barcelona), Espa&ntilde;a<br>\n<strong>Tel&eacute;fono:<\/strong>&nbsp;+34 93 711 73 61<br>\n<strong>E-mail:<\/strong>&nbsp;<a title=\"bolsaplast@bolsaplast.com\" href=\"mailto:bolsaplast@bolsaplast.com\">bolsaplast@bolsaplast.com<\/a><\/p>\n<p><strong>Acceso a la Web<\/strong><\/p>\n<p>Las presentes Condiciones Generales de Acceso y Uso regulan el acceso y utilizaci&oacute;n de la Web y tienen por objeto facilitar al usuario informaci&oacute;n relativa a Bolsaplast, sus productos y servicios.<\/p>\n<p>El acceso y utilizaci&oacute;n de la Web por el usuario conlleva la aceptaci&oacute;n de las presentes Condiciones Generales de Acceso y Uso, as&iacute; como de la Pol&iacute;tica de Privacidad de la Web.<\/p>\n<p>El usuario debe leer atentamente las Condiciones Generales de Acceso y Uso y la Pol&iacute;tica de Privacidad cuando se proponga utilizar la Web, ya que &eacute;stas podr&aacute;n ser adaptadas y\/o modificadas en cualquier momento. Si no acepta las presentes Condiciones Generales de Acceso y Uso, le rogamos se abstenga de utilizar la Web y su contenido.<\/p>\n<p><strong>Utilizaci&oacute;n y funcionamiento de la Web<\/strong><\/p>\n<p>El usuario se compromete a hacer un uso diligente de la Web, as&iacute; como de la informaci&oacute;n relativa a los productos y servicios que se detallan, con total sujeci&oacute;n tanto a la normativa aplicable como a las Condiciones Generales de Acceso y Uso y, en su caso, a cualquier otra condici&oacute;n que Bolsaplast establezca al efecto en la Web.<\/p>\n<p>En consecuencia, el usuario se compromete a no formular comentarios y\/o contenidos, propios o de terceros, que (i) sean il&iacute;citos, violentos, pornogr&aacute;ficos, racistas y\/o denigrantes; y (ii) resulten inapropiados o no pertinentes en relaci&oacute;n con la actividad y la marca de Bolsaplast.<br>\nAsimismo, el usuario se compromete a no realizar acto alguno con objeto de da&ntilde;ar, inutilizar y\/o sobrecargar la Web, o que impidiera, de cualquier forma, la normal utilizaci&oacute;n y funcionamiento del mismo.<\/p>\n<p>Se informa al usuario de que, en el caso de que incumpla las Condiciones Generales de Acceso y Uso, la Pol&iacute;tica de Privacidad o, en su caso, cualesquiera otros t&eacute;rminos o condiciones recogidos en la Web, Bolsaplast reserva el derecho a limitar, suspender y\/o terminar su acceso a la Web, adoptando cualquier medida t&eacute;cnica que sea necesaria con ese fin.<\/p>\n<p>Bolsaplast realiza sus mejores esfuerzos para mantener la Web en buen funcionamiento, evitando errores o, en su caso, repar&aacute;ndolos, y manteniendo los contenidos de la Web debidamente actualizados. No obstante, Bolsaplast no garantiza la disponibilidad y continuidad en el acceso a la Web ni la inexistencia de errores en sus contenidos, as&iacute; como tampoco que estos &uacute;ltimos sean oportunamente actualizados.<\/p>\n<p><strong>Responsabilidad<\/strong><\/p>\n<p>Tanto el acceso a la Web como el uso que pueda hacerse de cualquier informaci&oacute;n o mecanismo que contiene, se realizan bajo la responsabilidad exclusiva del usuario.<\/p>\n<p>Bolsaplast no se responsabiliza de cualesquiera da&ntilde;os y\/o perjuicios que pudieran derivarse, directa o indirectamente, del acceso o uso de la informaci&oacute;n contenida en la Web y, especialmente, de aquella informaci&oacute;n relativa a terceros distintos de Bolsaplast, incluy&eacute;ndose, pero no limit&aacute;ndose, a los producidos en los sistemas inform&aacute;ticos o los provocados por la introducci&oacute;n de virus y\/o ataques inform&aacute;ticos y tampoco ser&aacute; responsable de los da&ntilde;os que pudieran sufrir los usuarios por un uso inadecuado de la Web ni de las ca&iacute;das, interrupciones, ausencia o defecto en las comunicaciones y\/o en Internet.<\/p>\n<p>Adicionalmente, Bolsaplast no se hace responsable de ning&uacute;n da&ntilde;o y\/o perjuicio en el software y\/o hardware del usuario que se derive del acceso y uso de la Web.<\/p>\n<p>El usuario responder&aacute; de los da&ntilde;os y perjuicios de toda naturaleza que Bolsaplast pueda sufrir como consecuencia del incumplimiento de cualquiera de las obligaciones a las que queda sometido en virtud de las presentes Condiciones Generales de Acceso y Uso, el resto de condiciones previstas en la Web y\/o la legislaci&oacute;n aplicable en cada momento.<\/p>\n<p><strong>Pol&iacute;tica en materia de enlaces (links)<\/strong><\/p>\n<p><em>a) Enlaces con la Web<\/em><\/p>\n<p>Aquellos terceros que tengan intenci&oacute;n de incluir en un sitio web (&ldquo;Sitio Enlazante&rdquo;) un enlace que dirija a la Web deber&aacute;n obtener necesariamente el consentimiento previo, expreso y por escrito de Bolsaplast.<\/p>\n<p>En ning&uacute;n caso, el enlace significa que Bolsaplast avale, promocione, garantice, supervise y\/o recomiende el contenido y\/o los servicios del Sitio Enlazante ni que sea responsable del contenido del mismo.<\/p>\n<p>El Sitio Enlazante deber&aacute; cumplir con la legislaci&oacute;n vigente y no podr&aacute;, en ning&uacute;n caso, albergar contenidos, propios o de terceros, que: (i) sean il&iacute;citos, nocivos, violentos, racistas, denigrantes, etc.; y\/o (ii) resulten inapropiados o no pertinentes en relaci&oacute;n con la actividad de Bolsaplast.<\/p>\n<p>En el supuesto de incumplimiento de cualquiera de los t&eacute;rminos referidos anteriormente, Bolsaplast proceder&aacute;, de forma inmediata, a la revocaci&oacute;n del consentimiento otorgado al Sitio Enlazante, qui&eacute;n deber&aacute; suprimir el enlace.<\/p>\n<p><em>b) Enlaces con otros sitios web<\/em><\/p>\n<p>En la Web pueden incluirse distintos enlaces que permiten al usuario acceder a otros sitios web (&ldquo;Sitios Enlazados&rdquo;).<\/p>\n<p>En ning&uacute;n caso, la existencia de Sitios Enlazados comporta recomendaci&oacute;n, promoci&oacute;n, identificaci&oacute;n y\/o conformidad de Bolsaplast con las manifestaciones, contenidos y\/o servicios proporcionados a trav&eacute;s de los Sitios Enlazados. En consecuencia, Bolsaplast no se hace responsable del contenido y dem&aacute;s condiciones de los Sitios Enlazados, siendo el usuario el &uacute;nico responsable de comprobarlos y aceptarlos cada vez que acceda y use los mismos.<\/p>\n<p><strong>Propiedad Industrial e Intelectual<\/strong><\/p>\n<p>Todos los derechos de propiedad intelectual sobre los dise&ntilde;os, bases de datos, programas de ordenador subyacentes (incluidos los c&oacute;digos fuente), as&iacute; como los distintos elementos que integran el Sitio Web (textos, gr&aacute;ficos, fotograf&iacute;as, videos, grabaciones sonoras, combinaciones de colores, etc.) [&ldquo;Contenidos&rdquo;], as&iacute; como su estructura, selecci&oacute;n y orden, son titularidad de Bolsaplast o de sus licenciantes. Con respecto a los signos distintivos incluidos en el Sitio Web (marcas y nombres comerciales), los mismos son titularidad de Bolsaplast o de sus licenciantes.<\/p>\n<p>El uso del Sitio Web por el usuario no supone la cesi&oacute;n de derecho alguno de propiedad intelectual y\/o industrial sobre el Sitio Web y los Contenidos.<\/p>\n<p>Mediante las Condiciones Generales de Acceso y Uso, queda expresamente prohibido al usuario la reproducci&oacute;n, transformaci&oacute;n, distribuci&oacute;n, comunicaci&oacute;n p&uacute;blica, puesta a disposici&oacute;n, extracci&oacute;n y\/o cualquier otra forma de difusi&oacute;n no autorizadas expresamente del Sitio Web, los Contenidos y\/o los signos distintivos de Bolsaplast.<\/p>\n<p>La utilizaci&oacute;n no autorizada de los Contenidos, as&iacute; como los perjuicios ocasionados en los derechos de propiedad intelectual e industrial de Bolsaplast pueden dar lugar al ejercicio de las acciones que legalmente le correspondan, y a las responsabilidades que, en su caso, se deriven de los mismos.<\/p>\n<p><strong>Nulidad<\/strong><\/p>\n<p>Si cualquiera de las cl&aacute;usulas de las Condiciones Generales de Acceso y Uso fuese declarada, total o parcialmente, nula o ineficaz, tal nulidad o ineficacia afectar&aacute; tan s&oacute;lo a dicha disposici&oacute;n o a la parte de la misma que resulte nula o ineficaz, y las mismas permanecer&aacute;n vigentes en todo lo dem&aacute;s, teni&eacute;ndose por no puesta tal disposici&oacute;n o la parte de la misma que resulte afectada. A tales efectos, las Condiciones Generales de Acceso y Uso s&oacute;lo dejar&aacute;n de tener validez exclusivamente respecto de la disposici&oacute;n nula o ineficaz, y ninguna otra parte o disposici&oacute;n del mismo quedar&aacute; anulada, invalidada, perjudicada o afectada por tal nulidad o ineficacia, salvo que por resultar esencial hubiese de afectar a las Condiciones Generales de Acceso y Uso de forma integral.<\/p>\n<p><strong>Idioma<\/strong><\/p>\n<p>Las Condiciones Generales de Acceso y Uso est&aacute;n redactadas en espa&ntilde;ol y catal&aacute;n. En caso de discrepancia entre dichas versiones, prevalecer&aacute; la versi&oacute;n en espa&ntilde;ol.<\/p>\n<\/body><\/html>\n","protected":false},"excerpt":{"rendered":"<p>El titular de la web bolsaplastshop.com (&ldquo;Web&rdquo;) es la sociedad BOLSAPLAST S.L. que opera bajo la marca comercial &lsquo;Bolsaplast&rsquo;, cuyos datos de identificaci&oacute;n son los siguientes: INFORMACI&Oacute;N LEGAL: Empresa:&nbsp;BOLSAPLAST S.L. CIF:&nbsp;B-08808990 Direcci&oacute;n:&nbsp;C. Bernat Metge, 110-112 08205 Sabadell (Barcelona), Espa&ntilde;a Tel&eacute;fono:&nbsp;+34 93 711 73 61 E-mail:&nbsp;bolsaplast@bolsaplast.com Acceso a la Web Las presentes Condiciones Generales de Acceso [&hellip;]<\/p>\n","protected":false},"author":1,"featured_media":0,"parent":0,"menu_order":0,"comment_status":"closed","ping_status":"closed","template":"page-legal.php","meta":{"_acf_changed":false,"footnotes":""},"class_list":["post-579","page","type-page","status-publish","hentry"],"acf":[],"yoast_head":"<!-- This site is optimized with the Yoast SEO plugin v27.3 - https:\/\/yoast.com\/product\/yoast-seo-wordpress\/ -->\n<title>Normas de uso - Bolsaplast Shop<\/title>\n<meta name=\"robots\" content=\"index, follow, max-snippet:-1, max-image-preview:large, max-video-preview:-1\" \/>\n<link rel=\"canonical\" href=\"https:\/\/cyan-dinosaur-128523.hostingersite.com\/normas-de-uso\/\" \/>\n<meta property=\"og:locale\" content=\"fr_FR\" \/>\n<meta property=\"og:type\" content=\"article\" \/>\n<meta property=\"og:title\" content=\"Normas de uso - Bolsaplast Shop\" \/>\n<meta property=\"og:description\" content=\"El titular de la web bolsaplastshop.com (&ldquo;Web&rdquo;) es la sociedad BOLSAPLAST S.L. que opera bajo la marca comercial &lsquo;Bolsaplast&rsquo;, cuyos datos de identificaci&oacute;n son los siguientes: INFORMACI&Oacute;N LEGAL: Empresa:&nbsp;BOLSAPLAST S.L. CIF:&nbsp;B-08808990 Direcci&oacute;n:&nbsp;C. Bernat Metge, 110-112 08205 Sabadell (Barcelona), Espa&ntilde;a Tel&eacute;fono:&nbsp;+34 93 711 73 61 E-mail:&nbsp;bolsaplast@bolsaplast.com Acceso a la Web Las presentes Condiciones Generales de Acceso [&hellip;]\" \/>\n<meta property=\"og:url\" content=\"https:\/\/cyan-dinosaur-128523.hostingersite.com\/normas-de-uso\/\" \/>\n<meta property=\"og:site_name\" content=\"Bolsaplast Shop\" \/>\n<meta name=\"twitter:card\" content=\"summary_large_image\" \/>\n<meta name=\"twitter:label1\" content=\"Dur\u00e9e de lecture estim\u00e9e\" \/>\n\t<meta name=\"twitter:data1\" content=\"7 minutes\" \/>\n<script type=\"application\/ld+json\" class=\"yoast-schema-graph\">{\"@context\":\"https:\\\/\\\/schema.org\",\"@graph\":[{\"@type\":\"WebPage\",\"@id\":\"https:\\\/\\\/cyan-dinosaur-128523.hostingersite.com\\\/normas-de-uso\\\/\",\"url\":\"https:\\\/\\\/cyan-dinosaur-128523.hostingersite.com\\\/normas-de-uso\\\/\",\"name\":\"Normas de uso - Bolsaplast Shop\",\"isPartOf\":{\"@id\":\"https:\\\/\\\/cyan-dinosaur-128523.hostingersite.com\\\/#website\"},\"datePublished\":\"2026-01-14T09:02:35+00:00\",\"breadcrumb\":{\"@id\":\"https:\\\/\\\/cyan-dinosaur-128523.hostingersite.com\\\/normas-de-uso\\\/#breadcrumb\"},\"inLanguage\":\"fr-FR\",\"potentialAction\":[{\"@type\":\"ReadAction\",\"target\":[\"https:\\\/\\\/cyan-dinosaur-128523.hostingersite.com\\\/normas-de-uso\\\/\"]}]},{\"@type\":\"BreadcrumbList\",\"@id\":\"https:\\\/\\\/cyan-dinosaur-128523.hostingersite.com\\\/normas-de-uso\\\/#breadcrumb\",\"itemListElement\":[{\"@type\":\"ListItem\",\"position\":1,\"name\":\"Portada\",\"item\":\"https:\\\/\\\/bolsaplastshop.com\\\/\"},{\"@type\":\"ListItem\",\"position\":2,\"name\":\"Normas de uso\"}]},{\"@type\":\"WebSite\",\"@id\":\"https:\\\/\\\/cyan-dinosaur-128523.hostingersite.com\\\/#website\",\"url\":\"https:\\\/\\\/cyan-dinosaur-128523.hostingersite.com\\\/\",\"name\":\"Bolsaplast Shop\",\"description\":\"Especializados en packaging flexible y medical packaging\",\"potentialAction\":[{\"@type\":\"SearchAction\",\"target\":{\"@type\":\"EntryPoint\",\"urlTemplate\":\"https:\\\/\\\/cyan-dinosaur-128523.hostingersite.com\\\/?s={search_term_string}\"},\"query-input\":{\"@type\":\"PropertyValueSpecification\",\"valueRequired\":true,\"valueName\":\"search_term_string\"}}],\"inLanguage\":\"fr-FR\"}]}<\/script>\n<!-- \/ Yoast SEO plugin. -->","yoast_head_json":{"title":"Normas de uso - Bolsaplast Shop","robots":{"index":"index","follow":"follow","max-snippet":"max-snippet:-1","max-image-preview":"max-image-preview:large","max-video-preview":"max-video-preview:-1"},"canonical":"https:\/\/cyan-dinosaur-128523.hostingersite.com\/normas-de-uso\/","og_locale":"fr_FR","og_type":"article","og_title":"Normas de uso - Bolsaplast Shop","og_description":"El titular de la web bolsaplastshop.com (&ldquo;Web&rdquo;) es la sociedad BOLSAPLAST S.L. que opera bajo la marca comercial &lsquo;Bolsaplast&rsquo;, cuyos datos de identificaci&oacute;n son los siguientes: INFORMACI&Oacute;N LEGAL: Empresa:&nbsp;BOLSAPLAST S.L. CIF:&nbsp;B-08808990 Direcci&oacute;n:&nbsp;C. Bernat Metge, 110-112 08205 Sabadell (Barcelona), Espa&ntilde;a Tel&eacute;fono:&nbsp;+34 93 711 73 61 E-mail:&nbsp;bolsaplast@bolsaplast.com Acceso a la Web Las presentes Condiciones Generales de Acceso [&hellip;]","og_url":"https:\/\/cyan-dinosaur-128523.hostingersite.com\/normas-de-uso\/","og_site_name":"Bolsaplast Shop","twitter_card":"summary_large_image","twitter_misc":{"Dur\u00e9e de lecture estim\u00e9e":"7 minutes"},"schema":{"@context":"https:\/\/schema.org","@graph":[{"@type":"WebPage","@id":"https:\/\/cyan-dinosaur-128523.hostingersite.com\/normas-de-uso\/","url":"https:\/\/cyan-dinosaur-128523.hostingersite.com\/normas-de-uso\/","name":"Normas de uso - Bolsaplast Shop","isPartOf":{"@id":"https:\/\/cyan-dinosaur-128523.hostingersite.com\/#website"},"datePublished":"2026-01-14T09:02:35+00:00","breadcrumb":{"@id":"https:\/\/cyan-dinosaur-128523.hostingersite.com\/normas-de-uso\/#breadcrumb"},"inLanguage":"fr-FR","potentialAction":[{"@type":"ReadAction","target":["https:\/\/cyan-dinosaur-128523.hostingersite.com\/normas-de-uso\/"]}]},{"@type":"BreadcrumbList","@id":"https:\/\/cyan-dinosaur-128523.hostingersite.com\/normas-de-uso\/#breadcrumb","itemListElement":[{"@type":"ListItem","position":1,"name":"Portada","item":"https:\/\/bolsaplastshop.com\/"},{"@type":"ListItem","position":2,"name":"Normas de uso"}]},{"@type":"WebSite","@id":"https:\/\/cyan-dinosaur-128523.hostingersite.com\/#website","url":"https:\/\/cyan-dinosaur-128523.hostingersite.com\/","name":"Bolsaplast Boutique","description":"Sp\u00e9cialis\u00e9 dans l'emballage flexible et l'emballage m\u00e9dical","potentialAction":[{"@type":"SearchAction","target":{"@type":"EntryPoint","urlTemplate":"https:\/\/cyan-dinosaur-128523.hostingersite.com\/?s={search_term_string}"},"query-input":{"@type":"PropertyValueSpecification","valueRequired":true,"valueName":"search_term_string"}}],"inLanguage":"fr-FR"}]}},"_links":{"self":[{"href":"https:\/\/bolsaplastshop.com\/fr\/wp-json\/wp\/v2\/pages\/579","targetHints":{"allow":["GET"]}}],"collection":[{"href":"https:\/\/bolsaplastshop.com\/fr\/wp-json\/wp\/v2\/pages"}],"about":[{"href":"https:\/\/bolsaplastshop.com\/fr\/wp-json\/wp\/v2\/types\/page"}],"author":[{"embeddable":true,"href":"https:\/\/bolsaplastshop.com\/fr\/wp-json\/wp\/v2\/users\/1"}],"replies":[{"embeddable":true,"href":"https:\/\/bolsaplastshop.com\/fr\/wp-json\/wp\/v2\/comments?post=579"}],"version-history":[{"count":1,"href":"https:\/\/bolsaplastshop.com\/fr\/wp-json\/wp\/v2\/pages\/579\/revisions"}],"predecessor-version":[{"id":580,"href":"https:\/\/bolsaplastshop.com\/fr\/wp-json\/wp\/v2\/pages\/579\/revisions\/580"}],"wp:attachment":[{"href":"https:\/\/bolsaplastshop.com\/fr\/wp-json\/wp\/v2\/media?parent=579"}],"curies":[{"name":"wp","href":"https:\/\/api.w.org\/{rel}","templated":true}]}}