{"id":83,"date":"2025-06-25T10:17:10","date_gmt":"2025-06-25T10:17:10","guid":{"rendered":"http:\/\/bolsaplastshop.com\/?page_id=83"},"modified":"2026-04-08T06:59:58","modified_gmt":"2026-04-08T06:59:58","slug":"inicio","status":"publish","type":"page","link":"https:\/\/bolsaplastshop.com\/fr\/","title":{"rendered":"Accueil"},"content":{"rendered":"<!DOCTYPE html PUBLIC \"-\/\/W3C\/\/DTD HTML 4.0 Transitional\/\/EN\" \"http:\/\/www.w3.org\/TR\/REC-html40\/loose.dtd\">\n<?xml encoding=\"utf-8\" ?><html><body><p><strong>Bolsaplast Boutique<\/strong> fabrique des sacs depuis 1962. Implant\u00e9e \u00e0 Sabadell (Barcelone), elle confectionne aussi bien des sacs standards que personnalis\u00e9s pour l'emballage et la promotion de produits de toutes sortes tels que\u00a0: caf\u00e9, th\u00e9, chocolat, fruits secs, d\u00e9tergents, textiles, etc.<\/p>\n<p>Lorsqu'il s'agit d'emballages \u00e0 partir de sacs pr\u00e9form\u00e9s, cela offre un grand avantage tant aux conditionneurs qu'aux consommateurs car ils ne sont pas oblig\u00e9s d'acqu\u00e9rir de grandes quantit\u00e9s, ni de faire face \u00e0 un investissement important. Dans les processus de fabrication, toutes sortes de mat\u00e9riaux et de syst\u00e8mes sont utilis\u00e9s, ce qui permet d'obtenir un emballage qui favorise l'image de la marque elle-m\u00eame et du produit qu'il contient. Il ne s'agit pas seulement d'un sac pr\u00e9form\u00e9, <strong>le produit recherch\u00e9 par le client est offert, avec les mat\u00e9riaux n\u00e9cessaires et dans les quantit\u00e9s requises<\/strong>.<\/p>\n<\/body><\/html>","protected":false},"excerpt":{"rendered":"<p>Bolsaplast Shop fabrica bolsas desde 1962. Ubicada en Sabadell (Barcelona), confecciona tanto bolsas est&aacute;ndar como personalizadas para el envasado y promoci&oacute;n de productos de todo tipo como: caf&eacute;, t&eacute;, chocolate, frutos secos, detergentes, textiles, etc. Cuando se trata de envasados a partir de bolsa preconfeccionada, ofrece una gran ventaja tanto a envasadores como a consumidores [&hellip;]<\/p>\n","protected":false},"author":1,"featured_media":615,"parent":0,"menu_order":0,"comment_status":"closed","ping_status":"closed","template":"","meta":{"_acf_changed":false,"footnotes":""},"class_list":["post-83","page","type-page","status-publish","has-post-thumbnail","hentry"],"acf":[],"yoast_head":"<!-- This site is optimized with the Yoast SEO plugin v27.3 - https:\/\/yoast.com\/product\/yoast-seo-wordpress\/ -->\n<title>Inicio - Bolsaplast Shop<\/title>\n<meta name=\"robots\" content=\"index, follow, max-snippet:-1, max-image-preview:large, max-video-preview:-1\" \/>\n<link rel=\"canonical\" href=\"https:\/\/cyan-dinosaur-128523.hostingersite.com\/\" \/>\n<meta property=\"og:locale\" content=\"fr_FR\" \/>\n<meta property=\"og:type\" content=\"article\" \/>\n<meta property=\"og:title\" content=\"Inicio - Bolsaplast Shop\" \/>\n<meta property=\"og:description\" content=\"Bolsaplast Shop fabrica bolsas desde 1962. Ubicada en Sabadell (Barcelona), confecciona tanto bolsas est&aacute;ndar como personalizadas para el envasado y promoci&oacute;n de productos de todo tipo como: caf&eacute;, t&eacute;, chocolate, frutos secos, detergentes, textiles, etc. Cuando se trata de envasados a partir de bolsa preconfeccionada, ofrece una gran ventaja tanto a envasadores como a consumidores [&hellip;]\" \/>\n<meta property=\"og:url\" content=\"https:\/\/cyan-dinosaur-128523.hostingersite.com\/\" \/>\n<meta property=\"og:site_name\" content=\"Bolsaplast Shop\" \/>\n<meta property=\"article:modified_time\" content=\"2026-04-08T06:59:58+00:00\" \/>\n<meta property=\"og:image\" content=\"https:\/\/cyan-dinosaur-128523.hostingersite.com\/wp-content\/uploads\/2026\/02\/slide-doypack-scaled.jpg\" \/>\n\t<meta property=\"og:image:width\" content=\"2560\" \/>\n\t<meta property=\"og:image:height\" content=\"1435\" \/>\n\t<meta property=\"og:image:type\" content=\"image\/jpeg\" \/>\n<meta name=\"twitter:card\" content=\"summary_large_image\" \/>\n<meta name=\"twitter:label1\" content=\"Dur\u00e9e de lecture estim\u00e9e\" \/>\n\t<meta name=\"twitter:data1\" content=\"1 minute\" \/>\n<script type=\"application\/ld+json\" class=\"yoast-schema-graph\">{\"@context\":\"https:\\\/\\\/schema.org\",\"@graph\":[{\"@type\":\"WebPage\",\"@id\":\"https:\\\/\\\/cyan-dinosaur-128523.hostingersite.com\\\/\",\"url\":\"https:\\\/\\\/cyan-dinosaur-128523.hostingersite.com\\\/\",\"name\":\"Inicio - Bolsaplast Shop\",\"isPartOf\":{\"@id\":\"https:\\\/\\\/cyan-dinosaur-128523.hostingersite.com\\\/#website\"},\"primaryImageOfPage\":{\"@id\":\"https:\\\/\\\/cyan-dinosaur-128523.hostingersite.com\\\/#primaryimage\"},\"image\":{\"@id\":\"https:\\\/\\\/cyan-dinosaur-128523.hostingersite.com\\\/#primaryimage\"},\"thumbnailUrl\":\"https:\\\/\\\/bolsaplastshop.com\\\/wp-content\\\/uploads\\\/2026\\\/02\\\/slide-doypack-scaled.jpg\",\"datePublished\":\"2025-06-25T10:17:10+00:00\",\"dateModified\":\"2026-04-08T06:59:58+00:00\",\"breadcrumb\":{\"@id\":\"https:\\\/\\\/cyan-dinosaur-128523.hostingersite.com\\\/#breadcrumb\"},\"inLanguage\":\"fr-FR\",\"potentialAction\":[{\"@type\":\"ReadAction\",\"target\":[\"https:\\\/\\\/cyan-dinosaur-128523.hostingersite.com\\\/\"]}]},{\"@type\":\"ImageObject\",\"inLanguage\":\"fr-FR\",\"@id\":\"https:\\\/\\\/cyan-dinosaur-128523.hostingersite.com\\\/#primaryimage\",\"url\":\"https:\\\/\\\/bolsaplastshop.com\\\/wp-content\\\/uploads\\\/2026\\\/02\\\/slide-doypack-scaled.jpg\",\"contentUrl\":\"https:\\\/\\\/bolsaplastshop.com\\\/wp-content\\\/uploads\\\/2026\\\/02\\\/slide-doypack-scaled.jpg\",\"width\":2560,\"height\":1435},{\"@type\":\"BreadcrumbList\",\"@id\":\"https:\\\/\\\/cyan-dinosaur-128523.hostingersite.com\\\/#breadcrumb\",\"itemListElement\":[{\"@type\":\"ListItem\",\"position\":1,\"name\":\"Portada\",\"item\":\"https:\\\/\\\/cyan-dinosaur-128523.hostingersite.com\\\/\"},{\"@type\":\"ListItem\",\"position\":2,\"name\":\"Inicio\"}]},{\"@type\":\"WebSite\",\"@id\":\"https:\\\/\\\/cyan-dinosaur-128523.hostingersite.com\\\/#website\",\"url\":\"https:\\\/\\\/cyan-dinosaur-128523.hostingersite.com\\\/\",\"name\":\"Bolsaplast Shop\",\"description\":\"Especializados en packaging flexible y medical packaging\",\"potentialAction\":[{\"@type\":\"SearchAction\",\"target\":{\"@type\":\"EntryPoint\",\"urlTemplate\":\"https:\\\/\\\/cyan-dinosaur-128523.hostingersite.com\\\/?s={search_term_string}\"},\"query-input\":{\"@type\":\"PropertyValueSpecification\",\"valueRequired\":true,\"valueName\":\"search_term_string\"}}],\"inLanguage\":\"fr-FR\"}]}<\/script>\n<!-- \/ Yoast SEO plugin. -->","yoast_head_json":{"title":"D\u00e9but - Boutique Bolsaplast","robots":{"index":"index","follow":"follow","max-snippet":"max-snippet:-1","max-image-preview":"max-image-preview:large","max-video-preview":"max-video-preview:-1"},"canonical":"https:\/\/cyan-dinosaur-128523.hostingersite.com\/","og_locale":"fr_FR","og_type":"article","og_title":"Inicio - Bolsaplast Shop","og_description":"Bolsaplast Shop fabrica bolsas desde 1962. Ubicada en Sabadell (Barcelona), confecciona tanto bolsas est&aacute;ndar como personalizadas para el envasado y promoci&oacute;n de productos de todo tipo como: caf&eacute;, t&eacute;, chocolate, frutos secos, detergentes, textiles, etc. Cuando se trata de envasados a partir de bolsa preconfeccionada, ofrece una gran ventaja tanto a envasadores como a consumidores [&hellip;]","og_url":"https:\/\/cyan-dinosaur-128523.hostingersite.com\/","og_site_name":"Bolsaplast Shop","article_modified_time":"2026-04-08T06:59:58+00:00","og_image":[{"width":2560,"height":1435,"url":"https:\/\/cyan-dinosaur-128523.hostingersite.com\/wp-content\/uploads\/2026\/02\/slide-doypack-scaled.jpg","type":"image\/jpeg"}],"twitter_card":"summary_large_image","twitter_misc":{"Dur\u00e9e de lecture estim\u00e9e":"1 minute"},"schema":{"@context":"https:\/\/schema.org","@graph":[{"@type":"WebPage","@id":"https:\/\/cyan-dinosaur-128523.hostingersite.com\/","url":"https:\/\/cyan-dinosaur-128523.hostingersite.com\/","name":"D\u00e9but - Boutique Bolsaplast","isPartOf":{"@id":"https:\/\/cyan-dinosaur-128523.hostingersite.com\/#website"},"primaryImageOfPage":{"@id":"https:\/\/cyan-dinosaur-128523.hostingersite.com\/#primaryimage"},"image":{"@id":"https:\/\/cyan-dinosaur-128523.hostingersite.com\/#primaryimage"},"thumbnailUrl":"https:\/\/bolsaplastshop.com\/wp-content\/uploads\/2026\/02\/slide-doypack-scaled.jpg","datePublished":"2025-06-25T10:17:10+00:00","dateModified":"2026-04-08T06:59:58+00:00","breadcrumb":{"@id":"https:\/\/cyan-dinosaur-128523.hostingersite.com\/#breadcrumb"},"inLanguage":"fr-FR","potentialAction":[{"@type":"ReadAction","target":["https:\/\/cyan-dinosaur-128523.hostingersite.com\/"]}]},{"@type":"ImageObject","inLanguage":"fr-FR","@id":"https:\/\/cyan-dinosaur-128523.hostingersite.com\/#primaryimage","url":"https:\/\/bolsaplastshop.com\/wp-content\/uploads\/2026\/02\/slide-doypack-scaled.jpg","contentUrl":"https:\/\/bolsaplastshop.com\/wp-content\/uploads\/2026\/02\/slide-doypack-scaled.jpg","width":2560,"height":1435},{"@type":"BreadcrumbList","@id":"https:\/\/cyan-dinosaur-128523.hostingersite.com\/#breadcrumb","itemListElement":[{"@type":"ListItem","position":1,"name":"Portada","item":"https:\/\/cyan-dinosaur-128523.hostingersite.com\/"},{"@type":"ListItem","position":2,"name":"Inicio"}]},{"@type":"WebSite","@id":"https:\/\/cyan-dinosaur-128523.hostingersite.com\/#website","url":"https:\/\/cyan-dinosaur-128523.hostingersite.com\/","name":"Bolsaplast Boutique","description":"Sp\u00e9cialis\u00e9 dans l'emballage flexible et l'emballage m\u00e9dical","potentialAction":[{"@type":"SearchAction","target":{"@type":"EntryPoint","urlTemplate":"https:\/\/cyan-dinosaur-128523.hostingersite.com\/?s={search_term_string}"},"query-input":{"@type":"PropertyValueSpecification","valueRequired":true,"valueName":"search_term_string"}}],"inLanguage":"fr-FR"}]}},"_links":{"self":[{"href":"https:\/\/bolsaplastshop.com\/fr\/wp-json\/wp\/v2\/pages\/83","targetHints":{"allow":["GET"]}}],"collection":[{"href":"https:\/\/bolsaplastshop.com\/fr\/wp-json\/wp\/v2\/pages"}],"about":[{"href":"https:\/\/bolsaplastshop.com\/fr\/wp-json\/wp\/v2\/types\/page"}],"author":[{"embeddable":true,"href":"https:\/\/bolsaplastshop.com\/fr\/wp-json\/wp\/v2\/users\/1"}],"replies":[{"embeddable":true,"href":"https:\/\/bolsaplastshop.com\/fr\/wp-json\/wp\/v2\/comments?post=83"}],"version-history":[{"count":22,"href":"https:\/\/bolsaplastshop.com\/fr\/wp-json\/wp\/v2\/pages\/83\/revisions"}],"predecessor-version":[{"id":1214,"href":"https:\/\/bolsaplastshop.com\/fr\/wp-json\/wp\/v2\/pages\/83\/revisions\/1214"}],"wp:featuredmedia":[{"embeddable":true,"href":"https:\/\/bolsaplastshop.com\/fr\/wp-json\/wp\/v2\/media\/615"}],"wp:attachment":[{"href":"https:\/\/bolsaplastshop.com\/fr\/wp-json\/wp\/v2\/media?parent=83"}],"curies":[{"name":"wp","href":"https:\/\/api.w.org\/{rel}","templated":true}]}}