{"id":1020,"date":"2026-03-05T08:58:07","date_gmt":"2026-03-05T08:58:07","guid":{"rendered":"https:\/\/cyan-dinosaur-128523.hostingersite.com\/?post_type=product&#038;p=1020"},"modified":"2026-04-08T08:13:13","modified_gmt":"2026-04-08T08:13:13","slug":"bolsa-biorriesgo-con-indicador-vapor","status":"publish","type":"product","link":"https:\/\/bolsaplastshop.com\/fr\/producto\/bolsa-biorriesgo-con-indicador-vapor\/","title":{"rendered":"Sac Biorisque avec indicateur vapeur"},"content":{"rendered":"<!DOCTYPE html PUBLIC \"-\/\/W3C\/\/DTD HTML 4.0 Transitional\/\/EN\" \"http:\/\/www.w3.org\/TR\/REC-html40\/loose.dtd\">\n<?xml encoding=\"utf-8\" ?><html><body><p>Sac de s\u00e9curit\u00e9 sp\u00e9cial, fabriqu\u00e9 en polypropyl\u00e8ne de haute densit\u00e9.<br>\nIl est utilis\u00e9 pour la collecte, le transport et le traitement de mat\u00e9riaux et produits contamin\u00e9s. En raison de leur couleur, ils sont faciles \u00e0 reconna\u00eetre pour le personnel soignant, ce qui facilite leur utilisation et leur traitement.<br>\nIl est muni d'un indicateur de processus \u00e0 vapeur, qui change de couleur sombre lorsque le sachet a subi un processus de st\u00e9rilisation. Le sachet comporte \u00e9galement le symbole international de risque biologique, ce qui permet d'en interpr\u00e9ter facilement l'usage auquel il est destin\u00e9.<br>\nLe scellage \u00e9pais sur le fond conf\u00e8re au sac une r\u00e9sistance impeccable \u00e0 la d\u00e9chirure et \u00e0 la rupture, \u00e9vitant tout risque de perte.<\/p>\n<p>Ces produits sont fournis en&nbsp;<strong>bo\u00eetes de 200 unit\u00e9s<\/strong><\/p>\n<p>&nbsp;<\/p>\n<\/body><\/html>","protected":false},"excerpt":{"rendered":"<p>Bolsa especial de seguridad, fabricada con poliprolileno de alto gramaje. Se utiliza para la recogida, transporte y procesado de materiales y productos contaminados. Debido a su color, son de fa&#769;cil reconoci- miento para el personal sanitario, lo que facilita su uso y procesado. Dispone de un indicador de proceso por vapor, que cambia a color [&hellip;]<\/p>\n","protected":false},"featured_media":942,"template":"","meta":{"_acf_changed":false},"product_brand":[],"product_cat":[19],"product_tag":[],"class_list":{"0":"post-1020","1":"product","2":"type-product","3":"status-publish","4":"has-post-thumbnail","6":"product_cat-embalaje-sanitario","8":"first","9":"instock","10":"taxable","11":"shipping-taxable","12":"purchasable","13":"product-type-variable"},"acf":[],"yoast_head":"<!-- This site is optimized with the Yoast SEO plugin v27.3 - https:\/\/yoast.com\/product\/yoast-seo-wordpress\/ -->\n<title>Bolsa Biorriesgo con indicador vapor - Bolsaplast Shop<\/title>\n<meta name=\"robots\" content=\"index, follow, max-snippet:-1, max-image-preview:large, max-video-preview:-1\" \/>\n<link rel=\"canonical\" href=\"https:\/\/bolsaplastshop.com\/fr\/produit\/bolsa-biorriesgo-con-indicador-vapor\/\" \/>\n<meta property=\"og:locale\" content=\"fr_FR\" \/>\n<meta property=\"og:type\" content=\"article\" \/>\n<meta property=\"og:title\" content=\"Bolsa Biorriesgo con indicador vapor - Bolsaplast Shop\" \/>\n<meta property=\"og:description\" content=\"Bolsa especial de seguridad, fabricada con poliprolileno de alto gramaje. Se utiliza para la recogida, transporte y procesado de materiales y productos contaminados. Debido a su color, son de fa&#769;cil reconoci- miento para el personal sanitario, lo que facilita su uso y procesado. Dispone de un indicador de proceso por vapor, que cambia a color [&hellip;]\" \/>\n<meta property=\"og:url\" content=\"https:\/\/bolsaplastshop.com\/fr\/produit\/bolsa-biorriesgo-con-indicador-vapor\/\" \/>\n<meta property=\"og:site_name\" content=\"Bolsaplast Shop\" \/>\n<meta property=\"article:modified_time\" content=\"2026-04-08T08:13:13+00:00\" \/>\n<meta property=\"og:image\" content=\"https:\/\/bolsaplastshop.com\/wp-content\/uploads\/2026\/03\/gra_biorrisk.png\" \/>\n\t<meta property=\"og:image:width\" content=\"320\" \/>\n\t<meta property=\"og:image:height\" content=\"427\" \/>\n\t<meta property=\"og:image:type\" content=\"image\/png\" \/>\n<meta name=\"twitter:card\" content=\"summary_large_image\" \/>\n<meta name=\"twitter:label1\" content=\"Dur\u00e9e de lecture estim\u00e9e\" \/>\n\t<meta name=\"twitter:data1\" content=\"1 minute\" \/>\n<script type=\"application\/ld+json\" class=\"yoast-schema-graph\">{\"@context\":\"https:\\\/\\\/schema.org\",\"@graph\":[{\"@type\":\"WebPage\",\"@id\":\"https:\\\/\\\/bolsaplastshop.com\\\/producto\\\/bolsa-biorriesgo-con-indicador-vapor\\\/\",\"url\":\"https:\\\/\\\/bolsaplastshop.com\\\/producto\\\/bolsa-biorriesgo-con-indicador-vapor\\\/\",\"name\":\"Bolsa Biorriesgo con indicador vapor - Bolsaplast Shop\",\"isPartOf\":{\"@id\":\"https:\\\/\\\/cyan-dinosaur-128523.hostingersite.com\\\/#website\"},\"primaryImageOfPage\":{\"@id\":\"https:\\\/\\\/bolsaplastshop.com\\\/producto\\\/bolsa-biorriesgo-con-indicador-vapor\\\/#primaryimage\"},\"image\":{\"@id\":\"https:\\\/\\\/bolsaplastshop.com\\\/producto\\\/bolsa-biorriesgo-con-indicador-vapor\\\/#primaryimage\"},\"thumbnailUrl\":\"https:\\\/\\\/bolsaplastshop.com\\\/wp-content\\\/uploads\\\/2026\\\/03\\\/gra_biorrisk.png\",\"datePublished\":\"2026-03-05T08:58:07+00:00\",\"dateModified\":\"2026-04-08T08:13:13+00:00\",\"breadcrumb\":{\"@id\":\"https:\\\/\\\/bolsaplastshop.com\\\/producto\\\/bolsa-biorriesgo-con-indicador-vapor\\\/#breadcrumb\"},\"inLanguage\":\"fr-FR\",\"potentialAction\":[{\"@type\":\"ReadAction\",\"target\":[\"https:\\\/\\\/bolsaplastshop.com\\\/producto\\\/bolsa-biorriesgo-con-indicador-vapor\\\/\"]}]},{\"@type\":\"ImageObject\",\"inLanguage\":\"fr-FR\",\"@id\":\"https:\\\/\\\/bolsaplastshop.com\\\/producto\\\/bolsa-biorriesgo-con-indicador-vapor\\\/#primaryimage\",\"url\":\"https:\\\/\\\/bolsaplastshop.com\\\/wp-content\\\/uploads\\\/2026\\\/03\\\/gra_biorrisk.png\",\"contentUrl\":\"https:\\\/\\\/bolsaplastshop.com\\\/wp-content\\\/uploads\\\/2026\\\/03\\\/gra_biorrisk.png\",\"width\":320,\"height\":427},{\"@type\":\"BreadcrumbList\",\"@id\":\"https:\\\/\\\/bolsaplastshop.com\\\/producto\\\/bolsa-biorriesgo-con-indicador-vapor\\\/#breadcrumb\",\"itemListElement\":[{\"@type\":\"ListItem\",\"position\":1,\"name\":\"Portada\",\"item\":\"https:\\\/\\\/bolsaplastshop.com\\\/\"},{\"@type\":\"ListItem\",\"position\":2,\"name\":\"Tienda\",\"item\":\"https:\\\/\\\/cyan-dinosaur-128523.hostingersite.com\\\/tienda\\\/\"},{\"@type\":\"ListItem\",\"position\":3,\"name\":\"Bolsa Biorriesgo con indicador vapor\"}]},{\"@type\":\"WebSite\",\"@id\":\"https:\\\/\\\/cyan-dinosaur-128523.hostingersite.com\\\/#website\",\"url\":\"https:\\\/\\\/cyan-dinosaur-128523.hostingersite.com\\\/\",\"name\":\"Bolsaplast Shop\",\"description\":\"Especializados en packaging flexible y medical packaging\",\"potentialAction\":[{\"@type\":\"SearchAction\",\"target\":{\"@type\":\"EntryPoint\",\"urlTemplate\":\"https:\\\/\\\/cyan-dinosaur-128523.hostingersite.com\\\/?s={search_term_string}\"},\"query-input\":{\"@type\":\"PropertyValueSpecification\",\"valueRequired\":true,\"valueName\":\"search_term_string\"}}],\"inLanguage\":\"fr-FR\"}]}<\/script>\n<!-- \/ Yoast SEO plugin. -->","yoast_head_json":{"title":"Sac Biorisque avec indicateur vapeur - Bolsaplast Shop","robots":{"index":"index","follow":"follow","max-snippet":"max-snippet:-1","max-image-preview":"max-image-preview:large","max-video-preview":"max-video-preview:-1"},"canonical":"https:\/\/bolsaplastshop.com\/fr\/produit\/bolsa-biorriesgo-con-indicador-vapor\/","og_locale":"fr_FR","og_type":"article","og_title":"Bolsa Biorriesgo con indicador vapor - Bolsaplast Shop","og_description":"Bolsa especial de seguridad, fabricada con poliprolileno de alto gramaje. Se utiliza para la recogida, transporte y procesado de materiales y productos contaminados. Debido a su color, son de fa&#769;cil reconoci- miento para el personal sanitario, lo que facilita su uso y procesado. Dispone de un indicador de proceso por vapor, que cambia a color [&hellip;]","og_url":"https:\/\/bolsaplastshop.com\/fr\/produit\/bolsa-biorriesgo-con-indicador-vapor\/","og_site_name":"Bolsaplast Shop","article_modified_time":"2026-04-08T08:13:13+00:00","og_image":[{"width":320,"height":427,"url":"https:\/\/bolsaplastshop.com\/wp-content\/uploads\/2026\/03\/gra_biorrisk.png","type":"image\/png"}],"twitter_card":"summary_large_image","twitter_misc":{"Dur\u00e9e de lecture estim\u00e9e":"1 minute"},"schema":{"@context":"https:\/\/schema.org","@graph":[{"@type":"WebPage","@id":"https:\/\/bolsaplastshop.com\/producto\/bolsa-biorriesgo-con-indicador-vapor\/","url":"https:\/\/bolsaplastshop.com\/producto\/bolsa-biorriesgo-con-indicador-vapor\/","name":"Sac Biorisque avec indicateur vapeur - Bolsaplast Shop","isPartOf":{"@id":"https:\/\/cyan-dinosaur-128523.hostingersite.com\/#website"},"primaryImageOfPage":{"@id":"https:\/\/bolsaplastshop.com\/producto\/bolsa-biorriesgo-con-indicador-vapor\/#primaryimage"},"image":{"@id":"https:\/\/bolsaplastshop.com\/producto\/bolsa-biorriesgo-con-indicador-vapor\/#primaryimage"},"thumbnailUrl":"https:\/\/bolsaplastshop.com\/wp-content\/uploads\/2026\/03\/gra_biorrisk.png","datePublished":"2026-03-05T08:58:07+00:00","dateModified":"2026-04-08T08:13:13+00:00","breadcrumb":{"@id":"https:\/\/bolsaplastshop.com\/producto\/bolsa-biorriesgo-con-indicador-vapor\/#breadcrumb"},"inLanguage":"fr-FR","potentialAction":[{"@type":"ReadAction","target":["https:\/\/bolsaplastshop.com\/producto\/bolsa-biorriesgo-con-indicador-vapor\/"]}]},{"@type":"ImageObject","inLanguage":"fr-FR","@id":"https:\/\/bolsaplastshop.com\/producto\/bolsa-biorriesgo-con-indicador-vapor\/#primaryimage","url":"https:\/\/bolsaplastshop.com\/wp-content\/uploads\/2026\/03\/gra_biorrisk.png","contentUrl":"https:\/\/bolsaplastshop.com\/wp-content\/uploads\/2026\/03\/gra_biorrisk.png","width":320,"height":427},{"@type":"BreadcrumbList","@id":"https:\/\/bolsaplastshop.com\/producto\/bolsa-biorriesgo-con-indicador-vapor\/#breadcrumb","itemListElement":[{"@type":"ListItem","position":1,"name":"Portada","item":"https:\/\/bolsaplastshop.com\/"},{"@type":"ListItem","position":2,"name":"Tienda","item":"https:\/\/cyan-dinosaur-128523.hostingersite.com\/tienda\/"},{"@type":"ListItem","position":3,"name":"Bolsa Biorriesgo con indicador vapor"}]},{"@type":"WebSite","@id":"https:\/\/cyan-dinosaur-128523.hostingersite.com\/#website","url":"https:\/\/cyan-dinosaur-128523.hostingersite.com\/","name":"Bolsaplast Boutique","description":"Sp\u00e9cialis\u00e9 dans l'emballage flexible et l'emballage m\u00e9dical","potentialAction":[{"@type":"SearchAction","target":{"@type":"EntryPoint","urlTemplate":"https:\/\/cyan-dinosaur-128523.hostingersite.com\/?s={search_term_string}"},"query-input":{"@type":"PropertyValueSpecification","valueRequired":true,"valueName":"search_term_string"}}],"inLanguage":"fr-FR"}]}},"_links":{"self":[{"href":"https:\/\/bolsaplastshop.com\/fr\/wp-json\/wp\/v2\/product\/1020","targetHints":{"allow":["GET"]}}],"collection":[{"href":"https:\/\/bolsaplastshop.com\/fr\/wp-json\/wp\/v2\/product"}],"about":[{"href":"https:\/\/bolsaplastshop.com\/fr\/wp-json\/wp\/v2\/types\/product"}],"wp:featuredmedia":[{"embeddable":true,"href":"https:\/\/bolsaplastshop.com\/fr\/wp-json\/wp\/v2\/media\/942"}],"wp:attachment":[{"href":"https:\/\/bolsaplastshop.com\/fr\/wp-json\/wp\/v2\/media?parent=1020"}],"wp:term":[{"taxonomy":"product_brand","embeddable":true,"href":"https:\/\/bolsaplastshop.com\/fr\/wp-json\/wp\/v2\/product_brand?post=1020"},{"taxonomy":"product_cat","embeddable":true,"href":"https:\/\/bolsaplastshop.com\/fr\/wp-json\/wp\/v2\/product_cat?post=1020"},{"taxonomy":"product_tag","embeddable":true,"href":"https:\/\/bolsaplastshop.com\/fr\/wp-json\/wp\/v2\/product_tag?post=1020"}],"curies":[{"name":"wp","href":"https:\/\/api.w.org\/{rel}","templated":true}]}}