{"id":946,"date":"2026-03-05T07:47:19","date_gmt":"2026-03-05T07:47:19","guid":{"rendered":"https:\/\/cyan-dinosaur-128523.hostingersite.com\/?post_type=product&#038;p=946"},"modified":"2026-03-31T08:04:16","modified_gmt":"2026-03-31T08:04:16","slug":"sac-refermable-pelable","status":"publish","type":"product","link":"https:\/\/bolsaplastshop.com\/fr\/producto\/bolsa-pelable-con-autocierre\/","title":{"rendered":"Sac refermable et pelable"},"content":{"rendered":"<!DOCTYPE html PUBLIC \"-\/\/W3C\/\/DTD HTML 4.0 Transitional\/\/EN\" \"http:\/\/www.w3.org\/TR\/REC-html40\/loose.dtd\">\n<?xml encoding=\"utf-8\" ?><html><body><div class=\"cat_descripcion\">\n<p>La&nbsp;<strong>Sac refermable et pelable&nbsp;<\/strong>Elle est fabriqu\u00e9e en papier de qualit\u00e9 m\u00e9dicale de 60 g\/m2 et en film plastique transparent teint\u00e9 en bleu. Ce type de sachet est imprim\u00e9 avec des indicateurs chimiques pour Vapeur\/OE\/Formald\u00e9hyde. Elle ne n\u00e9cessite pas de machine \u00e0 souder pour \u00eatre scell\u00e9e. Elle se ferme avec la bande adh\u00e9sive.<\/p>\n<\/div>\n<\/body><\/html>","protected":false},"excerpt":{"rendered":"<p>La&nbsp;Bolsa pelable con autocierre&nbsp;est&aacute; fabricada con papel grado m&eacute;dico de 60 g\/m2 y film de pl&aacute;stico transparente tintado en color azul. Este tipo de bolsa viene impresa con indicadores qu&iacute;micos para Vapor\/OE\/Formol. No precisa m&aacute;quina selladora para el sellado. Se cierra con la cinta adhesiva.<\/p>","protected":false},"featured_media":941,"template":"","meta":{"_acf_changed":false},"product_brand":[],"product_cat":[19],"product_tag":[],"class_list":{"0":"post-946","1":"product","2":"type-product","3":"status-publish","4":"has-post-thumbnail","6":"product_cat-embalaje-sanitario","8":"first","9":"instock","10":"taxable","11":"shipping-taxable","12":"purchasable","13":"product-type-variable"},"acf":[],"yoast_head":"<!-- This site is optimized with the Yoast SEO plugin v27.3 - https:\/\/yoast.com\/product\/yoast-seo-wordpress\/ -->\n<title>Bolsa pelable con autocierre - Bolsaplast Shop<\/title>\n<meta name=\"robots\" content=\"index, follow, max-snippet:-1, max-image-preview:large, max-video-preview:-1\" \/>\n<link rel=\"canonical\" href=\"https:\/\/bolsaplastshop.com\/fr\/produit\/sac-refermable-pelable\/\" \/>\n<meta property=\"og:locale\" content=\"fr_FR\" \/>\n<meta property=\"og:type\" content=\"article\" \/>\n<meta property=\"og:title\" content=\"Bolsa pelable con autocierre - Bolsaplast Shop\" \/>\n<meta property=\"og:description\" content=\"La&nbsp;Bolsa pelable con autocierre&nbsp;est&aacute; fabricada con papel grado m&eacute;dico de 60 g\/m2 y film de pl&aacute;stico transparente tintado en color azul. Este tipo de bolsa viene impresa con indicadores qu&iacute;micos para Vapor\/OE\/Formol. No precisa m&aacute;quina selladora para el sellado. Se cierra con la cinta adhesiva.\" \/>\n<meta property=\"og:url\" content=\"https:\/\/bolsaplastshop.com\/fr\/produit\/sac-refermable-pelable\/\" \/>\n<meta property=\"og:site_name\" content=\"Bolsaplast Shop\" \/>\n<meta property=\"article:modified_time\" content=\"2026-03-31T08:04:16+00:00\" \/>\n<meta property=\"og:image\" content=\"https:\/\/bolsaplastshop.com\/wp-content\/uploads\/2026\/03\/gra_autocierre_peque.jpg\" \/>\n\t<meta property=\"og:image:width\" content=\"320\" \/>\n\t<meta property=\"og:image:height\" content=\"427\" \/>\n\t<meta property=\"og:image:type\" content=\"image\/jpeg\" \/>\n<meta name=\"twitter:card\" content=\"summary_large_image\" \/>\n<meta name=\"twitter:label1\" content=\"Dur\u00e9e de lecture estim\u00e9e\" \/>\n\t<meta name=\"twitter:data1\" content=\"1 minute\" \/>\n<script type=\"application\/ld+json\" class=\"yoast-schema-graph\">{\"@context\":\"https:\\\/\\\/schema.org\",\"@graph\":[{\"@type\":\"WebPage\",\"@id\":\"https:\\\/\\\/bolsaplastshop.com\\\/producto\\\/bolsa-pelable-con-autocierre\\\/\",\"url\":\"https:\\\/\\\/bolsaplastshop.com\\\/producto\\\/bolsa-pelable-con-autocierre\\\/\",\"name\":\"Bolsa pelable con autocierre - Bolsaplast Shop\",\"isPartOf\":{\"@id\":\"https:\\\/\\\/cyan-dinosaur-128523.hostingersite.com\\\/#website\"},\"primaryImageOfPage\":{\"@id\":\"https:\\\/\\\/bolsaplastshop.com\\\/producto\\\/bolsa-pelable-con-autocierre\\\/#primaryimage\"},\"image\":{\"@id\":\"https:\\\/\\\/bolsaplastshop.com\\\/producto\\\/bolsa-pelable-con-autocierre\\\/#primaryimage\"},\"thumbnailUrl\":\"https:\\\/\\\/bolsaplastshop.com\\\/wp-content\\\/uploads\\\/2026\\\/03\\\/gra_autocierre_peque.jpg\",\"datePublished\":\"2026-03-05T07:47:19+00:00\",\"dateModified\":\"2026-03-31T08:04:16+00:00\",\"breadcrumb\":{\"@id\":\"https:\\\/\\\/bolsaplastshop.com\\\/producto\\\/bolsa-pelable-con-autocierre\\\/#breadcrumb\"},\"inLanguage\":\"fr-FR\",\"potentialAction\":[{\"@type\":\"ReadAction\",\"target\":[\"https:\\\/\\\/bolsaplastshop.com\\\/producto\\\/bolsa-pelable-con-autocierre\\\/\"]}]},{\"@type\":\"ImageObject\",\"inLanguage\":\"fr-FR\",\"@id\":\"https:\\\/\\\/bolsaplastshop.com\\\/producto\\\/bolsa-pelable-con-autocierre\\\/#primaryimage\",\"url\":\"https:\\\/\\\/bolsaplastshop.com\\\/wp-content\\\/uploads\\\/2026\\\/03\\\/gra_autocierre_peque.jpg\",\"contentUrl\":\"https:\\\/\\\/bolsaplastshop.com\\\/wp-content\\\/uploads\\\/2026\\\/03\\\/gra_autocierre_peque.jpg\",\"width\":320,\"height\":427},{\"@type\":\"BreadcrumbList\",\"@id\":\"https:\\\/\\\/bolsaplastshop.com\\\/producto\\\/bolsa-pelable-con-autocierre\\\/#breadcrumb\",\"itemListElement\":[{\"@type\":\"ListItem\",\"position\":1,\"name\":\"Portada\",\"item\":\"https:\\\/\\\/bolsaplastshop.com\\\/\"},{\"@type\":\"ListItem\",\"position\":2,\"name\":\"Tienda\",\"item\":\"https:\\\/\\\/cyan-dinosaur-128523.hostingersite.com\\\/tienda\\\/\"},{\"@type\":\"ListItem\",\"position\":3,\"name\":\"Bolsa pelable con autocierre\"}]},{\"@type\":\"WebSite\",\"@id\":\"https:\\\/\\\/cyan-dinosaur-128523.hostingersite.com\\\/#website\",\"url\":\"https:\\\/\\\/cyan-dinosaur-128523.hostingersite.com\\\/\",\"name\":\"Bolsaplast Shop\",\"description\":\"Especializados en packaging flexible y medical packaging\",\"potentialAction\":[{\"@type\":\"SearchAction\",\"target\":{\"@type\":\"EntryPoint\",\"urlTemplate\":\"https:\\\/\\\/cyan-dinosaur-128523.hostingersite.com\\\/?s={search_term_string}\"},\"query-input\":{\"@type\":\"PropertyValueSpecification\",\"valueRequired\":true,\"valueName\":\"search_term_string\"}}],\"inLanguage\":\"fr-FR\"}]}<\/script>\n<!-- \/ Yoast SEO plugin. -->","yoast_head_json":{"title":"Pochette pelable avec fermeture automatique - Bolsaplast Shop","robots":{"index":"index","follow":"follow","max-snippet":"max-snippet:-1","max-image-preview":"max-image-preview:large","max-video-preview":"max-video-preview:-1"},"canonical":"https:\/\/bolsaplastshop.com\/fr\/produit\/sac-refermable-pelable\/","og_locale":"fr_FR","og_type":"article","og_title":"Bolsa pelable con autocierre - Bolsaplast Shop","og_description":"La&nbsp;Bolsa pelable con autocierre&nbsp;est&aacute; fabricada con papel grado m&eacute;dico de 60 g\/m2 y film de pl&aacute;stico transparente tintado en color azul. Este tipo de bolsa viene impresa con indicadores qu&iacute;micos para Vapor\/OE\/Formol. No precisa m&aacute;quina selladora para el sellado. Se cierra con la cinta adhesiva.","og_url":"https:\/\/bolsaplastshop.com\/fr\/produit\/sac-refermable-pelable\/","og_site_name":"Bolsaplast Shop","article_modified_time":"2026-03-31T08:04:16+00:00","og_image":[{"width":320,"height":427,"url":"https:\/\/bolsaplastshop.com\/wp-content\/uploads\/2026\/03\/gra_autocierre_peque.jpg","type":"image\/jpeg"}],"twitter_card":"summary_large_image","twitter_misc":{"Dur\u00e9e de lecture estim\u00e9e":"1 minute"},"schema":{"@context":"https:\/\/schema.org","@graph":[{"@type":"WebPage","@id":"https:\/\/bolsaplastshop.com\/producto\/bolsa-pelable-con-autocierre\/","url":"https:\/\/bolsaplastshop.com\/producto\/bolsa-pelable-con-autocierre\/","name":"Pochette pelable avec fermeture automatique - Bolsaplast Shop","isPartOf":{"@id":"https:\/\/cyan-dinosaur-128523.hostingersite.com\/#website"},"primaryImageOfPage":{"@id":"https:\/\/bolsaplastshop.com\/producto\/bolsa-pelable-con-autocierre\/#primaryimage"},"image":{"@id":"https:\/\/bolsaplastshop.com\/producto\/bolsa-pelable-con-autocierre\/#primaryimage"},"thumbnailUrl":"https:\/\/bolsaplastshop.com\/wp-content\/uploads\/2026\/03\/gra_autocierre_peque.jpg","datePublished":"2026-03-05T07:47:19+00:00","dateModified":"2026-03-31T08:04:16+00:00","breadcrumb":{"@id":"https:\/\/bolsaplastshop.com\/producto\/bolsa-pelable-con-autocierre\/#breadcrumb"},"inLanguage":"fr-FR","potentialAction":[{"@type":"ReadAction","target":["https:\/\/bolsaplastshop.com\/producto\/bolsa-pelable-con-autocierre\/"]}]},{"@type":"ImageObject","inLanguage":"fr-FR","@id":"https:\/\/bolsaplastshop.com\/producto\/bolsa-pelable-con-autocierre\/#primaryimage","url":"https:\/\/bolsaplastshop.com\/wp-content\/uploads\/2026\/03\/gra_autocierre_peque.jpg","contentUrl":"https:\/\/bolsaplastshop.com\/wp-content\/uploads\/2026\/03\/gra_autocierre_peque.jpg","width":320,"height":427},{"@type":"BreadcrumbList","@id":"https:\/\/bolsaplastshop.com\/producto\/bolsa-pelable-con-autocierre\/#breadcrumb","itemListElement":[{"@type":"ListItem","position":1,"name":"Portada","item":"https:\/\/bolsaplastshop.com\/"},{"@type":"ListItem","position":2,"name":"Tienda","item":"https:\/\/cyan-dinosaur-128523.hostingersite.com\/tienda\/"},{"@type":"ListItem","position":3,"name":"Bolsa pelable con autocierre"}]},{"@type":"WebSite","@id":"https:\/\/cyan-dinosaur-128523.hostingersite.com\/#website","url":"https:\/\/cyan-dinosaur-128523.hostingersite.com\/","name":"Bolsaplast Boutique","description":"Sp\u00e9cialis\u00e9 dans l'emballage flexible et l'emballage m\u00e9dical","potentialAction":[{"@type":"SearchAction","target":{"@type":"EntryPoint","urlTemplate":"https:\/\/cyan-dinosaur-128523.hostingersite.com\/?s={search_term_string}"},"query-input":{"@type":"PropertyValueSpecification","valueRequired":true,"valueName":"search_term_string"}}],"inLanguage":"fr-FR"}]}},"_links":{"self":[{"href":"https:\/\/bolsaplastshop.com\/fr\/wp-json\/wp\/v2\/product\/946","targetHints":{"allow":["GET"]}}],"collection":[{"href":"https:\/\/bolsaplastshop.com\/fr\/wp-json\/wp\/v2\/product"}],"about":[{"href":"https:\/\/bolsaplastshop.com\/fr\/wp-json\/wp\/v2\/types\/product"}],"wp:featuredmedia":[{"embeddable":true,"href":"https:\/\/bolsaplastshop.com\/fr\/wp-json\/wp\/v2\/media\/941"}],"wp:attachment":[{"href":"https:\/\/bolsaplastshop.com\/fr\/wp-json\/wp\/v2\/media?parent=946"}],"wp:term":[{"taxonomy":"product_brand","embeddable":true,"href":"https:\/\/bolsaplastshop.com\/fr\/wp-json\/wp\/v2\/product_brand?post=946"},{"taxonomy":"product_cat","embeddable":true,"href":"https:\/\/bolsaplastshop.com\/fr\/wp-json\/wp\/v2\/product_cat?post=946"},{"taxonomy":"product_tag","embeddable":true,"href":"https:\/\/bolsaplastshop.com\/fr\/wp-json\/wp\/v2\/product_tag?post=946"}],"curies":[{"name":"wp","href":"https:\/\/api.w.org\/{rel}","templated":true}]}}